{"id":5239,"date":"2025-02-22T04:47:42","date_gmt":"2025-02-22T04:47:42","guid":{"rendered":"https:\/\/www.kyorene.com\/staging\/geschichte\/"},"modified":"2025-06-24T10:36:06","modified_gmt":"2025-06-24T10:36:06","slug":"geschichte","status":"publish","type":"page","link":"https:\/\/www.kyorene.com\/staging\/de\/geschichte\/","title":{"rendered":"Geschichte"},"content":{"rendered":"\t\t<div data-elementor-type=\"wp-page\" data-elementor-id=\"5239\" class=\"elementor elementor-5239 elementor-468\" data-elementor-post-type=\"page\">\n\t\t\t\t<div class=\"elementor-element elementor-element-4b6c6cc e-flex e-con-boxed e-con e-parent\" data-id=\"4b6c6cc\" data-element_type=\"container\" data-settings=\"{&quot;background_background&quot;:&quot;classic&quot;}\">\n\t\t\t\t\t<div class=\"e-con-inner\">\n\t\t\t\t<div class=\"elementor-element elementor-element-f148109 elementor-invisible elementor-widget elementor-widget-heading\" data-id=\"f148109\" data-element_type=\"widget\" data-settings=\"{&quot;_animation&quot;:&quot;zoomIn&quot;}\" data-widget_type=\"heading.default\">\n\t\t\t\t<div class=\"elementor-widget-container\">\n\t\t\t\t\t<h1 class=\"elementor-heading-title elementor-size-default\">Firmengeschichte<\/h1>\t\t\t\t<\/div>\n\t\t\t\t<\/div>\n\t\t\t\t<div class=\"elementor-element elementor-element-753ad44 elementor-invisible elementor-widget elementor-widget-text-editor\" data-id=\"753ad44\" data-element_type=\"widget\" data-settings=\"{&quot;_animation&quot;:&quot;zoomIn&quot;}\" data-widget_type=\"text-editor.default\">\n\t\t\t\t<div class=\"elementor-widget-container\">\n\t\t\t\t\t\t\t\t\t<p><strong>QS Safety ist der weltweit gr\u00f6\u00dfte Hersteller graphenbasierter Textilien<\/strong><\/p>\t\t\t\t\t\t\t\t<\/div>\n\t\t\t\t<\/div>\n\t\t\t\t\t<\/div>\n\t\t\t\t<\/div>\n\t\t<div class=\"elementor-element elementor-element-607d485 e-flex e-con-boxed e-con e-parent\" data-id=\"607d485\" data-element_type=\"container\">\n\t\t\t\t\t<div class=\"e-con-inner\">\n\t\t<div class=\"elementor-element elementor-element-74f58be e-con-full animated-slow e-flex elementor-invisible e-con e-child\" data-id=\"74f58be\" data-element_type=\"container\" data-settings=\"{&quot;animation&quot;:&quot;fadeInLeft&quot;}\">\n\t\t\t\t<div class=\"elementor-element elementor-element-1f07406 elementor-widget elementor-widget-image\" data-id=\"1f07406\" data-element_type=\"widget\" data-widget_type=\"image.default\">\n\t\t\t\t<div class=\"elementor-widget-container\">\n\t\t\t\t\t\t\t\t\t\t\t\t\t\t\t<img fetchpriority=\"high\" decoding=\"async\" width=\"2432\" height=\"1664\" src=\"https:\/\/www.kyorene.com\/staging\/wp-content\/uploads\/2025\/06\/freepik__arms-putting-on-work-protection-gloves-in-the-midd__92180.png\" class=\"attachment-full size-full wp-image-14851\" alt=\"\" srcset=\"https:\/\/www.kyorene.com\/staging\/wp-content\/uploads\/2025\/06\/freepik__arms-putting-on-work-protection-gloves-in-the-midd__92180.png 2432w, https:\/\/www.kyorene.com\/staging\/wp-content\/uploads\/2025\/06\/freepik__arms-putting-on-work-protection-gloves-in-the-midd__92180-300x205.png 300w, https:\/\/www.kyorene.com\/staging\/wp-content\/uploads\/2025\/06\/freepik__arms-putting-on-work-protection-gloves-in-the-midd__92180-1024x701.png 1024w, https:\/\/www.kyorene.com\/staging\/wp-content\/uploads\/2025\/06\/freepik__arms-putting-on-work-protection-gloves-in-the-midd__92180-768x525.png 768w, https:\/\/www.kyorene.com\/staging\/wp-content\/uploads\/2025\/06\/freepik__arms-putting-on-work-protection-gloves-in-the-midd__92180-1536x1051.png 1536w, https:\/\/www.kyorene.com\/staging\/wp-content\/uploads\/2025\/06\/freepik__arms-putting-on-work-protection-gloves-in-the-midd__92180-2048x1401.png 2048w\" sizes=\"(max-width: 2432px) 100vw, 2432px\" \/>\t\t\t\t\t\t\t\t\t\t\t\t\t\t\t<\/div>\n\t\t\t\t<\/div>\n\t\t\t\t<\/div>\n\t\t<div class=\"elementor-element elementor-element-518c268 e-con-full animated-slow e-flex elementor-invisible e-con e-child\" data-id=\"518c268\" data-element_type=\"container\" data-settings=\"{&quot;animation&quot;:&quot;fadeInRight&quot;}\">\n\t\t\t\t<div class=\"elementor-element elementor-element-aa50ced elementor-widget elementor-widget-heading\" data-id=\"aa50ced\" data-element_type=\"widget\" data-widget_type=\"heading.default\">\n\t\t\t\t<div class=\"elementor-widget-container\">\n\t\t\t\t\t<h2 class=\"elementor-heading-title elementor-size-default\">QS Safety: Vorreiter bei Schutzhandschuhen und -\u00e4rmeln<\/h2>\t\t\t\t<\/div>\n\t\t\t\t<\/div>\n\t\t\t\t<div class=\"elementor-element elementor-element-3b3e3a0 elementor-widget elementor-widget-text-editor\" data-id=\"3b3e3a0\" data-element_type=\"widget\" data-widget_type=\"text-editor.default\">\n\t\t\t\t<div class=\"elementor-widget-container\">\n\t\t\t\t\t\t\t\t\t<p><strong>Kyorene<\/strong> ist Teil der <strong>QS Safety Group<\/strong>, die im Jahr <strong>1993<\/strong> gegr\u00fcndet wurde und weltweit eine f\u00fchrende Rolle in der <strong>Entwicklung<\/strong>, dem <strong>Design<\/strong> und der <strong>Herstellung<\/strong> von innovativen, hochwertigen <strong>Schutzhandschuhen<\/strong> spielt.<\/p><p><strong>QS Safety<\/strong> ist der gr\u00f6\u00dfte Produzent von <strong>textilen Garnen auf Graphenbasis<\/strong> weltweit, und <strong>Kyorene<\/strong> repr\u00e4sentiert diese bahnbrechende <strong>Graphentechnologie<\/strong>.<\/p><p>Dank eines <strong>vertikal integrierten Fertigungsprozesses<\/strong> stellt <strong>QS Safety<\/strong> sicher, dass die Produktion vollst\u00e4ndig kontrolliert wird, was eine konstante und \u00fcberragende Qualit\u00e4t sowie herausragende Leistung gew\u00e4hrleistet. Das Unternehmen legt gro\u00dfen Wert auf <strong>Umweltverantwortung<\/strong> und <strong>Nachhaltigkeit<\/strong>.<\/p><p>Mit einem hochmodernen <strong>Produktionscampus<\/strong> auf einer Fl\u00e4che von \u00fcber <strong>153.000 Quadratmetern<\/strong> hat das Mutterunternehmen von <strong>Kyorene<\/strong> die Kapazit\u00e4t, den weltweiten Bedarf zu decken. Die Fabriken sind nach folgenden Normen zertifiziert:<\/p><p>\u2022 <strong>ISO 9001:2000<\/strong> \u2013 Qualit\u00e4tsmanagementsystem<br \/>\u2022 <strong>ISO 14001<\/strong> \u2013 Umweltmanagementsystem<br \/>\u2022 <strong>ISO 45001<\/strong> \u2013 Arbeitsschutz- und Sicherheitsmanagementsystem<\/p><p>Durch die Kombination von <strong>Innovation<\/strong>, <strong>Nachhaltigkeit<\/strong> und <strong>Qualit\u00e4t<\/strong> setzen <strong>Kyorene<\/strong> und <strong>QS Safety<\/strong> weiterhin Ma\u00dfst\u00e4be im Bereich der fortschrittlichen Schutzl\u00f6sungen weltweit.<\/p>\t\t\t\t\t\t\t\t<\/div>\n\t\t\t\t<\/div>\n\t\t\t\t<\/div>\n\t\t\t\t\t<\/div>\n\t\t\t\t<\/div>\n\t\t<div class=\"elementor-element elementor-element-11d6ce0 e-flex e-con-boxed e-con e-parent\" data-id=\"11d6ce0\" data-element_type=\"container\">\n\t\t\t\t\t<div class=\"e-con-inner\">\n\t\t\t\t<div class=\"elementor-element elementor-element-343b07c elementor-widget__width-initial elementor-widget elementor-widget-video\" data-id=\"343b07c\" data-element_type=\"widget\" data-settings=\"{&quot;youtube_url&quot;:&quot;https:\\\/\\\/youtu.be\\\/BLfc3-df2Qs?si=uoRyEx_duKG9UQAY&quot;,&quot;video_type&quot;:&quot;youtube&quot;,&quot;controls&quot;:&quot;yes&quot;}\" data-widget_type=\"video.default\">\n\t\t\t\t<div class=\"elementor-widget-container\">\n\t\t\t\t\t\t\t<div class=\"elementor-wrapper elementor-open-inline\">\n\t\t\t<div class=\"elementor-video\"><\/div>\t\t<\/div>\n\t\t\t\t\t\t<\/div>\n\t\t\t\t<\/div>\n\t\t\t\t\t<\/div>\n\t\t\t\t<\/div>\n\t\t\t\t<\/div>\n\t\t","protected":false},"excerpt":{"rendered":"<p>Firmengeschichte QS Safety ist der weltweit gr\u00f6\u00dfte Hersteller graphenbasierter Textilien QS Safety: Vorreiter bei Schutzhandschuhen und -\u00e4rmeln Kyorene ist Teil der QS Safety Group, die im Jahr 1993 gegr\u00fcndet wurde und weltweit eine f\u00fchrende Rolle in der Entwicklung, dem Design und der Herstellung von innovativen, hochwertigen Schutzhandschuhen spielt. QS Safety ist der gr\u00f6\u00dfte Produzent von [&hellip;]<\/p>\n","protected":false},"author":2,"featured_media":0,"parent":0,"menu_order":0,"comment_status":"closed","ping_status":"closed","template":"elementor_header_footer","meta":{"footnotes":""},"class_list":["post-5239","page","type-page","status-publish","hentry"],"yoast_head":"<!-- This site is optimized with the Yoast SEO plugin v26.9 - https:\/\/yoast.com\/product\/yoast-seo-wordpress\/ -->\n<title>Geschichte - Kyorene<\/title>\n<meta name=\"robots\" content=\"index, follow, max-snippet:-1, max-image-preview:large, max-video-preview:-1\" \/>\n<link rel=\"canonical\" href=\"https:\/\/www.kyorene.com\/staging\/de\/geschichte\/\" \/>\n<meta property=\"og:locale\" content=\"de_DE\" \/>\n<meta property=\"og:type\" content=\"article\" \/>\n<meta property=\"og:title\" content=\"Geschichte - Kyorene\" \/>\n<meta property=\"og:description\" content=\"Firmengeschichte QS Safety ist der weltweit gr\u00f6\u00dfte Hersteller graphenbasierter Textilien QS Safety: Vorreiter bei Schutzhandschuhen und -\u00e4rmeln Kyorene ist Teil der QS Safety Group, die im Jahr 1993 gegr\u00fcndet wurde und weltweit eine f\u00fchrende Rolle in der Entwicklung, dem Design und der Herstellung von innovativen, hochwertigen Schutzhandschuhen spielt. QS Safety ist der gr\u00f6\u00dfte Produzent von [&hellip;]\" \/>\n<meta property=\"og:url\" content=\"https:\/\/www.kyorene.com\/staging\/de\/geschichte\/\" \/>\n<meta property=\"og:site_name\" content=\"Kyorene\" \/>\n<meta property=\"article:modified_time\" content=\"2025-06-24T10:36:06+00:00\" \/>\n<meta property=\"og:image\" content=\"https:\/\/www.kyorene.com\/staging\/wp-content\/uploads\/2025\/06\/freepik__arms-putting-on-work-protection-gloves-in-the-midd__92180-1024x701.png\" \/>\n\t<meta property=\"og:image:width\" content=\"1024\" \/>\n\t<meta property=\"og:image:height\" content=\"701\" \/>\n\t<meta property=\"og:image:type\" content=\"image\/png\" \/>\n<meta name=\"twitter:card\" content=\"summary_large_image\" \/>\n<meta name=\"twitter:label1\" content=\"Gesch\u00e4tzte Lesezeit\" \/>\n\t<meta name=\"twitter:data1\" content=\"1\u00a0Minute\" \/>\n<script type=\"application\/ld+json\" class=\"yoast-schema-graph\">{\"@context\":\"https:\/\/schema.org\",\"@graph\":[{\"@type\":\"WebPage\",\"@id\":\"https:\/\/www.kyorene.com\/staging\/de\/geschichte\/\",\"url\":\"https:\/\/www.kyorene.com\/staging\/de\/geschichte\/\",\"name\":\"Geschichte - Kyorene\",\"isPartOf\":{\"@id\":\"https:\/\/www.kyorene.com\/staging\/#website\"},\"primaryImageOfPage\":{\"@id\":\"https:\/\/www.kyorene.com\/staging\/de\/geschichte\/#primaryimage\"},\"image\":{\"@id\":\"https:\/\/www.kyorene.com\/staging\/de\/geschichte\/#primaryimage\"},\"thumbnailUrl\":\"https:\/\/www.kyorene.com\/staging\/wp-content\/uploads\/2025\/06\/freepik__arms-putting-on-work-protection-gloves-in-the-midd__92180.png\",\"datePublished\":\"2025-02-22T04:47:42+00:00\",\"dateModified\":\"2025-06-24T10:36:06+00:00\",\"breadcrumb\":{\"@id\":\"https:\/\/www.kyorene.com\/staging\/de\/geschichte\/#breadcrumb\"},\"inLanguage\":\"de\",\"potentialAction\":[{\"@type\":\"ReadAction\",\"target\":[\"https:\/\/www.kyorene.com\/staging\/de\/geschichte\/\"]}]},{\"@type\":\"ImageObject\",\"inLanguage\":\"de\",\"@id\":\"https:\/\/www.kyorene.com\/staging\/de\/geschichte\/#primaryimage\",\"url\":\"https:\/\/www.kyorene.com\/staging\/wp-content\/uploads\/2025\/06\/freepik__arms-putting-on-work-protection-gloves-in-the-midd__92180.png\",\"contentUrl\":\"https:\/\/www.kyorene.com\/staging\/wp-content\/uploads\/2025\/06\/freepik__arms-putting-on-work-protection-gloves-in-the-midd__92180.png\"},{\"@type\":\"BreadcrumbList\",\"@id\":\"https:\/\/www.kyorene.com\/staging\/de\/geschichte\/#breadcrumb\",\"itemListElement\":[{\"@type\":\"ListItem\",\"position\":1,\"name\":\"Home\",\"item\":\"https:\/\/www.kyorene.com\/staging\/de\/\"},{\"@type\":\"ListItem\",\"position\":2,\"name\":\"Geschichte\"}]},{\"@type\":\"WebSite\",\"@id\":\"https:\/\/www.kyorene.com\/staging\/#website\",\"url\":\"https:\/\/www.kyorene.com\/staging\/\",\"name\":\"Kyorene\",\"description\":\"\",\"publisher\":{\"@id\":\"https:\/\/www.kyorene.com\/staging\/#organization\"},\"potentialAction\":[{\"@type\":\"SearchAction\",\"target\":{\"@type\":\"EntryPoint\",\"urlTemplate\":\"https:\/\/www.kyorene.com\/staging\/?s={search_term_string}\"},\"query-input\":{\"@type\":\"PropertyValueSpecification\",\"valueRequired\":true,\"valueName\":\"search_term_string\"}}],\"inLanguage\":\"de\"},{\"@type\":\"Organization\",\"@id\":\"https:\/\/www.kyorene.com\/staging\/#organization\",\"name\":\"Kyorene\",\"url\":\"https:\/\/www.kyorene.com\/staging\/\",\"logo\":{\"@type\":\"ImageObject\",\"inLanguage\":\"de\",\"@id\":\"https:\/\/www.kyorene.com\/staging\/#\/schema\/logo\/image\/\",\"url\":\"https:\/\/www.kyorene.com\/staging\/wp-content\/uploads\/2025\/02\/Kyorene-Europe-Logo-White.png\",\"contentUrl\":\"https:\/\/www.kyorene.com\/staging\/wp-content\/uploads\/2025\/02\/Kyorene-Europe-Logo-White.png\",\"width\":500,\"height\":179,\"caption\":\"Kyorene\"},\"image\":{\"@id\":\"https:\/\/www.kyorene.com\/staging\/#\/schema\/logo\/image\/\"}}]}<\/script>\n<!-- \/ Yoast SEO plugin. -->","yoast_head_json":{"title":"Geschichte - Kyorene","robots":{"index":"index","follow":"follow","max-snippet":"max-snippet:-1","max-image-preview":"max-image-preview:large","max-video-preview":"max-video-preview:-1"},"canonical":"https:\/\/www.kyorene.com\/staging\/de\/geschichte\/","og_locale":"de_DE","og_type":"article","og_title":"Geschichte - Kyorene","og_description":"Firmengeschichte QS Safety ist der weltweit gr\u00f6\u00dfte Hersteller graphenbasierter Textilien QS Safety: Vorreiter bei Schutzhandschuhen und -\u00e4rmeln Kyorene ist Teil der QS Safety Group, die im Jahr 1993 gegr\u00fcndet wurde und weltweit eine f\u00fchrende Rolle in der Entwicklung, dem Design und der Herstellung von innovativen, hochwertigen Schutzhandschuhen spielt. QS Safety ist der gr\u00f6\u00dfte Produzent von [&hellip;]","og_url":"https:\/\/www.kyorene.com\/staging\/de\/geschichte\/","og_site_name":"Kyorene","article_modified_time":"2025-06-24T10:36:06+00:00","og_image":[{"width":1024,"height":701,"url":"https:\/\/www.kyorene.com\/staging\/wp-content\/uploads\/2025\/06\/freepik__arms-putting-on-work-protection-gloves-in-the-midd__92180-1024x701.png","type":"image\/png"}],"twitter_card":"summary_large_image","twitter_misc":{"Gesch\u00e4tzte Lesezeit":"1\u00a0Minute"},"schema":{"@context":"https:\/\/schema.org","@graph":[{"@type":"WebPage","@id":"https:\/\/www.kyorene.com\/staging\/de\/geschichte\/","url":"https:\/\/www.kyorene.com\/staging\/de\/geschichte\/","name":"Geschichte - Kyorene","isPartOf":{"@id":"https:\/\/www.kyorene.com\/staging\/#website"},"primaryImageOfPage":{"@id":"https:\/\/www.kyorene.com\/staging\/de\/geschichte\/#primaryimage"},"image":{"@id":"https:\/\/www.kyorene.com\/staging\/de\/geschichte\/#primaryimage"},"thumbnailUrl":"https:\/\/www.kyorene.com\/staging\/wp-content\/uploads\/2025\/06\/freepik__arms-putting-on-work-protection-gloves-in-the-midd__92180.png","datePublished":"2025-02-22T04:47:42+00:00","dateModified":"2025-06-24T10:36:06+00:00","breadcrumb":{"@id":"https:\/\/www.kyorene.com\/staging\/de\/geschichte\/#breadcrumb"},"inLanguage":"de","potentialAction":[{"@type":"ReadAction","target":["https:\/\/www.kyorene.com\/staging\/de\/geschichte\/"]}]},{"@type":"ImageObject","inLanguage":"de","@id":"https:\/\/www.kyorene.com\/staging\/de\/geschichte\/#primaryimage","url":"https:\/\/www.kyorene.com\/staging\/wp-content\/uploads\/2025\/06\/freepik__arms-putting-on-work-protection-gloves-in-the-midd__92180.png","contentUrl":"https:\/\/www.kyorene.com\/staging\/wp-content\/uploads\/2025\/06\/freepik__arms-putting-on-work-protection-gloves-in-the-midd__92180.png"},{"@type":"BreadcrumbList","@id":"https:\/\/www.kyorene.com\/staging\/de\/geschichte\/#breadcrumb","itemListElement":[{"@type":"ListItem","position":1,"name":"Home","item":"https:\/\/www.kyorene.com\/staging\/de\/"},{"@type":"ListItem","position":2,"name":"Geschichte"}]},{"@type":"WebSite","@id":"https:\/\/www.kyorene.com\/staging\/#website","url":"https:\/\/www.kyorene.com\/staging\/","name":"Kyorene","description":"","publisher":{"@id":"https:\/\/www.kyorene.com\/staging\/#organization"},"potentialAction":[{"@type":"SearchAction","target":{"@type":"EntryPoint","urlTemplate":"https:\/\/www.kyorene.com\/staging\/?s={search_term_string}"},"query-input":{"@type":"PropertyValueSpecification","valueRequired":true,"valueName":"search_term_string"}}],"inLanguage":"de"},{"@type":"Organization","@id":"https:\/\/www.kyorene.com\/staging\/#organization","name":"Kyorene","url":"https:\/\/www.kyorene.com\/staging\/","logo":{"@type":"ImageObject","inLanguage":"de","@id":"https:\/\/www.kyorene.com\/staging\/#\/schema\/logo\/image\/","url":"https:\/\/www.kyorene.com\/staging\/wp-content\/uploads\/2025\/02\/Kyorene-Europe-Logo-White.png","contentUrl":"https:\/\/www.kyorene.com\/staging\/wp-content\/uploads\/2025\/02\/Kyorene-Europe-Logo-White.png","width":500,"height":179,"caption":"Kyorene"},"image":{"@id":"https:\/\/www.kyorene.com\/staging\/#\/schema\/logo\/image\/"}}]}},"_links":{"self":[{"href":"https:\/\/www.kyorene.com\/staging\/de\/wp-json\/wp\/v2\/pages\/5239","targetHints":{"allow":["GET"]}}],"collection":[{"href":"https:\/\/www.kyorene.com\/staging\/de\/wp-json\/wp\/v2\/pages"}],"about":[{"href":"https:\/\/www.kyorene.com\/staging\/de\/wp-json\/wp\/v2\/types\/page"}],"author":[{"embeddable":true,"href":"https:\/\/www.kyorene.com\/staging\/de\/wp-json\/wp\/v2\/users\/2"}],"replies":[{"embeddable":true,"href":"https:\/\/www.kyorene.com\/staging\/de\/wp-json\/wp\/v2\/comments?post=5239"}],"version-history":[{"count":25,"href":"https:\/\/www.kyorene.com\/staging\/de\/wp-json\/wp\/v2\/pages\/5239\/revisions"}],"predecessor-version":[{"id":14863,"href":"https:\/\/www.kyorene.com\/staging\/de\/wp-json\/wp\/v2\/pages\/5239\/revisions\/14863"}],"wp:attachment":[{"href":"https:\/\/www.kyorene.com\/staging\/de\/wp-json\/wp\/v2\/media?parent=5239"}],"curies":[{"name":"wp","href":"https:\/\/api.w.org\/{rel}","templated":true}]}}