{"id":5380,"date":"2025-02-19T10:31:08","date_gmt":"2025-02-19T10:31:08","guid":{"rendered":"https:\/\/www.kyorene.com\/staging\/wer-wir-sind\/"},"modified":"2025-06-03T21:52:22","modified_gmt":"2025-06-03T21:52:22","slug":"wer-wir-sind","status":"publish","type":"page","link":"https:\/\/www.kyorene.com\/staging\/de\/wer-wir-sind\/","title":{"rendered":"Wer wir sind"},"content":{"rendered":"\t\t<div data-elementor-type=\"wp-page\" data-elementor-id=\"5380\" class=\"elementor elementor-5380 elementor-47\" data-elementor-post-type=\"page\">\n\t\t\t\t<div class=\"elementor-element elementor-element-2e26683 e-flex e-con-boxed e-con e-parent\" data-id=\"2e26683\" data-element_type=\"container\" data-settings=\"{&quot;background_background&quot;:&quot;classic&quot;}\">\n\t\t\t\t\t<div class=\"e-con-inner\">\n\t\t\t\t<div class=\"elementor-element elementor-element-281e73f elementor-invisible elementor-widget elementor-widget-heading\" data-id=\"281e73f\" data-element_type=\"widget\" data-settings=\"{&quot;_animation&quot;:&quot;zoomIn&quot;}\" data-widget_type=\"heading.default\">\n\t\t\t\t<div class=\"elementor-widget-container\">\n\t\t\t\t\t<h1 class=\"elementor-heading-title elementor-size-default\">Wer wir sind<\/h1>\t\t\t\t<\/div>\n\t\t\t\t<\/div>\n\t\t\t\t\t<\/div>\n\t\t\t\t<\/div>\n\t\t<div class=\"elementor-element elementor-element-8d684e5 e-flex e-con-boxed e-con e-parent\" data-id=\"8d684e5\" data-element_type=\"container\">\n\t\t\t\t\t<div class=\"e-con-inner\">\n\t\t<div class=\"elementor-element elementor-element-3b23aac e-con-full e-flex elementor-invisible e-con e-child\" data-id=\"3b23aac\" data-element_type=\"container\" data-settings=\"{&quot;animation&quot;:&quot;fadeInLeft&quot;}\">\n\t\t<div class=\"elementor-element elementor-element-148945d e-con-full e-flex e-con e-child\" data-id=\"148945d\" data-element_type=\"container\" data-settings=\"{&quot;background_background&quot;:&quot;classic&quot;}\">\n\t\t\t\t<div class=\"elementor-element elementor-element-5db5c78 elementor-widget elementor-widget-heading\" data-id=\"5db5c78\" data-element_type=\"widget\" data-widget_type=\"heading.default\">\n\t\t\t\t<div class=\"elementor-widget-container\">\n\t\t\t\t\t<h2 class=\"elementor-heading-title elementor-size-default\">Kyorene.\nEine erstaunliche Geschichte<\/h2>\t\t\t\t<\/div>\n\t\t\t\t<\/div>\n\t\t\t\t<div class=\"elementor-element elementor-element-2a5d6da elementor-widget elementor-widget-text-editor\" data-id=\"2a5d6da\" data-element_type=\"widget\" data-widget_type=\"text-editor.default\">\n\t\t\t\t<div class=\"elementor-widget-container\">\n\t\t\t\t\t\t\t\t\t<p>Kyorene ist ein Pionier in der Graphentechnologie und verwandelt sie in ein vielseitiges und umweltfreundliches Material, das haupts\u00e4chlich in der Sicherheitsbranche, insbesondere bei der Herstellung von Hochleistungs-Arbeitshandschuhen eingesetzt wird.<\/p>\t\t\t\t\t\t\t\t<\/div>\n\t\t\t\t<\/div>\n\t\t\t\t<div class=\"elementor-element elementor-element-66f1f72 elementor-widget elementor-widget-button\" data-id=\"66f1f72\" data-element_type=\"widget\" data-widget_type=\"button.default\">\n\t\t\t\t<div class=\"elementor-widget-container\">\n\t\t\t\t\t\t\t\t\t<div class=\"elementor-button-wrapper\">\n\t\t\t\t\t<a class=\"elementor-button elementor-button-link elementor-size-sm\" href=\"https:\/\/www.kyorene.com\/staging\/products\/\">\n\t\t\t\t\t\t<span class=\"elementor-button-content-wrapper\">\n\t\t\t\t\t\t\t\t\t<span class=\"elementor-button-text\">Entdecken Sie unsere Arbeitsschutzhandschuhe<\/span>\n\t\t\t\t\t<\/span>\n\t\t\t\t\t<\/a>\n\t\t\t\t<\/div>\n\t\t\t\t\t\t\t\t<\/div>\n\t\t\t\t<\/div>\n\t\t\t\t<\/div>\n\t\t\t\t<\/div>\n\t\t<div class=\"elementor-element elementor-element-3e3c431 e-con-full e-flex elementor-invisible e-con e-child\" data-id=\"3e3c431\" data-element_type=\"container\" data-settings=\"{&quot;animation&quot;:&quot;fadeInRight&quot;}\">\n\t\t\t\t<div class=\"elementor-element elementor-element-f32c343 elementor-widget elementor-widget-image\" data-id=\"f32c343\" data-element_type=\"widget\" data-widget_type=\"image.default\">\n\t\t\t\t<div class=\"elementor-widget-container\">\n\t\t\t\t\t\t\t\t\t\t\t\t\t\t\t<img fetchpriority=\"high\" decoding=\"async\" width=\"1060\" height=\"720\" src=\"https:\/\/www.kyorene.com\/staging\/wp-content\/uploads\/2025\/02\/banner-who-we-are-tessuto.jpg\" class=\"attachment-full size-full wp-image-3229\" alt=\"\" srcset=\"https:\/\/www.kyorene.com\/staging\/wp-content\/uploads\/2025\/02\/banner-who-we-are-tessuto.jpg 1060w, https:\/\/www.kyorene.com\/staging\/wp-content\/uploads\/2025\/02\/banner-who-we-are-tessuto-300x204.jpg 300w, https:\/\/www.kyorene.com\/staging\/wp-content\/uploads\/2025\/02\/banner-who-we-are-tessuto-1024x696.jpg 1024w, https:\/\/www.kyorene.com\/staging\/wp-content\/uploads\/2025\/02\/banner-who-we-are-tessuto-768x522.jpg 768w\" sizes=\"(max-width: 1060px) 100vw, 1060px\" \/>\t\t\t\t\t\t\t\t\t\t\t\t\t\t\t<\/div>\n\t\t\t\t<\/div>\n\t\t\t\t<\/div>\n\t\t\t\t\t<\/div>\n\t\t\t\t<\/div>\n\t\t<div class=\"elementor-element elementor-element-45288a4 e-flex e-con-boxed e-con e-parent\" data-id=\"45288a4\" data-element_type=\"container\" data-settings=\"{&quot;background_background&quot;:&quot;classic&quot;}\">\n\t\t\t\t\t<div class=\"e-con-inner\">\n\t\t<div class=\"elementor-element elementor-element-22a0f2e e-con-full e-flex elementor-invisible e-con e-child\" data-id=\"22a0f2e\" data-element_type=\"container\" data-settings=\"{&quot;animation&quot;:&quot;fadeInRight&quot;}\">\n\t\t<div class=\"elementor-element elementor-element-d438796 e-con-full e-flex e-con e-child\" data-id=\"d438796\" data-element_type=\"container\" data-settings=\"{&quot;background_background&quot;:&quot;classic&quot;}\">\n\t\t\t\t<div class=\"elementor-element elementor-element-3fb9c20 elementor-widget elementor-widget-text-editor\" data-id=\"3fb9c20\" data-element_type=\"widget\" data-widget_type=\"text-editor.default\">\n\t\t\t\t<div class=\"elementor-widget-container\">\n\t\t\t\t\t\t\t\t\t<p>Mit unserem patentierten Graphenfasergarn haben wir eine Reihe von schnittfesten Arbeitshandschuhen entwickelt, die au\u00dfergew\u00f6hnlichen Schutz, \u00fcberlegene Schnitt- und Abriebfestigkeit (EN388 zertifiziert), Haltbarkeit und Funktionalit\u00e4t bieten. Die Handschuhe sind ideal f\u00fcr Fachleute im Fertigungssektor sowie f\u00fcr Miarbeiter, die t\u00e4glich auf zuverl\u00e4ssigen Schutz, Sicherheit und Pr\u00e4zision angewiesen sind.<\/p>\t\t\t\t\t\t\t\t<\/div>\n\t\t\t\t<\/div>\n\t\t\t\t<div class=\"elementor-element elementor-element-09718bb elementor-widget elementor-widget-button\" data-id=\"09718bb\" data-element_type=\"widget\" data-widget_type=\"button.default\">\n\t\t\t\t<div class=\"elementor-widget-container\">\n\t\t\t\t\t\t\t\t\t<div class=\"elementor-button-wrapper\">\n\t\t\t\t\t<a class=\"elementor-button elementor-button-link elementor-size-sm\" href=\"https:\/\/www.kyorene.com\/staging\/standards\/\">\n\t\t\t\t\t\t<span class=\"elementor-button-content-wrapper\">\n\t\t\t\t\t\t\t\t\t<span class=\"elementor-button-text\">Entdecken Sie unsere Sicherheitsarbeitshandschuhe<\/span>\n\t\t\t\t\t<\/span>\n\t\t\t\t\t<\/a>\n\t\t\t\t<\/div>\n\t\t\t\t\t\t\t\t<\/div>\n\t\t\t\t<\/div>\n\t\t\t\t<\/div>\n\t\t\t\t<\/div>\n\t\t<div class=\"elementor-element elementor-element-ecb193b e-con-full e-flex elementor-invisible e-con e-child\" data-id=\"ecb193b\" data-element_type=\"container\" data-settings=\"{&quot;animation&quot;:&quot;fadeInLeft&quot;}\">\n\t\t\t\t<div class=\"elementor-element elementor-element-66ad270 elementor-widget elementor-widget-image\" data-id=\"66ad270\" data-element_type=\"widget\" data-widget_type=\"image.default\">\n\t\t\t\t<div class=\"elementor-widget-container\">\n\t\t\t\t\t\t\t\t\t\t\t\t\t\t\t<img decoding=\"async\" width=\"1060\" height=\"720\" src=\"https:\/\/www.kyorene.com\/staging\/wp-content\/uploads\/2025\/02\/banner-who-we-are-guanti.jpg\" class=\"attachment-full size-full wp-image-3223\" alt=\"\" srcset=\"https:\/\/www.kyorene.com\/staging\/wp-content\/uploads\/2025\/02\/banner-who-we-are-guanti.jpg 1060w, https:\/\/www.kyorene.com\/staging\/wp-content\/uploads\/2025\/02\/banner-who-we-are-guanti-300x204.jpg 300w, https:\/\/www.kyorene.com\/staging\/wp-content\/uploads\/2025\/02\/banner-who-we-are-guanti-1024x696.jpg 1024w, https:\/\/www.kyorene.com\/staging\/wp-content\/uploads\/2025\/02\/banner-who-we-are-guanti-768x522.jpg 768w\" sizes=\"(max-width: 1060px) 100vw, 1060px\" \/>\t\t\t\t\t\t\t\t\t\t\t\t\t\t\t<\/div>\n\t\t\t\t<\/div>\n\t\t\t\t<\/div>\n\t\t\t\t\t<\/div>\n\t\t\t\t<\/div>\n\t\t<div class=\"elementor-element elementor-element-c37df13 e-flex e-con-boxed e-con e-parent\" data-id=\"c37df13\" data-element_type=\"container\">\n\t\t\t\t\t<div class=\"e-con-inner\">\n\t\t<div class=\"elementor-element elementor-element-0258d73 e-con-full e-flex elementor-invisible e-con e-child\" data-id=\"0258d73\" data-element_type=\"container\" data-settings=\"{&quot;animation&quot;:&quot;fadeInLeft&quot;}\">\n\t\t<div class=\"elementor-element elementor-element-c308dc0 e-con-full e-flex e-con e-child\" data-id=\"c308dc0\" data-element_type=\"container\" data-settings=\"{&quot;background_background&quot;:&quot;classic&quot;}\">\n\t\t\t\t<div class=\"elementor-element elementor-element-46de882 elementor-widget elementor-widget-text-editor\" data-id=\"46de882\" data-element_type=\"widget\" data-widget_type=\"text-editor.default\">\n\t\t\t\t<div class=\"elementor-widget-container\">\n\t\t\t\t\t\t\t\t\t<p>Kyorene-Graphenhandschuhe bewahren die nat\u00fcrlichen Eigenschaften von Graphen, einschlie\u00dflich bakterienhemmender Wirkung, Geruchsneutralit\u00e4t, thermoregulierender Funktion und UV-Schutz, und sorgen so f\u00fcr ein sichereres und komfortableres Arbeitsumfeld f\u00fcr diejenigen, die t\u00e4glich auf ihre H\u00e4nde angewiesen sind.<\/p>\t\t\t\t\t\t\t\t<\/div>\n\t\t\t\t<\/div>\n\t\t\t\t<div class=\"elementor-element elementor-element-41ec572 elementor-widget elementor-widget-button\" data-id=\"41ec572\" data-element_type=\"widget\" data-widget_type=\"button.default\">\n\t\t\t\t<div class=\"elementor-widget-container\">\n\t\t\t\t\t\t\t\t\t<div class=\"elementor-button-wrapper\">\n\t\t\t\t\t<a class=\"elementor-button elementor-button-link elementor-size-sm\" href=\"https:\/\/www.kyorene.com\/staging\/patents-and-certifications\/\">\n\t\t\t\t\t\t<span class=\"elementor-button-content-wrapper\">\n\t\t\t\t\t\t\t\t\t<span class=\"elementor-button-text\">Erfahren Sie mehr \u00fcber die Eigenschaften unserer Arbeitshandschuhe<\/span>\n\t\t\t\t\t<\/span>\n\t\t\t\t\t<\/a>\n\t\t\t\t<\/div>\n\t\t\t\t\t\t\t\t<\/div>\n\t\t\t\t<\/div>\n\t\t\t\t<\/div>\n\t\t\t\t<\/div>\n\t\t<div class=\"elementor-element elementor-element-5643fca e-con-full e-flex elementor-invisible e-con e-child\" data-id=\"5643fca\" data-element_type=\"container\" data-settings=\"{&quot;animation&quot;:&quot;fadeInRight&quot;}\">\n\t\t\t\t<div class=\"elementor-element elementor-element-59d4129 elementor-widget elementor-widget-image\" data-id=\"59d4129\" data-element_type=\"widget\" data-widget_type=\"image.default\">\n\t\t\t\t<div class=\"elementor-widget-container\">\n\t\t\t\t\t\t\t\t\t\t\t\t\t\t\t<img decoding=\"async\" width=\"1060\" height=\"720\" src=\"https:\/\/www.kyorene.com\/staging\/wp-content\/uploads\/2025\/02\/infografica-banner-who-we-are-1.jpg\" class=\"attachment-full size-full wp-image-3217\" alt=\"\" srcset=\"https:\/\/www.kyorene.com\/staging\/wp-content\/uploads\/2025\/02\/infografica-banner-who-we-are-1.jpg 1060w, https:\/\/www.kyorene.com\/staging\/wp-content\/uploads\/2025\/02\/infografica-banner-who-we-are-1-300x204.jpg 300w, https:\/\/www.kyorene.com\/staging\/wp-content\/uploads\/2025\/02\/infografica-banner-who-we-are-1-1024x696.jpg 1024w, https:\/\/www.kyorene.com\/staging\/wp-content\/uploads\/2025\/02\/infografica-banner-who-we-are-1-768x522.jpg 768w\" sizes=\"(max-width: 1060px) 100vw, 1060px\" \/>\t\t\t\t\t\t\t\t\t\t\t\t\t\t\t<\/div>\n\t\t\t\t<\/div>\n\t\t\t\t<\/div>\n\t\t\t\t\t<\/div>\n\t\t\t\t<\/div>\n\t\t<div class=\"elementor-element elementor-element-b2a142e e-flex e-con-boxed e-con e-parent\" data-id=\"b2a142e\" data-element_type=\"container\" data-settings=\"{&quot;background_background&quot;:&quot;classic&quot;}\">\n\t\t\t\t\t<div class=\"e-con-inner\">\n\t\t<div class=\"elementor-element elementor-element-4c0bbdc e-con-full e-flex elementor-invisible e-con e-child\" data-id=\"4c0bbdc\" data-element_type=\"container\" data-settings=\"{&quot;animation&quot;:&quot;fadeInRight&quot;}\">\n\t\t<div class=\"elementor-element elementor-element-5421655 e-con-full e-flex e-con e-child\" data-id=\"5421655\" data-element_type=\"container\" data-settings=\"{&quot;background_background&quot;:&quot;classic&quot;}\">\n\t\t\t\t<div class=\"elementor-element elementor-element-17d2315 elementor-widget elementor-widget-heading\" data-id=\"17d2315\" data-element_type=\"widget\" data-widget_type=\"heading.default\">\n\t\t\t\t<div class=\"elementor-widget-container\">\n\t\t\t\t\t<h2 class=\"elementor-heading-title elementor-size-default\">Unsere Mission<\/h2>\t\t\t\t<\/div>\n\t\t\t\t<\/div>\n\t\t\t\t<div class=\"elementor-element elementor-element-2c3af66 elementor-widget elementor-widget-text-editor\" data-id=\"2c3af66\" data-element_type=\"widget\" data-widget_type=\"text-editor.default\">\n\t\t\t\t<div class=\"elementor-widget-container\">\n\t\t\t\t\t\t\t\t\t<p>Bei Kyorene setzen wir uns daf\u00fcr ein, die Sicherheit am Arbeitsplatz zu transformieren, indem wir Hochleistungs-Handschuhe mit fortschrittlicher Graphentechnologie anbieten, die unvergleichlichen Schutz, sowie Schnitt- und Abriebfestigkeit und Komfort f\u00fcr Arbeiter in verschiedenen Industrien bieten.<\/p><p>Unsere Handschuhe sind speziell darauf ausgelegt, die unterschiedlichen Bed\u00fcrfnisse von Arbeitern in Branchen wie Luft- und Raumfahrt, Automobilmontage, Fertigung, Kunststoffspritzguss, Lagerung, Glasbearbeitung und bei filigranen Aufgaben zu erf\u00fcllen. Ob in leichten oder schweren Arbeitsumfeldern, Kyorene-Handschuhe garantieren optimalen Schutz und Leistung.<\/p><p>Willkommen in der Zukunft der Arbeitshandschuhe.<\/p>\t\t\t\t\t\t\t\t<\/div>\n\t\t\t\t<\/div>\n\t\t\t\t<div class=\"elementor-element elementor-element-1bccf8c elementor-widget elementor-widget-button\" data-id=\"1bccf8c\" data-element_type=\"widget\" data-widget_type=\"button.default\">\n\t\t\t\t<div class=\"elementor-widget-container\">\n\t\t\t\t\t\t\t\t\t<div class=\"elementor-button-wrapper\">\n\t\t\t\t\t<a class=\"elementor-button elementor-button-link elementor-size-sm\" href=\"https:\/\/www.kyorene.com\/staging\/standards\/\">\n\t\t\t\t\t\t<span class=\"elementor-button-content-wrapper\">\n\t\t\t\t\t\t\t\t\t<span class=\"elementor-button-text\">Entdecken Sie unsere Sicherheitsarbeitshandschuhe<\/span>\n\t\t\t\t\t<\/span>\n\t\t\t\t\t<\/a>\n\t\t\t\t<\/div>\n\t\t\t\t\t\t\t\t<\/div>\n\t\t\t\t<\/div>\n\t\t\t\t<\/div>\n\t\t\t\t<\/div>\n\t\t<div class=\"elementor-element elementor-element-dd81abd e-con-full e-flex elementor-invisible e-con e-child\" data-id=\"dd81abd\" data-element_type=\"container\" data-settings=\"{&quot;animation&quot;:&quot;fadeInLeft&quot;}\">\n\t\t\t\t<div class=\"elementor-element elementor-element-90042ca elementor-widget elementor-widget-image\" data-id=\"90042ca\" data-element_type=\"widget\" data-widget_type=\"image.default\">\n\t\t\t\t<div class=\"elementor-widget-container\">\n\t\t\t\t\t\t\t\t\t\t\t\t\t\t\t<img loading=\"lazy\" decoding=\"async\" width=\"800\" height=\"483\" src=\"https:\/\/www.kyorene.com\/staging\/wp-content\/uploads\/2025\/02\/foto-story-424-1024x618.jpg\" class=\"attachment-large size-large wp-image-3211\" alt=\"\" srcset=\"https:\/\/www.kyorene.com\/staging\/wp-content\/uploads\/2025\/02\/foto-story-424-1024x618.jpg 1024w, https:\/\/www.kyorene.com\/staging\/wp-content\/uploads\/2025\/02\/foto-story-424-300x181.jpg 300w, https:\/\/www.kyorene.com\/staging\/wp-content\/uploads\/2025\/02\/foto-story-424-768x464.jpg 768w, https:\/\/www.kyorene.com\/staging\/wp-content\/uploads\/2025\/02\/foto-story-424.jpg 1060w\" sizes=\"(max-width: 800px) 100vw, 800px\" \/>\t\t\t\t\t\t\t\t\t\t\t\t\t\t\t<\/div>\n\t\t\t\t<\/div>\n\t\t\t\t<\/div>\n\t\t\t\t\t<\/div>\n\t\t\t\t<\/div>\n\t\t\t\t<\/div>\n\t\t","protected":false},"excerpt":{"rendered":"<p>Wer wir sind Kyorene. Eine erstaunliche Geschichte Kyorene ist ein Pionier in der Graphentechnologie und verwandelt sie in ein vielseitiges und umweltfreundliches Material, das haupts\u00e4chlich in der Sicherheitsbranche, insbesondere bei der Herstellung von Hochleistungs-Arbeitshandschuhen eingesetzt wird. Entdecken Sie unsere Arbeitsschutzhandschuhe Mit unserem patentierten Graphenfasergarn haben wir eine Reihe von schnittfesten Arbeitshandschuhen entwickelt, die au\u00dfergew\u00f6hnlichen Schutz, [&hellip;]<\/p>\n","protected":false},"author":2,"featured_media":0,"parent":0,"menu_order":0,"comment_status":"closed","ping_status":"closed","template":"","meta":{"footnotes":""},"class_list":["post-5380","page","type-page","status-publish","hentry"],"yoast_head":"<!-- This site is optimized with the Yoast SEO plugin v26.9 - https:\/\/yoast.com\/product\/yoast-seo-wordpress\/ -->\n<title>Wer wir sind - Kyorene<\/title>\n<meta name=\"robots\" content=\"index, follow, max-snippet:-1, max-image-preview:large, max-video-preview:-1\" \/>\n<link rel=\"canonical\" href=\"https:\/\/www.kyorene.com\/staging\/de\/wer-wir-sind\/\" \/>\n<meta property=\"og:locale\" content=\"de_DE\" \/>\n<meta property=\"og:type\" content=\"article\" \/>\n<meta property=\"og:title\" content=\"Wer wir sind - Kyorene\" \/>\n<meta property=\"og:description\" content=\"Wer wir sind Kyorene. Eine erstaunliche Geschichte Kyorene ist ein Pionier in der Graphentechnologie und verwandelt sie in ein vielseitiges und umweltfreundliches Material, das haupts\u00e4chlich in der Sicherheitsbranche, insbesondere bei der Herstellung von Hochleistungs-Arbeitshandschuhen eingesetzt wird. Entdecken Sie unsere Arbeitsschutzhandschuhe Mit unserem patentierten Graphenfasergarn haben wir eine Reihe von schnittfesten Arbeitshandschuhen entwickelt, die au\u00dfergew\u00f6hnlichen Schutz, [&hellip;]\" \/>\n<meta property=\"og:url\" content=\"https:\/\/www.kyorene.com\/staging\/de\/wer-wir-sind\/\" \/>\n<meta property=\"og:site_name\" content=\"Kyorene\" \/>\n<meta property=\"article:modified_time\" content=\"2025-06-03T21:52:22+00:00\" \/>\n<meta property=\"og:image\" content=\"https:\/\/www.kyorene.com\/staging\/wp-content\/uploads\/2025\/02\/banner-who-we-are-tessuto.jpg\" \/>\n\t<meta property=\"og:image:width\" content=\"1060\" \/>\n\t<meta property=\"og:image:height\" content=\"720\" \/>\n\t<meta property=\"og:image:type\" content=\"image\/jpeg\" \/>\n<meta name=\"twitter:card\" content=\"summary_large_image\" \/>\n<meta name=\"twitter:label1\" content=\"Gesch\u00e4tzte Lesezeit\" \/>\n\t<meta name=\"twitter:data1\" content=\"1\u00a0Minute\" \/>\n<script type=\"application\/ld+json\" class=\"yoast-schema-graph\">{\"@context\":\"https:\/\/schema.org\",\"@graph\":[{\"@type\":\"WebPage\",\"@id\":\"https:\/\/www.kyorene.com\/staging\/de\/wer-wir-sind\/\",\"url\":\"https:\/\/www.kyorene.com\/staging\/de\/wer-wir-sind\/\",\"name\":\"Wer wir sind - Kyorene\",\"isPartOf\":{\"@id\":\"https:\/\/www.kyorene.com\/staging\/#website\"},\"primaryImageOfPage\":{\"@id\":\"https:\/\/www.kyorene.com\/staging\/de\/wer-wir-sind\/#primaryimage\"},\"image\":{\"@id\":\"https:\/\/www.kyorene.com\/staging\/de\/wer-wir-sind\/#primaryimage\"},\"thumbnailUrl\":\"https:\/\/www.kyorene.com\/staging\/wp-content\/uploads\/2025\/02\/banner-who-we-are-tessuto.jpg\",\"datePublished\":\"2025-02-19T10:31:08+00:00\",\"dateModified\":\"2025-06-03T21:52:22+00:00\",\"breadcrumb\":{\"@id\":\"https:\/\/www.kyorene.com\/staging\/de\/wer-wir-sind\/#breadcrumb\"},\"inLanguage\":\"de\",\"potentialAction\":[{\"@type\":\"ReadAction\",\"target\":[\"https:\/\/www.kyorene.com\/staging\/de\/wer-wir-sind\/\"]}]},{\"@type\":\"ImageObject\",\"inLanguage\":\"de\",\"@id\":\"https:\/\/www.kyorene.com\/staging\/de\/wer-wir-sind\/#primaryimage\",\"url\":\"https:\/\/www.kyorene.com\/staging\/wp-content\/uploads\/2025\/02\/banner-who-we-are-tessuto.jpg\",\"contentUrl\":\"https:\/\/www.kyorene.com\/staging\/wp-content\/uploads\/2025\/02\/banner-who-we-are-tessuto.jpg\"},{\"@type\":\"BreadcrumbList\",\"@id\":\"https:\/\/www.kyorene.com\/staging\/de\/wer-wir-sind\/#breadcrumb\",\"itemListElement\":[{\"@type\":\"ListItem\",\"position\":1,\"name\":\"Home\",\"item\":\"https:\/\/www.kyorene.com\/staging\/de\/\"},{\"@type\":\"ListItem\",\"position\":2,\"name\":\"Wer wir sind\"}]},{\"@type\":\"WebSite\",\"@id\":\"https:\/\/www.kyorene.com\/staging\/#website\",\"url\":\"https:\/\/www.kyorene.com\/staging\/\",\"name\":\"Kyorene\",\"description\":\"\",\"publisher\":{\"@id\":\"https:\/\/www.kyorene.com\/staging\/#organization\"},\"potentialAction\":[{\"@type\":\"SearchAction\",\"target\":{\"@type\":\"EntryPoint\",\"urlTemplate\":\"https:\/\/www.kyorene.com\/staging\/?s={search_term_string}\"},\"query-input\":{\"@type\":\"PropertyValueSpecification\",\"valueRequired\":true,\"valueName\":\"search_term_string\"}}],\"inLanguage\":\"de\"},{\"@type\":\"Organization\",\"@id\":\"https:\/\/www.kyorene.com\/staging\/#organization\",\"name\":\"Kyorene\",\"url\":\"https:\/\/www.kyorene.com\/staging\/\",\"logo\":{\"@type\":\"ImageObject\",\"inLanguage\":\"de\",\"@id\":\"https:\/\/www.kyorene.com\/staging\/#\/schema\/logo\/image\/\",\"url\":\"https:\/\/www.kyorene.com\/staging\/wp-content\/uploads\/2025\/02\/Kyorene-Europe-Logo-White.png\",\"contentUrl\":\"https:\/\/www.kyorene.com\/staging\/wp-content\/uploads\/2025\/02\/Kyorene-Europe-Logo-White.png\",\"width\":500,\"height\":179,\"caption\":\"Kyorene\"},\"image\":{\"@id\":\"https:\/\/www.kyorene.com\/staging\/#\/schema\/logo\/image\/\"}}]}<\/script>\n<!-- \/ Yoast SEO plugin. -->","yoast_head_json":{"title":"Wer wir sind - Kyorene","robots":{"index":"index","follow":"follow","max-snippet":"max-snippet:-1","max-image-preview":"max-image-preview:large","max-video-preview":"max-video-preview:-1"},"canonical":"https:\/\/www.kyorene.com\/staging\/de\/wer-wir-sind\/","og_locale":"de_DE","og_type":"article","og_title":"Wer wir sind - Kyorene","og_description":"Wer wir sind Kyorene. Eine erstaunliche Geschichte Kyorene ist ein Pionier in der Graphentechnologie und verwandelt sie in ein vielseitiges und umweltfreundliches Material, das haupts\u00e4chlich in der Sicherheitsbranche, insbesondere bei der Herstellung von Hochleistungs-Arbeitshandschuhen eingesetzt wird. Entdecken Sie unsere Arbeitsschutzhandschuhe Mit unserem patentierten Graphenfasergarn haben wir eine Reihe von schnittfesten Arbeitshandschuhen entwickelt, die au\u00dfergew\u00f6hnlichen Schutz, [&hellip;]","og_url":"https:\/\/www.kyorene.com\/staging\/de\/wer-wir-sind\/","og_site_name":"Kyorene","article_modified_time":"2025-06-03T21:52:22+00:00","og_image":[{"width":1060,"height":720,"url":"https:\/\/www.kyorene.com\/staging\/wp-content\/uploads\/2025\/02\/banner-who-we-are-tessuto.jpg","type":"image\/jpeg"}],"twitter_card":"summary_large_image","twitter_misc":{"Gesch\u00e4tzte Lesezeit":"1\u00a0Minute"},"schema":{"@context":"https:\/\/schema.org","@graph":[{"@type":"WebPage","@id":"https:\/\/www.kyorene.com\/staging\/de\/wer-wir-sind\/","url":"https:\/\/www.kyorene.com\/staging\/de\/wer-wir-sind\/","name":"Wer wir sind - Kyorene","isPartOf":{"@id":"https:\/\/www.kyorene.com\/staging\/#website"},"primaryImageOfPage":{"@id":"https:\/\/www.kyorene.com\/staging\/de\/wer-wir-sind\/#primaryimage"},"image":{"@id":"https:\/\/www.kyorene.com\/staging\/de\/wer-wir-sind\/#primaryimage"},"thumbnailUrl":"https:\/\/www.kyorene.com\/staging\/wp-content\/uploads\/2025\/02\/banner-who-we-are-tessuto.jpg","datePublished":"2025-02-19T10:31:08+00:00","dateModified":"2025-06-03T21:52:22+00:00","breadcrumb":{"@id":"https:\/\/www.kyorene.com\/staging\/de\/wer-wir-sind\/#breadcrumb"},"inLanguage":"de","potentialAction":[{"@type":"ReadAction","target":["https:\/\/www.kyorene.com\/staging\/de\/wer-wir-sind\/"]}]},{"@type":"ImageObject","inLanguage":"de","@id":"https:\/\/www.kyorene.com\/staging\/de\/wer-wir-sind\/#primaryimage","url":"https:\/\/www.kyorene.com\/staging\/wp-content\/uploads\/2025\/02\/banner-who-we-are-tessuto.jpg","contentUrl":"https:\/\/www.kyorene.com\/staging\/wp-content\/uploads\/2025\/02\/banner-who-we-are-tessuto.jpg"},{"@type":"BreadcrumbList","@id":"https:\/\/www.kyorene.com\/staging\/de\/wer-wir-sind\/#breadcrumb","itemListElement":[{"@type":"ListItem","position":1,"name":"Home","item":"https:\/\/www.kyorene.com\/staging\/de\/"},{"@type":"ListItem","position":2,"name":"Wer wir sind"}]},{"@type":"WebSite","@id":"https:\/\/www.kyorene.com\/staging\/#website","url":"https:\/\/www.kyorene.com\/staging\/","name":"Kyorene","description":"","publisher":{"@id":"https:\/\/www.kyorene.com\/staging\/#organization"},"potentialAction":[{"@type":"SearchAction","target":{"@type":"EntryPoint","urlTemplate":"https:\/\/www.kyorene.com\/staging\/?s={search_term_string}"},"query-input":{"@type":"PropertyValueSpecification","valueRequired":true,"valueName":"search_term_string"}}],"inLanguage":"de"},{"@type":"Organization","@id":"https:\/\/www.kyorene.com\/staging\/#organization","name":"Kyorene","url":"https:\/\/www.kyorene.com\/staging\/","logo":{"@type":"ImageObject","inLanguage":"de","@id":"https:\/\/www.kyorene.com\/staging\/#\/schema\/logo\/image\/","url":"https:\/\/www.kyorene.com\/staging\/wp-content\/uploads\/2025\/02\/Kyorene-Europe-Logo-White.png","contentUrl":"https:\/\/www.kyorene.com\/staging\/wp-content\/uploads\/2025\/02\/Kyorene-Europe-Logo-White.png","width":500,"height":179,"caption":"Kyorene"},"image":{"@id":"https:\/\/www.kyorene.com\/staging\/#\/schema\/logo\/image\/"}}]}},"_links":{"self":[{"href":"https:\/\/www.kyorene.com\/staging\/de\/wp-json\/wp\/v2\/pages\/5380","targetHints":{"allow":["GET"]}}],"collection":[{"href":"https:\/\/www.kyorene.com\/staging\/de\/wp-json\/wp\/v2\/pages"}],"about":[{"href":"https:\/\/www.kyorene.com\/staging\/de\/wp-json\/wp\/v2\/types\/page"}],"author":[{"embeddable":true,"href":"https:\/\/www.kyorene.com\/staging\/de\/wp-json\/wp\/v2\/users\/2"}],"replies":[{"embeddable":true,"href":"https:\/\/www.kyorene.com\/staging\/de\/wp-json\/wp\/v2\/comments?post=5380"}],"version-history":[{"count":10,"href":"https:\/\/www.kyorene.com\/staging\/de\/wp-json\/wp\/v2\/pages\/5380\/revisions"}],"predecessor-version":[{"id":14567,"href":"https:\/\/www.kyorene.com\/staging\/de\/wp-json\/wp\/v2\/pages\/5380\/revisions\/14567"}],"wp:attachment":[{"href":"https:\/\/www.kyorene.com\/staging\/de\/wp-json\/wp\/v2\/media?parent=5380"}],"curies":[{"name":"wp","href":"https:\/\/api.w.org\/{rel}","templated":true}]}}