{"id":5247,"date":"2025-02-22T04:47:42","date_gmt":"2025-02-22T04:47:42","guid":{"rendered":"https:\/\/www.kyorene.com\/staging\/historia\/"},"modified":"2025-06-24T10:38:38","modified_gmt":"2025-06-24T10:38:38","slug":"historia","status":"publish","type":"page","link":"https:\/\/www.kyorene.com\/staging\/es\/historia\/","title":{"rendered":"Historia"},"content":{"rendered":"\t\t<div data-elementor-type=\"wp-page\" data-elementor-id=\"5247\" class=\"elementor elementor-5247 elementor-468\" data-elementor-post-type=\"page\">\n\t\t\t\t<div class=\"elementor-element elementor-element-4b6c6cc e-flex e-con-boxed e-con e-parent\" data-id=\"4b6c6cc\" data-element_type=\"container\" data-settings=\"{&quot;background_background&quot;:&quot;classic&quot;}\">\n\t\t\t\t\t<div class=\"e-con-inner\">\n\t\t\t\t<div class=\"elementor-element elementor-element-f148109 elementor-invisible elementor-widget elementor-widget-heading\" data-id=\"f148109\" data-element_type=\"widget\" data-settings=\"{&quot;_animation&quot;:&quot;zoomIn&quot;}\" data-widget_type=\"heading.default\">\n\t\t\t\t<div class=\"elementor-widget-container\">\n\t\t\t\t\t<h1 class=\"elementor-heading-title elementor-size-default\">Historia de la empresa<\/h1>\t\t\t\t<\/div>\n\t\t\t\t<\/div>\n\t\t\t\t<div class=\"elementor-element elementor-element-753ad44 elementor-invisible elementor-widget elementor-widget-text-editor\" data-id=\"753ad44\" data-element_type=\"widget\" data-settings=\"{&quot;_animation&quot;:&quot;zoomIn&quot;}\" data-widget_type=\"text-editor.default\">\n\t\t\t\t<div class=\"elementor-widget-container\">\n\t\t\t\t\t\t\t\t\t<p><strong>QS Safety es el mayor productor de textiles a base de grafeno del mundo<\/strong><\/p>\t\t\t\t\t\t\t\t<\/div>\n\t\t\t\t<\/div>\n\t\t\t\t\t<\/div>\n\t\t\t\t<\/div>\n\t\t<div class=\"elementor-element elementor-element-607d485 e-flex e-con-boxed e-con e-parent\" data-id=\"607d485\" data-element_type=\"container\">\n\t\t\t\t\t<div class=\"e-con-inner\">\n\t\t<div class=\"elementor-element elementor-element-74f58be e-con-full animated-slow e-flex elementor-invisible e-con e-child\" data-id=\"74f58be\" data-element_type=\"container\" data-settings=\"{&quot;animation&quot;:&quot;fadeInLeft&quot;}\">\n\t\t\t\t<div class=\"elementor-element elementor-element-1f07406 elementor-widget elementor-widget-image\" data-id=\"1f07406\" data-element_type=\"widget\" data-widget_type=\"image.default\">\n\t\t\t\t<div class=\"elementor-widget-container\">\n\t\t\t\t\t\t\t\t\t\t\t\t\t\t\t<img fetchpriority=\"high\" decoding=\"async\" width=\"2432\" height=\"1664\" src=\"https:\/\/www.kyorene.com\/staging\/wp-content\/uploads\/2025\/06\/freepik__arms-putting-on-work-protection-gloves-in-the-midd__92180.png\" class=\"attachment-full size-full wp-image-14854\" alt=\"\" srcset=\"https:\/\/www.kyorene.com\/staging\/wp-content\/uploads\/2025\/06\/freepik__arms-putting-on-work-protection-gloves-in-the-midd__92180.png 2432w, https:\/\/www.kyorene.com\/staging\/wp-content\/uploads\/2025\/06\/freepik__arms-putting-on-work-protection-gloves-in-the-midd__92180-300x205.png 300w, https:\/\/www.kyorene.com\/staging\/wp-content\/uploads\/2025\/06\/freepik__arms-putting-on-work-protection-gloves-in-the-midd__92180-1024x701.png 1024w, https:\/\/www.kyorene.com\/staging\/wp-content\/uploads\/2025\/06\/freepik__arms-putting-on-work-protection-gloves-in-the-midd__92180-768x525.png 768w, https:\/\/www.kyorene.com\/staging\/wp-content\/uploads\/2025\/06\/freepik__arms-putting-on-work-protection-gloves-in-the-midd__92180-1536x1051.png 1536w, https:\/\/www.kyorene.com\/staging\/wp-content\/uploads\/2025\/06\/freepik__arms-putting-on-work-protection-gloves-in-the-midd__92180-2048x1401.png 2048w\" sizes=\"(max-width: 2432px) 100vw, 2432px\" \/>\t\t\t\t\t\t\t\t\t\t\t\t\t\t\t<\/div>\n\t\t\t\t<\/div>\n\t\t\t\t<\/div>\n\t\t<div class=\"elementor-element elementor-element-518c268 e-con-full animated-slow e-flex elementor-invisible e-con e-child\" data-id=\"518c268\" data-element_type=\"container\" data-settings=\"{&quot;animation&quot;:&quot;fadeInRight&quot;}\">\n\t\t\t\t<div class=\"elementor-element elementor-element-aa50ced elementor-widget elementor-widget-heading\" data-id=\"aa50ced\" data-element_type=\"widget\" data-widget_type=\"heading.default\">\n\t\t\t\t<div class=\"elementor-widget-container\">\n\t\t\t\t\t<h2 class=\"elementor-heading-title elementor-size-default\">QS Safety: L\u00edderes en guantes y mangas de protecci\u00f3n<\/h2>\t\t\t\t<\/div>\n\t\t\t\t<\/div>\n\t\t\t\t<div class=\"elementor-element elementor-element-3b3e3a0 elementor-widget elementor-widget-text-editor\" data-id=\"3b3e3a0\" data-element_type=\"widget\" data-widget_type=\"text-editor.default\">\n\t\t\t\t<div class=\"elementor-widget-container\">\n\t\t\t\t\t\t\t\t\t<strong>Kyorene<\/strong> forma parte del grupo <strong>QS Safety<\/strong>, fundado en 1993, l\u00edder global en el <strong>dise\u00f1o, desarrollo<\/strong> y <strong>fabricaci\u00f3n<\/strong> de <strong>guantes de protecci\u00f3n<\/strong> innovadores y de alta calidad.\n\nQS Safety es el mayor productor mundial de <strong>hilos textiles a base de grafeno<\/strong>, y <strong>Kyorene<\/strong> representa sus tecnolog\u00edas revolucionarias basadas en el grafeno.\n\nGracias a un proceso de producci\u00f3n <strong>verticalmente integrado<\/strong>, QS Safety garantiza un control total sobre la fabricaci\u00f3n, asegurando una calidad y un rendimiento superiores, junto con un firme compromiso con la <strong>responsabilidad medioambiental<\/strong>.\n\nCon una planta de producci\u00f3n de vanguardia de m\u00e1s de <strong>153.000 metros cuadrados<\/strong>, la empresa matriz de <strong>Kyorene<\/strong> tiene la capacidad de responder a la demanda a nivel mundial. Las f\u00e1bricas est\u00e1n certificadas seg\u00fan los siguientes est\u00e1ndares:\n\n<ul>\n  <li><strong>ISO 9001:2000<\/strong> \u2013 Sistema de gesti\u00f3n de la calidad<\/li>\n  <li><strong>ISO 14001<\/strong> \u2013 Sistema de gesti\u00f3n medioambiental<\/li>\n  <li><strong>ISO 45001<\/strong> \u2013 Sistema de gesti\u00f3n de salud y seguridad en el trabajo<\/li>\n<\/ul>\n\nCombinando <strong>innovaci\u00f3n<\/strong>, <strong>sostenibilidad<\/strong> y <strong>calidad<\/strong>, <strong>Kyorene<\/strong> y <strong>QS Safety<\/strong> siguen liderando el sector de la seguridad laboral, proporcionando soluciones de protecci\u00f3n avanzadas a nivel global.\n\t\t\t\t\t\t\t\t<\/div>\n\t\t\t\t<\/div>\n\t\t\t\t<\/div>\n\t\t\t\t\t<\/div>\n\t\t\t\t<\/div>\n\t\t<div class=\"elementor-element elementor-element-11d6ce0 e-flex e-con-boxed e-con e-parent\" data-id=\"11d6ce0\" data-element_type=\"container\">\n\t\t\t\t\t<div class=\"e-con-inner\">\n\t\t\t\t<div class=\"elementor-element elementor-element-343b07c elementor-widget__width-initial elementor-widget elementor-widget-video\" data-id=\"343b07c\" data-element_type=\"widget\" data-settings=\"{&quot;youtube_url&quot;:&quot;https:\\\/\\\/youtu.be\\\/BLfc3-df2Qs?si=uoRyEx_duKG9UQAY&quot;,&quot;video_type&quot;:&quot;youtube&quot;,&quot;controls&quot;:&quot;yes&quot;}\" data-widget_type=\"video.default\">\n\t\t\t\t<div class=\"elementor-widget-container\">\n\t\t\t\t\t\t\t<div class=\"elementor-wrapper elementor-open-inline\">\n\t\t\t<div class=\"elementor-video\"><\/div>\t\t<\/div>\n\t\t\t\t\t\t<\/div>\n\t\t\t\t<\/div>\n\t\t\t\t\t<\/div>\n\t\t\t\t<\/div>\n\t\t\t\t<\/div>\n\t\t","protected":false},"excerpt":{"rendered":"<p>Historia de la empresa QS Safety es el mayor productor de textiles a base de grafeno del mundo QS Safety: L\u00edderes en guantes y mangas de protecci\u00f3n Kyorene forma parte del grupo QS Safety, fundado en 1993, l\u00edder global en el dise\u00f1o, desarrollo y fabricaci\u00f3n de guantes de protecci\u00f3n innovadores y de alta calidad. QS [&hellip;]<\/p>\n","protected":false},"author":2,"featured_media":0,"parent":0,"menu_order":0,"comment_status":"closed","ping_status":"closed","template":"elementor_header_footer","meta":{"footnotes":""},"class_list":["post-5247","page","type-page","status-publish","hentry"],"yoast_head":"<!-- This site is optimized with the Yoast SEO plugin v26.9 - https:\/\/yoast.com\/product\/yoast-seo-wordpress\/ -->\n<title>Historia - Kyorene<\/title>\n<meta name=\"robots\" content=\"index, follow, max-snippet:-1, max-image-preview:large, max-video-preview:-1\" \/>\n<link rel=\"canonical\" href=\"https:\/\/www.kyorene.com\/staging\/es\/historia\/\" \/>\n<meta property=\"og:locale\" content=\"es_ES\" \/>\n<meta property=\"og:type\" content=\"article\" \/>\n<meta property=\"og:title\" content=\"Historia - Kyorene\" \/>\n<meta property=\"og:description\" content=\"Historia de la empresa QS Safety es el mayor productor de textiles a base de grafeno del mundo QS Safety: L\u00edderes en guantes y mangas de protecci\u00f3n Kyorene forma parte del grupo QS Safety, fundado en 1993, l\u00edder global en el dise\u00f1o, desarrollo y fabricaci\u00f3n de guantes de protecci\u00f3n innovadores y de alta calidad. QS [&hellip;]\" \/>\n<meta property=\"og:url\" content=\"https:\/\/www.kyorene.com\/staging\/es\/historia\/\" \/>\n<meta property=\"og:site_name\" content=\"Kyorene\" \/>\n<meta property=\"article:modified_time\" content=\"2025-06-24T10:38:38+00:00\" \/>\n<meta property=\"og:image\" content=\"https:\/\/www.kyorene.com\/staging\/wp-content\/uploads\/2025\/06\/freepik__arms-putting-on-work-protection-gloves-in-the-midd__92180-1024x701.png\" \/>\n\t<meta property=\"og:image:width\" content=\"1024\" \/>\n\t<meta property=\"og:image:height\" content=\"701\" \/>\n\t<meta property=\"og:image:type\" content=\"image\/png\" \/>\n<meta name=\"twitter:card\" content=\"summary_large_image\" \/>\n<meta name=\"twitter:label1\" content=\"Tiempo de lectura\" \/>\n\t<meta name=\"twitter:data1\" content=\"1 minuto\" \/>\n<script type=\"application\/ld+json\" class=\"yoast-schema-graph\">{\"@context\":\"https:\/\/schema.org\",\"@graph\":[{\"@type\":\"WebPage\",\"@id\":\"https:\/\/www.kyorene.com\/staging\/es\/historia\/\",\"url\":\"https:\/\/www.kyorene.com\/staging\/es\/historia\/\",\"name\":\"Historia - Kyorene\",\"isPartOf\":{\"@id\":\"https:\/\/www.kyorene.com\/staging\/#website\"},\"primaryImageOfPage\":{\"@id\":\"https:\/\/www.kyorene.com\/staging\/es\/historia\/#primaryimage\"},\"image\":{\"@id\":\"https:\/\/www.kyorene.com\/staging\/es\/historia\/#primaryimage\"},\"thumbnailUrl\":\"https:\/\/www.kyorene.com\/staging\/wp-content\/uploads\/2025\/06\/freepik__arms-putting-on-work-protection-gloves-in-the-midd__92180.png\",\"datePublished\":\"2025-02-22T04:47:42+00:00\",\"dateModified\":\"2025-06-24T10:38:38+00:00\",\"breadcrumb\":{\"@id\":\"https:\/\/www.kyorene.com\/staging\/es\/historia\/#breadcrumb\"},\"inLanguage\":\"es\",\"potentialAction\":[{\"@type\":\"ReadAction\",\"target\":[\"https:\/\/www.kyorene.com\/staging\/es\/historia\/\"]}]},{\"@type\":\"ImageObject\",\"inLanguage\":\"es\",\"@id\":\"https:\/\/www.kyorene.com\/staging\/es\/historia\/#primaryimage\",\"url\":\"https:\/\/www.kyorene.com\/staging\/wp-content\/uploads\/2025\/06\/freepik__arms-putting-on-work-protection-gloves-in-the-midd__92180.png\",\"contentUrl\":\"https:\/\/www.kyorene.com\/staging\/wp-content\/uploads\/2025\/06\/freepik__arms-putting-on-work-protection-gloves-in-the-midd__92180.png\"},{\"@type\":\"BreadcrumbList\",\"@id\":\"https:\/\/www.kyorene.com\/staging\/es\/historia\/#breadcrumb\",\"itemListElement\":[{\"@type\":\"ListItem\",\"position\":1,\"name\":\"Home\",\"item\":\"https:\/\/www.kyorene.com\/staging\/es\/\"},{\"@type\":\"ListItem\",\"position\":2,\"name\":\"Historia\"}]},{\"@type\":\"WebSite\",\"@id\":\"https:\/\/www.kyorene.com\/staging\/#website\",\"url\":\"https:\/\/www.kyorene.com\/staging\/\",\"name\":\"Kyorene\",\"description\":\"\",\"publisher\":{\"@id\":\"https:\/\/www.kyorene.com\/staging\/#organization\"},\"potentialAction\":[{\"@type\":\"SearchAction\",\"target\":{\"@type\":\"EntryPoint\",\"urlTemplate\":\"https:\/\/www.kyorene.com\/staging\/?s={search_term_string}\"},\"query-input\":{\"@type\":\"PropertyValueSpecification\",\"valueRequired\":true,\"valueName\":\"search_term_string\"}}],\"inLanguage\":\"es\"},{\"@type\":\"Organization\",\"@id\":\"https:\/\/www.kyorene.com\/staging\/#organization\",\"name\":\"Kyorene\",\"url\":\"https:\/\/www.kyorene.com\/staging\/\",\"logo\":{\"@type\":\"ImageObject\",\"inLanguage\":\"es\",\"@id\":\"https:\/\/www.kyorene.com\/staging\/#\/schema\/logo\/image\/\",\"url\":\"https:\/\/www.kyorene.com\/staging\/wp-content\/uploads\/2025\/02\/Kyorene-Europe-Logo-White.png\",\"contentUrl\":\"https:\/\/www.kyorene.com\/staging\/wp-content\/uploads\/2025\/02\/Kyorene-Europe-Logo-White.png\",\"width\":500,\"height\":179,\"caption\":\"Kyorene\"},\"image\":{\"@id\":\"https:\/\/www.kyorene.com\/staging\/#\/schema\/logo\/image\/\"}}]}<\/script>\n<!-- \/ Yoast SEO plugin. -->","yoast_head_json":{"title":"Historia - Kyorene","robots":{"index":"index","follow":"follow","max-snippet":"max-snippet:-1","max-image-preview":"max-image-preview:large","max-video-preview":"max-video-preview:-1"},"canonical":"https:\/\/www.kyorene.com\/staging\/es\/historia\/","og_locale":"es_ES","og_type":"article","og_title":"Historia - Kyorene","og_description":"Historia de la empresa QS Safety es el mayor productor de textiles a base de grafeno del mundo QS Safety: L\u00edderes en guantes y mangas de protecci\u00f3n Kyorene forma parte del grupo QS Safety, fundado en 1993, l\u00edder global en el dise\u00f1o, desarrollo y fabricaci\u00f3n de guantes de protecci\u00f3n innovadores y de alta calidad. QS [&hellip;]","og_url":"https:\/\/www.kyorene.com\/staging\/es\/historia\/","og_site_name":"Kyorene","article_modified_time":"2025-06-24T10:38:38+00:00","og_image":[{"width":1024,"height":701,"url":"https:\/\/www.kyorene.com\/staging\/wp-content\/uploads\/2025\/06\/freepik__arms-putting-on-work-protection-gloves-in-the-midd__92180-1024x701.png","type":"image\/png"}],"twitter_card":"summary_large_image","twitter_misc":{"Tiempo de lectura":"1 minuto"},"schema":{"@context":"https:\/\/schema.org","@graph":[{"@type":"WebPage","@id":"https:\/\/www.kyorene.com\/staging\/es\/historia\/","url":"https:\/\/www.kyorene.com\/staging\/es\/historia\/","name":"Historia - Kyorene","isPartOf":{"@id":"https:\/\/www.kyorene.com\/staging\/#website"},"primaryImageOfPage":{"@id":"https:\/\/www.kyorene.com\/staging\/es\/historia\/#primaryimage"},"image":{"@id":"https:\/\/www.kyorene.com\/staging\/es\/historia\/#primaryimage"},"thumbnailUrl":"https:\/\/www.kyorene.com\/staging\/wp-content\/uploads\/2025\/06\/freepik__arms-putting-on-work-protection-gloves-in-the-midd__92180.png","datePublished":"2025-02-22T04:47:42+00:00","dateModified":"2025-06-24T10:38:38+00:00","breadcrumb":{"@id":"https:\/\/www.kyorene.com\/staging\/es\/historia\/#breadcrumb"},"inLanguage":"es","potentialAction":[{"@type":"ReadAction","target":["https:\/\/www.kyorene.com\/staging\/es\/historia\/"]}]},{"@type":"ImageObject","inLanguage":"es","@id":"https:\/\/www.kyorene.com\/staging\/es\/historia\/#primaryimage","url":"https:\/\/www.kyorene.com\/staging\/wp-content\/uploads\/2025\/06\/freepik__arms-putting-on-work-protection-gloves-in-the-midd__92180.png","contentUrl":"https:\/\/www.kyorene.com\/staging\/wp-content\/uploads\/2025\/06\/freepik__arms-putting-on-work-protection-gloves-in-the-midd__92180.png"},{"@type":"BreadcrumbList","@id":"https:\/\/www.kyorene.com\/staging\/es\/historia\/#breadcrumb","itemListElement":[{"@type":"ListItem","position":1,"name":"Home","item":"https:\/\/www.kyorene.com\/staging\/es\/"},{"@type":"ListItem","position":2,"name":"Historia"}]},{"@type":"WebSite","@id":"https:\/\/www.kyorene.com\/staging\/#website","url":"https:\/\/www.kyorene.com\/staging\/","name":"Kyorene","description":"","publisher":{"@id":"https:\/\/www.kyorene.com\/staging\/#organization"},"potentialAction":[{"@type":"SearchAction","target":{"@type":"EntryPoint","urlTemplate":"https:\/\/www.kyorene.com\/staging\/?s={search_term_string}"},"query-input":{"@type":"PropertyValueSpecification","valueRequired":true,"valueName":"search_term_string"}}],"inLanguage":"es"},{"@type":"Organization","@id":"https:\/\/www.kyorene.com\/staging\/#organization","name":"Kyorene","url":"https:\/\/www.kyorene.com\/staging\/","logo":{"@type":"ImageObject","inLanguage":"es","@id":"https:\/\/www.kyorene.com\/staging\/#\/schema\/logo\/image\/","url":"https:\/\/www.kyorene.com\/staging\/wp-content\/uploads\/2025\/02\/Kyorene-Europe-Logo-White.png","contentUrl":"https:\/\/www.kyorene.com\/staging\/wp-content\/uploads\/2025\/02\/Kyorene-Europe-Logo-White.png","width":500,"height":179,"caption":"Kyorene"},"image":{"@id":"https:\/\/www.kyorene.com\/staging\/#\/schema\/logo\/image\/"}}]}},"_links":{"self":[{"href":"https:\/\/www.kyorene.com\/staging\/es\/wp-json\/wp\/v2\/pages\/5247","targetHints":{"allow":["GET"]}}],"collection":[{"href":"https:\/\/www.kyorene.com\/staging\/es\/wp-json\/wp\/v2\/pages"}],"about":[{"href":"https:\/\/www.kyorene.com\/staging\/es\/wp-json\/wp\/v2\/types\/page"}],"author":[{"embeddable":true,"href":"https:\/\/www.kyorene.com\/staging\/es\/wp-json\/wp\/v2\/users\/2"}],"replies":[{"embeddable":true,"href":"https:\/\/www.kyorene.com\/staging\/es\/wp-json\/wp\/v2\/comments?post=5247"}],"version-history":[{"count":7,"href":"https:\/\/www.kyorene.com\/staging\/es\/wp-json\/wp\/v2\/pages\/5247\/revisions"}],"predecessor-version":[{"id":14872,"href":"https:\/\/www.kyorene.com\/staging\/es\/wp-json\/wp\/v2\/pages\/5247\/revisions\/14872"}],"wp:attachment":[{"href":"https:\/\/www.kyorene.com\/staging\/es\/wp-json\/wp\/v2\/media?parent=5247"}],"curies":[{"name":"wp","href":"https:\/\/api.w.org\/{rel}","templated":true}]}}