{"id":5374,"date":"2025-02-19T10:31:08","date_gmt":"2025-02-19T10:31:08","guid":{"rendered":"https:\/\/www.kyorene.com\/staging\/quienes-somos\/"},"modified":"2025-05-21T20:37:36","modified_gmt":"2025-05-21T20:37:36","slug":"quienes-somos","status":"publish","type":"page","link":"https:\/\/www.kyorene.com\/staging\/es\/quienes-somos\/","title":{"rendered":"Quienes somos"},"content":{"rendered":"\t\t<div data-elementor-type=\"wp-page\" data-elementor-id=\"5374\" class=\"elementor elementor-5374 elementor-47\" data-elementor-post-type=\"page\">\n\t\t\t\t<div class=\"elementor-element elementor-element-2e26683 e-flex e-con-boxed e-con e-parent\" data-id=\"2e26683\" data-element_type=\"container\" data-settings=\"{&quot;background_background&quot;:&quot;video&quot;,&quot;background_video_link&quot;:&quot;https:\\\/\\\/www.youtube.com\\\/watch?v=cmoeDp_Iu4U&quot;}\">\n\t\t\t\t\t<div class=\"e-con-inner\">\n\t\t<div class=\"elementor-background-video-container elementor-hidden-mobile\">\n\t\t\t\t\t\t\t<div class=\"elementor-background-video-embed\"><\/div>\n\t\t\t\t\t\t<\/div>\t\t<div class=\"elementor-element elementor-element-281e73f elementor-invisible elementor-widget elementor-widget-heading\" data-id=\"281e73f\" data-element_type=\"widget\" data-settings=\"{&quot;_animation&quot;:&quot;zoomIn&quot;}\" data-widget_type=\"heading.default\">\n\t\t\t\t<div class=\"elementor-widget-container\">\n\t\t\t\t\t<h1 class=\"elementor-heading-title elementor-size-default\">Quienes somos<\/h1>\t\t\t\t<\/div>\n\t\t\t\t<\/div>\n\t\t\t\t\t<\/div>\n\t\t\t\t<\/div>\n\t\t<div class=\"elementor-element elementor-element-8d684e5 e-flex e-con-boxed e-con e-parent\" data-id=\"8d684e5\" data-element_type=\"container\">\n\t\t\t\t\t<div class=\"e-con-inner\">\n\t\t<div class=\"elementor-element elementor-element-3b23aac e-con-full e-flex elementor-invisible e-con e-child\" data-id=\"3b23aac\" data-element_type=\"container\" data-settings=\"{&quot;animation&quot;:&quot;fadeInLeft&quot;}\">\n\t\t<div class=\"elementor-element elementor-element-148945d e-con-full e-flex e-con e-child\" data-id=\"148945d\" data-element_type=\"container\" data-settings=\"{&quot;background_background&quot;:&quot;classic&quot;}\">\n\t\t\t\t<div class=\"elementor-element elementor-element-5db5c78 elementor-widget elementor-widget-heading\" data-id=\"5db5c78\" data-element_type=\"widget\" data-widget_type=\"heading.default\">\n\t\t\t\t<div class=\"elementor-widget-container\">\n\t\t\t\t\t<h2 class=\"elementor-heading-title elementor-size-default\">Kyorene.\nUna historia asombrosa<\/h2>\t\t\t\t<\/div>\n\t\t\t\t<\/div>\n\t\t\t\t<div class=\"elementor-element elementor-element-2a5d6da elementor-widget elementor-widget-text-editor\" data-id=\"2a5d6da\" data-element_type=\"widget\" data-widget_type=\"text-editor.default\">\n\t\t\t\t<div class=\"elementor-widget-container\">\n\t\t\t\t\t\t\t\t\t<p><strong>Kyorene<\/strong> lidera la innovaci\u00f3n en <strong>grafeno<\/strong>, transformando este material extraordinario en una fibra vers\u00e1til y ecol\u00f3gica, utilizada principalmente en la industria de la seguridad, especialmente en la fabricaci\u00f3n de <strong>guantes de trabajo de alto rendimiento<\/strong>.<\/p>\t\t\t\t\t\t\t\t<\/div>\n\t\t\t\t<\/div>\n\t\t\t\t<div class=\"elementor-element elementor-element-66f1f72 elementor-widget elementor-widget-button\" data-id=\"66f1f72\" data-element_type=\"widget\" data-widget_type=\"button.default\">\n\t\t\t\t<div class=\"elementor-widget-container\">\n\t\t\t\t\t\t\t\t\t<div class=\"elementor-button-wrapper\">\n\t\t\t\t\t<a class=\"elementor-button elementor-button-link elementor-size-sm\" href=\"https:\/\/www.kyorene.com\/staging\/products\/\">\n\t\t\t\t\t\t<span class=\"elementor-button-content-wrapper\">\n\t\t\t\t\t\t\t\t\t<span class=\"elementor-button-text\">Descubra nuestros guantes de trabajo protectores<\/span>\n\t\t\t\t\t<\/span>\n\t\t\t\t\t<\/a>\n\t\t\t\t<\/div>\n\t\t\t\t\t\t\t\t<\/div>\n\t\t\t\t<\/div>\n\t\t\t\t<\/div>\n\t\t\t\t<\/div>\n\t\t<div class=\"elementor-element elementor-element-3e3c431 e-con-full e-flex elementor-invisible e-con e-child\" data-id=\"3e3c431\" data-element_type=\"container\" data-settings=\"{&quot;animation&quot;:&quot;fadeInRight&quot;}\">\n\t\t\t\t<div class=\"elementor-element elementor-element-f32c343 elementor-widget elementor-widget-image\" data-id=\"f32c343\" data-element_type=\"widget\" data-widget_type=\"image.default\">\n\t\t\t\t<div class=\"elementor-widget-container\">\n\t\t\t\t\t\t\t\t\t\t\t\t\t\t\t<img fetchpriority=\"high\" decoding=\"async\" width=\"1060\" height=\"720\" src=\"https:\/\/www.kyorene.com\/staging\/wp-content\/uploads\/2025\/02\/banner-who-we-are-tessuto.jpg\" class=\"attachment-full size-full wp-image-3232\" alt=\"\" srcset=\"https:\/\/www.kyorene.com\/staging\/wp-content\/uploads\/2025\/02\/banner-who-we-are-tessuto.jpg 1060w, https:\/\/www.kyorene.com\/staging\/wp-content\/uploads\/2025\/02\/banner-who-we-are-tessuto-300x204.jpg 300w, https:\/\/www.kyorene.com\/staging\/wp-content\/uploads\/2025\/02\/banner-who-we-are-tessuto-1024x696.jpg 1024w, https:\/\/www.kyorene.com\/staging\/wp-content\/uploads\/2025\/02\/banner-who-we-are-tessuto-768x522.jpg 768w\" sizes=\"(max-width: 1060px) 100vw, 1060px\" \/>\t\t\t\t\t\t\t\t\t\t\t\t\t\t\t<\/div>\n\t\t\t\t<\/div>\n\t\t\t\t<\/div>\n\t\t\t\t\t<\/div>\n\t\t\t\t<\/div>\n\t\t<div class=\"elementor-element elementor-element-45288a4 e-flex e-con-boxed e-con e-parent\" data-id=\"45288a4\" data-element_type=\"container\" data-settings=\"{&quot;background_background&quot;:&quot;classic&quot;}\">\n\t\t\t\t\t<div class=\"e-con-inner\">\n\t\t<div class=\"elementor-element elementor-element-22a0f2e e-con-full e-flex elementor-invisible e-con e-child\" data-id=\"22a0f2e\" data-element_type=\"container\" data-settings=\"{&quot;animation&quot;:&quot;fadeInRight&quot;}\">\n\t\t<div class=\"elementor-element elementor-element-d438796 e-con-full e-flex e-con e-child\" data-id=\"d438796\" data-element_type=\"container\" data-settings=\"{&quot;background_background&quot;:&quot;classic&quot;}\">\n\t\t\t\t<div class=\"elementor-element elementor-element-3fb9c20 elementor-widget elementor-widget-text-editor\" data-id=\"3fb9c20\" data-element_type=\"widget\" data-widget_type=\"text-editor.default\">\n\t\t\t\t<div class=\"elementor-widget-container\">\n\t\t\t\t\t\t\t\t\tCon nuestra fibra patentada de <strong>grafeno<\/strong>, hemos desarrollado una gama de <strong>guantes resistentes al corte<\/strong> que ofrecen una protecci\u00f3n excepcional, alta resistencia al corte y la abrasi\u00f3n (<strong>certificados EN388<\/strong>), durabilidad y funcionalidad, revolucionando la industria de los guantes para profesionales del sector manufacturero y trabajadores que necesitan protecci\u00f3n, seguridad y precisi\u00f3n cada d\u00eda.\n\t\t\t\t\t\t\t\t<\/div>\n\t\t\t\t<\/div>\n\t\t\t\t<div class=\"elementor-element elementor-element-09718bb elementor-widget elementor-widget-button\" data-id=\"09718bb\" data-element_type=\"widget\" data-widget_type=\"button.default\">\n\t\t\t\t<div class=\"elementor-widget-container\">\n\t\t\t\t\t\t\t\t\t<div class=\"elementor-button-wrapper\">\n\t\t\t\t\t<a class=\"elementor-button elementor-button-link elementor-size-sm\" href=\"https:\/\/www.kyorene.com\/staging\/standards\/\">\n\t\t\t\t\t\t<span class=\"elementor-button-content-wrapper\">\n\t\t\t\t\t\t\t\t\t<span class=\"elementor-button-text\">Descubra nuestros guantes de trabajo de seguridad<\/span>\n\t\t\t\t\t<\/span>\n\t\t\t\t\t<\/a>\n\t\t\t\t<\/div>\n\t\t\t\t\t\t\t\t<\/div>\n\t\t\t\t<\/div>\n\t\t\t\t<\/div>\n\t\t\t\t<\/div>\n\t\t<div class=\"elementor-element elementor-element-ecb193b e-con-full e-flex elementor-invisible e-con e-child\" data-id=\"ecb193b\" data-element_type=\"container\" data-settings=\"{&quot;animation&quot;:&quot;fadeInLeft&quot;}\">\n\t\t\t\t<div class=\"elementor-element elementor-element-66ad270 elementor-widget elementor-widget-image\" data-id=\"66ad270\" data-element_type=\"widget\" data-widget_type=\"image.default\">\n\t\t\t\t<div class=\"elementor-widget-container\">\n\t\t\t\t\t\t\t\t\t\t\t\t\t\t\t<img decoding=\"async\" width=\"1060\" height=\"720\" src=\"https:\/\/www.kyorene.com\/staging\/wp-content\/uploads\/2025\/02\/banner-who-we-are-guanti.jpg\" class=\"attachment-full size-full wp-image-3226\" alt=\"\" srcset=\"https:\/\/www.kyorene.com\/staging\/wp-content\/uploads\/2025\/02\/banner-who-we-are-guanti.jpg 1060w, https:\/\/www.kyorene.com\/staging\/wp-content\/uploads\/2025\/02\/banner-who-we-are-guanti-300x204.jpg 300w, https:\/\/www.kyorene.com\/staging\/wp-content\/uploads\/2025\/02\/banner-who-we-are-guanti-1024x696.jpg 1024w, https:\/\/www.kyorene.com\/staging\/wp-content\/uploads\/2025\/02\/banner-who-we-are-guanti-768x522.jpg 768w\" sizes=\"(max-width: 1060px) 100vw, 1060px\" \/>\t\t\t\t\t\t\t\t\t\t\t\t\t\t\t<\/div>\n\t\t\t\t<\/div>\n\t\t\t\t<\/div>\n\t\t\t\t\t<\/div>\n\t\t\t\t<\/div>\n\t\t<div class=\"elementor-element elementor-element-c37df13 e-flex e-con-boxed e-con e-parent\" data-id=\"c37df13\" data-element_type=\"container\">\n\t\t\t\t\t<div class=\"e-con-inner\">\n\t\t<div class=\"elementor-element elementor-element-0258d73 e-con-full e-flex elementor-invisible e-con e-child\" data-id=\"0258d73\" data-element_type=\"container\" data-settings=\"{&quot;animation&quot;:&quot;fadeInLeft&quot;}\">\n\t\t<div class=\"elementor-element elementor-element-c308dc0 e-con-full e-flex e-con e-child\" data-id=\"c308dc0\" data-element_type=\"container\" data-settings=\"{&quot;background_background&quot;:&quot;classic&quot;}\">\n\t\t\t\t<div class=\"elementor-element elementor-element-46de882 elementor-widget elementor-widget-text-editor\" data-id=\"46de882\" data-element_type=\"widget\" data-widget_type=\"text-editor.default\">\n\t\t\t\t<div class=\"elementor-widget-container\">\n\t\t\t\t\t\t\t\t\tLos <strong>guantes de grafeno Kyorene<\/strong> conservan las propiedades naturales del <strong>grafeno<\/strong>, incluyendo efectos bacteriost\u00e1ticos, neutralidad del olor, regulaci\u00f3n t\u00e9rmica y protecci\u00f3n UV, garantizando un entorno de trabajo m\u00e1s seguro y c\u00f3modo para quienes dependen de sus manos a diario.\n\t\t\t\t\t\t\t\t<\/div>\n\t\t\t\t<\/div>\n\t\t\t\t<div class=\"elementor-element elementor-element-41ec572 elementor-widget elementor-widget-button\" data-id=\"41ec572\" data-element_type=\"widget\" data-widget_type=\"button.default\">\n\t\t\t\t<div class=\"elementor-widget-container\">\n\t\t\t\t\t\t\t\t\t<div class=\"elementor-button-wrapper\">\n\t\t\t\t\t<a class=\"elementor-button elementor-button-link elementor-size-sm\" href=\"https:\/\/www.kyorene.com\/staging\/patents-and-certifications\/\">\n\t\t\t\t\t\t<span class=\"elementor-button-content-wrapper\">\n\t\t\t\t\t\t\t\t\t<span class=\"elementor-button-text\">Conozca m\u00e1s sobre nuestras propiedades de guantes de trabajo<\/span>\n\t\t\t\t\t<\/span>\n\t\t\t\t\t<\/a>\n\t\t\t\t<\/div>\n\t\t\t\t\t\t\t\t<\/div>\n\t\t\t\t<\/div>\n\t\t\t\t<\/div>\n\t\t\t\t<\/div>\n\t\t<div class=\"elementor-element elementor-element-5643fca e-con-full e-flex elementor-invisible e-con e-child\" data-id=\"5643fca\" data-element_type=\"container\" data-settings=\"{&quot;animation&quot;:&quot;fadeInRight&quot;}\">\n\t\t\t\t<div class=\"elementor-element elementor-element-59d4129 elementor-widget elementor-widget-image\" data-id=\"59d4129\" data-element_type=\"widget\" data-widget_type=\"image.default\">\n\t\t\t\t<div class=\"elementor-widget-container\">\n\t\t\t\t\t\t\t\t\t\t\t\t\t\t\t<img decoding=\"async\" width=\"1060\" height=\"720\" src=\"https:\/\/www.kyorene.com\/staging\/wp-content\/uploads\/2025\/02\/infografica-banner-who-we-are-1.jpg\" class=\"attachment-full size-full wp-image-3220\" alt=\"\" srcset=\"https:\/\/www.kyorene.com\/staging\/wp-content\/uploads\/2025\/02\/infografica-banner-who-we-are-1.jpg 1060w, https:\/\/www.kyorene.com\/staging\/wp-content\/uploads\/2025\/02\/infografica-banner-who-we-are-1-300x204.jpg 300w, https:\/\/www.kyorene.com\/staging\/wp-content\/uploads\/2025\/02\/infografica-banner-who-we-are-1-1024x696.jpg 1024w, https:\/\/www.kyorene.com\/staging\/wp-content\/uploads\/2025\/02\/infografica-banner-who-we-are-1-768x522.jpg 768w\" sizes=\"(max-width: 1060px) 100vw, 1060px\" \/>\t\t\t\t\t\t\t\t\t\t\t\t\t\t\t<\/div>\n\t\t\t\t<\/div>\n\t\t\t\t<\/div>\n\t\t\t\t\t<\/div>\n\t\t\t\t<\/div>\n\t\t<div class=\"elementor-element elementor-element-b2a142e e-flex e-con-boxed e-con e-parent\" data-id=\"b2a142e\" data-element_type=\"container\" data-settings=\"{&quot;background_background&quot;:&quot;classic&quot;}\">\n\t\t\t\t\t<div class=\"e-con-inner\">\n\t\t<div class=\"elementor-element elementor-element-4c0bbdc e-con-full e-flex elementor-invisible e-con e-child\" data-id=\"4c0bbdc\" data-element_type=\"container\" data-settings=\"{&quot;animation&quot;:&quot;fadeInRight&quot;}\">\n\t\t<div class=\"elementor-element elementor-element-5421655 e-con-full e-flex e-con e-child\" data-id=\"5421655\" data-element_type=\"container\" data-settings=\"{&quot;background_background&quot;:&quot;classic&quot;}\">\n\t\t\t\t<div class=\"elementor-element elementor-element-17d2315 elementor-widget elementor-widget-heading\" data-id=\"17d2315\" data-element_type=\"widget\" data-widget_type=\"heading.default\">\n\t\t\t\t<div class=\"elementor-widget-container\">\n\t\t\t\t\t<h2 class=\"elementor-heading-title elementor-size-default\">Nuestra Misi\u00f3n<\/h2>\t\t\t\t<\/div>\n\t\t\t\t<\/div>\n\t\t\t\t<div class=\"elementor-element elementor-element-2c3af66 elementor-widget elementor-widget-text-editor\" data-id=\"2c3af66\" data-element_type=\"widget\" data-widget_type=\"text-editor.default\">\n\t\t\t\t<div class=\"elementor-widget-container\">\n\t\t\t\t\t\t\t\t\t<p>En Kyorene, nos comprometemos a transformar la seguridad en el trabajo ofreciendo guantes de alto rendimiento fabricados con tecnolog\u00eda avanzada de grafeno, proporcionando una protecci\u00f3n, resistencia al corte y abrasi\u00f3n, y comodidad inigualables para trabajadores de diversas industrias.<\/p><p>Nuestros guantes est\u00e1n dise\u00f1ados espec\u00edficamente para satisfacer las diversas necesidades de trabajadores en sectores como aeroespacial, ensamblaje automotriz, manufactura, moldeo por inyecci\u00f3n de pl\u00e1stico, almacenamiento en almacenes, manipulaci\u00f3n de vidrio y tareas delicadas. Ya sea en entornos livianos o exigentes, los guantes Kyorene aseguran seguridad y rendimiento \u00f3ptimos.<\/p><p>Bienvenidos al futuro de los guantes de trabajo<\/p>\t\t\t\t\t\t\t\t<\/div>\n\t\t\t\t<\/div>\n\t\t\t\t<div class=\"elementor-element elementor-element-1bccf8c elementor-widget elementor-widget-button\" data-id=\"1bccf8c\" data-element_type=\"widget\" data-widget_type=\"button.default\">\n\t\t\t\t<div class=\"elementor-widget-container\">\n\t\t\t\t\t\t\t\t\t<div class=\"elementor-button-wrapper\">\n\t\t\t\t\t<a class=\"elementor-button elementor-button-link elementor-size-sm\" href=\"https:\/\/www.kyorene.com\/staging\/standards\/\">\n\t\t\t\t\t\t<span class=\"elementor-button-content-wrapper\">\n\t\t\t\t\t\t\t\t\t<span class=\"elementor-button-text\">Descubra nuestros guantes de trabajo de seguridad<\/span>\n\t\t\t\t\t<\/span>\n\t\t\t\t\t<\/a>\n\t\t\t\t<\/div>\n\t\t\t\t\t\t\t\t<\/div>\n\t\t\t\t<\/div>\n\t\t\t\t<\/div>\n\t\t\t\t<\/div>\n\t\t<div class=\"elementor-element elementor-element-dd81abd e-con-full e-flex elementor-invisible e-con e-child\" data-id=\"dd81abd\" data-element_type=\"container\" data-settings=\"{&quot;animation&quot;:&quot;fadeInLeft&quot;}\">\n\t\t\t\t<div class=\"elementor-element elementor-element-90042ca elementor-widget elementor-widget-image\" data-id=\"90042ca\" data-element_type=\"widget\" data-widget_type=\"image.default\">\n\t\t\t\t<div class=\"elementor-widget-container\">\n\t\t\t\t\t\t\t\t\t\t\t\t\t\t\t<img loading=\"lazy\" decoding=\"async\" width=\"800\" height=\"483\" src=\"https:\/\/www.kyorene.com\/staging\/wp-content\/uploads\/2025\/02\/foto-story-424-1024x618.jpg\" class=\"attachment-large size-large wp-image-3214\" alt=\"\" srcset=\"https:\/\/www.kyorene.com\/staging\/wp-content\/uploads\/2025\/02\/foto-story-424-1024x618.jpg 1024w, https:\/\/www.kyorene.com\/staging\/wp-content\/uploads\/2025\/02\/foto-story-424-300x181.jpg 300w, https:\/\/www.kyorene.com\/staging\/wp-content\/uploads\/2025\/02\/foto-story-424-768x464.jpg 768w, https:\/\/www.kyorene.com\/staging\/wp-content\/uploads\/2025\/02\/foto-story-424.jpg 1060w\" sizes=\"(max-width: 800px) 100vw, 800px\" \/>\t\t\t\t\t\t\t\t\t\t\t\t\t\t\t<\/div>\n\t\t\t\t<\/div>\n\t\t\t\t<\/div>\n\t\t\t\t\t<\/div>\n\t\t\t\t<\/div>\n\t\t\t\t<\/div>\n\t\t","protected":false},"excerpt":{"rendered":"<p>Quienes somos Kyorene. Una historia asombrosa Kyorene lidera la innovaci\u00f3n en grafeno, transformando este material extraordinario en una fibra vers\u00e1til y ecol\u00f3gica, utilizada principalmente en la industria de la seguridad, especialmente en la fabricaci\u00f3n de guantes de trabajo de alto rendimiento. Descubra nuestros guantes de trabajo protectores Con nuestra fibra patentada de grafeno, hemos desarrollado [&hellip;]<\/p>\n","protected":false},"author":2,"featured_media":0,"parent":0,"menu_order":0,"comment_status":"closed","ping_status":"closed","template":"","meta":{"footnotes":""},"class_list":["post-5374","page","type-page","status-publish","hentry"],"yoast_head":"<!-- This site is optimized with the Yoast SEO plugin v26.9 - https:\/\/yoast.com\/product\/yoast-seo-wordpress\/ -->\n<title>Quienes somos - Kyorene<\/title>\n<meta name=\"robots\" content=\"index, follow, max-snippet:-1, max-image-preview:large, max-video-preview:-1\" \/>\n<link rel=\"canonical\" href=\"https:\/\/www.kyorene.com\/staging\/es\/quienes-somos\/\" \/>\n<meta property=\"og:locale\" content=\"es_ES\" \/>\n<meta property=\"og:type\" content=\"article\" \/>\n<meta property=\"og:title\" content=\"Quienes somos - Kyorene\" \/>\n<meta property=\"og:description\" content=\"Quienes somos Kyorene. Una historia asombrosa Kyorene lidera la innovaci\u00f3n en grafeno, transformando este material extraordinario en una fibra vers\u00e1til y ecol\u00f3gica, utilizada principalmente en la industria de la seguridad, especialmente en la fabricaci\u00f3n de guantes de trabajo de alto rendimiento. Descubra nuestros guantes de trabajo protectores Con nuestra fibra patentada de grafeno, hemos desarrollado [&hellip;]\" \/>\n<meta property=\"og:url\" content=\"https:\/\/www.kyorene.com\/staging\/es\/quienes-somos\/\" \/>\n<meta property=\"og:site_name\" content=\"Kyorene\" \/>\n<meta property=\"article:modified_time\" content=\"2025-05-21T20:37:36+00:00\" \/>\n<meta property=\"og:image\" content=\"https:\/\/www.kyorene.com\/staging\/wp-content\/uploads\/2025\/02\/banner-who-we-are-tessuto.jpg\" \/>\n\t<meta property=\"og:image:width\" content=\"1060\" \/>\n\t<meta property=\"og:image:height\" content=\"720\" \/>\n\t<meta property=\"og:image:type\" content=\"image\/jpeg\" \/>\n<meta name=\"twitter:card\" content=\"summary_large_image\" \/>\n<meta name=\"twitter:label1\" content=\"Tiempo de lectura\" \/>\n\t<meta name=\"twitter:data1\" content=\"1 minuto\" \/>\n<script type=\"application\/ld+json\" class=\"yoast-schema-graph\">{\"@context\":\"https:\/\/schema.org\",\"@graph\":[{\"@type\":\"WebPage\",\"@id\":\"https:\/\/www.kyorene.com\/staging\/es\/quienes-somos\/\",\"url\":\"https:\/\/www.kyorene.com\/staging\/es\/quienes-somos\/\",\"name\":\"Quienes somos - Kyorene\",\"isPartOf\":{\"@id\":\"https:\/\/www.kyorene.com\/staging\/#website\"},\"primaryImageOfPage\":{\"@id\":\"https:\/\/www.kyorene.com\/staging\/es\/quienes-somos\/#primaryimage\"},\"image\":{\"@id\":\"https:\/\/www.kyorene.com\/staging\/es\/quienes-somos\/#primaryimage\"},\"thumbnailUrl\":\"https:\/\/www.kyorene.com\/staging\/wp-content\/uploads\/2025\/02\/banner-who-we-are-tessuto.jpg\",\"datePublished\":\"2025-02-19T10:31:08+00:00\",\"dateModified\":\"2025-05-21T20:37:36+00:00\",\"breadcrumb\":{\"@id\":\"https:\/\/www.kyorene.com\/staging\/es\/quienes-somos\/#breadcrumb\"},\"inLanguage\":\"es\",\"potentialAction\":[{\"@type\":\"ReadAction\",\"target\":[\"https:\/\/www.kyorene.com\/staging\/es\/quienes-somos\/\"]}]},{\"@type\":\"ImageObject\",\"inLanguage\":\"es\",\"@id\":\"https:\/\/www.kyorene.com\/staging\/es\/quienes-somos\/#primaryimage\",\"url\":\"https:\/\/www.kyorene.com\/staging\/wp-content\/uploads\/2025\/02\/banner-who-we-are-tessuto.jpg\",\"contentUrl\":\"https:\/\/www.kyorene.com\/staging\/wp-content\/uploads\/2025\/02\/banner-who-we-are-tessuto.jpg\"},{\"@type\":\"BreadcrumbList\",\"@id\":\"https:\/\/www.kyorene.com\/staging\/es\/quienes-somos\/#breadcrumb\",\"itemListElement\":[{\"@type\":\"ListItem\",\"position\":1,\"name\":\"Home\",\"item\":\"https:\/\/www.kyorene.com\/staging\/es\/\"},{\"@type\":\"ListItem\",\"position\":2,\"name\":\"Quienes somos\"}]},{\"@type\":\"WebSite\",\"@id\":\"https:\/\/www.kyorene.com\/staging\/#website\",\"url\":\"https:\/\/www.kyorene.com\/staging\/\",\"name\":\"Kyorene\",\"description\":\"\",\"publisher\":{\"@id\":\"https:\/\/www.kyorene.com\/staging\/#organization\"},\"potentialAction\":[{\"@type\":\"SearchAction\",\"target\":{\"@type\":\"EntryPoint\",\"urlTemplate\":\"https:\/\/www.kyorene.com\/staging\/?s={search_term_string}\"},\"query-input\":{\"@type\":\"PropertyValueSpecification\",\"valueRequired\":true,\"valueName\":\"search_term_string\"}}],\"inLanguage\":\"es\"},{\"@type\":\"Organization\",\"@id\":\"https:\/\/www.kyorene.com\/staging\/#organization\",\"name\":\"Kyorene\",\"url\":\"https:\/\/www.kyorene.com\/staging\/\",\"logo\":{\"@type\":\"ImageObject\",\"inLanguage\":\"es\",\"@id\":\"https:\/\/www.kyorene.com\/staging\/#\/schema\/logo\/image\/\",\"url\":\"https:\/\/www.kyorene.com\/staging\/wp-content\/uploads\/2025\/02\/Kyorene-Europe-Logo-White.png\",\"contentUrl\":\"https:\/\/www.kyorene.com\/staging\/wp-content\/uploads\/2025\/02\/Kyorene-Europe-Logo-White.png\",\"width\":500,\"height\":179,\"caption\":\"Kyorene\"},\"image\":{\"@id\":\"https:\/\/www.kyorene.com\/staging\/#\/schema\/logo\/image\/\"}}]}<\/script>\n<!-- \/ Yoast SEO plugin. -->","yoast_head_json":{"title":"Quienes somos - Kyorene","robots":{"index":"index","follow":"follow","max-snippet":"max-snippet:-1","max-image-preview":"max-image-preview:large","max-video-preview":"max-video-preview:-1"},"canonical":"https:\/\/www.kyorene.com\/staging\/es\/quienes-somos\/","og_locale":"es_ES","og_type":"article","og_title":"Quienes somos - Kyorene","og_description":"Quienes somos Kyorene. Una historia asombrosa Kyorene lidera la innovaci\u00f3n en grafeno, transformando este material extraordinario en una fibra vers\u00e1til y ecol\u00f3gica, utilizada principalmente en la industria de la seguridad, especialmente en la fabricaci\u00f3n de guantes de trabajo de alto rendimiento. Descubra nuestros guantes de trabajo protectores Con nuestra fibra patentada de grafeno, hemos desarrollado [&hellip;]","og_url":"https:\/\/www.kyorene.com\/staging\/es\/quienes-somos\/","og_site_name":"Kyorene","article_modified_time":"2025-05-21T20:37:36+00:00","og_image":[{"width":1060,"height":720,"url":"https:\/\/www.kyorene.com\/staging\/wp-content\/uploads\/2025\/02\/banner-who-we-are-tessuto.jpg","type":"image\/jpeg"}],"twitter_card":"summary_large_image","twitter_misc":{"Tiempo de lectura":"1 minuto"},"schema":{"@context":"https:\/\/schema.org","@graph":[{"@type":"WebPage","@id":"https:\/\/www.kyorene.com\/staging\/es\/quienes-somos\/","url":"https:\/\/www.kyorene.com\/staging\/es\/quienes-somos\/","name":"Quienes somos - Kyorene","isPartOf":{"@id":"https:\/\/www.kyorene.com\/staging\/#website"},"primaryImageOfPage":{"@id":"https:\/\/www.kyorene.com\/staging\/es\/quienes-somos\/#primaryimage"},"image":{"@id":"https:\/\/www.kyorene.com\/staging\/es\/quienes-somos\/#primaryimage"},"thumbnailUrl":"https:\/\/www.kyorene.com\/staging\/wp-content\/uploads\/2025\/02\/banner-who-we-are-tessuto.jpg","datePublished":"2025-02-19T10:31:08+00:00","dateModified":"2025-05-21T20:37:36+00:00","breadcrumb":{"@id":"https:\/\/www.kyorene.com\/staging\/es\/quienes-somos\/#breadcrumb"},"inLanguage":"es","potentialAction":[{"@type":"ReadAction","target":["https:\/\/www.kyorene.com\/staging\/es\/quienes-somos\/"]}]},{"@type":"ImageObject","inLanguage":"es","@id":"https:\/\/www.kyorene.com\/staging\/es\/quienes-somos\/#primaryimage","url":"https:\/\/www.kyorene.com\/staging\/wp-content\/uploads\/2025\/02\/banner-who-we-are-tessuto.jpg","contentUrl":"https:\/\/www.kyorene.com\/staging\/wp-content\/uploads\/2025\/02\/banner-who-we-are-tessuto.jpg"},{"@type":"BreadcrumbList","@id":"https:\/\/www.kyorene.com\/staging\/es\/quienes-somos\/#breadcrumb","itemListElement":[{"@type":"ListItem","position":1,"name":"Home","item":"https:\/\/www.kyorene.com\/staging\/es\/"},{"@type":"ListItem","position":2,"name":"Quienes somos"}]},{"@type":"WebSite","@id":"https:\/\/www.kyorene.com\/staging\/#website","url":"https:\/\/www.kyorene.com\/staging\/","name":"Kyorene","description":"","publisher":{"@id":"https:\/\/www.kyorene.com\/staging\/#organization"},"potentialAction":[{"@type":"SearchAction","target":{"@type":"EntryPoint","urlTemplate":"https:\/\/www.kyorene.com\/staging\/?s={search_term_string}"},"query-input":{"@type":"PropertyValueSpecification","valueRequired":true,"valueName":"search_term_string"}}],"inLanguage":"es"},{"@type":"Organization","@id":"https:\/\/www.kyorene.com\/staging\/#organization","name":"Kyorene","url":"https:\/\/www.kyorene.com\/staging\/","logo":{"@type":"ImageObject","inLanguage":"es","@id":"https:\/\/www.kyorene.com\/staging\/#\/schema\/logo\/image\/","url":"https:\/\/www.kyorene.com\/staging\/wp-content\/uploads\/2025\/02\/Kyorene-Europe-Logo-White.png","contentUrl":"https:\/\/www.kyorene.com\/staging\/wp-content\/uploads\/2025\/02\/Kyorene-Europe-Logo-White.png","width":500,"height":179,"caption":"Kyorene"},"image":{"@id":"https:\/\/www.kyorene.com\/staging\/#\/schema\/logo\/image\/"}}]}},"_links":{"self":[{"href":"https:\/\/www.kyorene.com\/staging\/es\/wp-json\/wp\/v2\/pages\/5374","targetHints":{"allow":["GET"]}}],"collection":[{"href":"https:\/\/www.kyorene.com\/staging\/es\/wp-json\/wp\/v2\/pages"}],"about":[{"href":"https:\/\/www.kyorene.com\/staging\/es\/wp-json\/wp\/v2\/types\/page"}],"author":[{"embeddable":true,"href":"https:\/\/www.kyorene.com\/staging\/es\/wp-json\/wp\/v2\/users\/2"}],"replies":[{"embeddable":true,"href":"https:\/\/www.kyorene.com\/staging\/es\/wp-json\/wp\/v2\/comments?post=5374"}],"version-history":[{"count":13,"href":"https:\/\/www.kyorene.com\/staging\/es\/wp-json\/wp\/v2\/pages\/5374\/revisions"}],"predecessor-version":[{"id":11516,"href":"https:\/\/www.kyorene.com\/staging\/es\/wp-json\/wp\/v2\/pages\/5374\/revisions\/11516"}],"wp:attachment":[{"href":"https:\/\/www.kyorene.com\/staging\/es\/wp-json\/wp\/v2\/media?parent=5374"}],"curies":[{"name":"wp","href":"https:\/\/api.w.org\/{rel}","templated":true}]}}