{"id":5457,"date":"2025-02-19T10:56:20","date_gmt":"2025-02-19T10:56:20","guid":{"rendered":"https:\/\/www.kyorene.com\/staging\/patentes-y-certificaciones\/"},"modified":"2025-06-12T22:00:52","modified_gmt":"2025-06-12T22:00:52","slug":"patentes-y-certificaciones","status":"publish","type":"page","link":"https:\/\/www.kyorene.com\/staging\/es\/patentes-y-certificaciones\/","title":{"rendered":"Patentes y certificaciones"},"content":{"rendered":"\t\t<div data-elementor-type=\"wp-page\" data-elementor-id=\"5457\" class=\"elementor elementor-5457 elementor-88\" data-elementor-post-type=\"page\">\n\t\t\t\t<div class=\"elementor-element elementor-element-76c7509 e-flex e-con-boxed e-con e-parent\" data-id=\"76c7509\" data-element_type=\"container\" data-settings=\"{&quot;background_background&quot;:&quot;classic&quot;}\">\n\t\t\t\t\t<div class=\"e-con-inner\">\n\t\t\t\t<div class=\"elementor-element elementor-element-8df226e elementor-widget elementor-widget-heading\" data-id=\"8df226e\" data-element_type=\"widget\" data-widget_type=\"heading.default\">\n\t\t\t\t<div class=\"elementor-widget-container\">\n\t\t\t\t\t<h1 class=\"elementor-heading-title elementor-size-default\">Patentes\ny\ncertificaciones<\/h1>\t\t\t\t<\/div>\n\t\t\t\t<\/div>\n\t\t\t\t\t<\/div>\n\t\t\t\t<\/div>\n\t\t<div class=\"elementor-element elementor-element-b3c755f e-flex e-con-boxed e-con e-parent\" data-id=\"b3c755f\" data-element_type=\"container\">\n\t\t\t\t\t<div class=\"e-con-inner\">\n\t\t<div class=\"elementor-element elementor-element-c0e2458 e-con-full e-flex e-con e-child\" data-id=\"c0e2458\" data-element_type=\"container\">\n\t\t\t\t<div class=\"elementor-element elementor-element-fe443cb elementor-widget elementor-widget-heading\" data-id=\"fe443cb\" data-element_type=\"widget\" data-widget_type=\"heading.default\">\n\t\t\t\t<div class=\"elementor-widget-container\">\n\t\t\t\t\t<h2 class=\"elementor-heading-title elementor-size-default\">Certificaci\u00f3n Verified Graphene Producer<\/h2>\t\t\t\t<\/div>\n\t\t\t\t<\/div>\n\t\t\t\t<div class=\"elementor-element elementor-element-f1f84e6 elementor-widget elementor-widget-text-editor\" data-id=\"f1f84e6\" data-element_type=\"widget\" data-widget_type=\"text-editor.default\">\n\t\t\t\t<div class=\"elementor-widget-container\">\n\t\t\t\t\t\t\t\t\t<p>Kyorene se enorgullece de ser un Verified Graphene Producer, una de solo cinco empresas en todo el mundo, y la \u00fanica en el sector de los guantes, en recibir esta prestigiosa certificaci\u00f3n. Otorgada por el Graphene Council, la comunidad m\u00e1s grande de investigadores, productores, desarrolladores y expertos de la industria del grafeno, el programa Verified Graphene Producer es la \u00fanica credencial que incluye inspecciones independientes de las instalaciones, verificaci\u00f3n de los m\u00e9todos de producci\u00f3n y evaluaci\u00f3n de vol\u00famenes y controles de calidad.<\/p><p>Esta certificaci\u00f3n garantiza a nuestros socios y clientes que Kyorene ofrece guantes de grafeno de alta calidad, posicion\u00e1ndonos como l\u00edderes en innovaci\u00f3n, sostenibilidad y compromiso con la excelencia en el sector.<\/p>\t\t\t\t\t\t\t\t<\/div>\n\t\t\t\t<\/div>\n\t\t\t\t<\/div>\n\t\t<div class=\"elementor-element elementor-element-3eee16c e-con-full e-flex e-con e-child\" data-id=\"3eee16c\" data-element_type=\"container\">\n\t\t\t\t<div class=\"elementor-element elementor-element-a41b016 elementor-widget elementor-widget-image\" data-id=\"a41b016\" data-element_type=\"widget\" data-widget_type=\"image.default\">\n\t\t\t\t<div class=\"elementor-widget-container\">\n\t\t\t\t\t\t\t\t\t\t\t\t\t\t\t<img fetchpriority=\"high\" decoding=\"async\" width=\"776\" height=\"1024\" src=\"https:\/\/www.kyorene.com\/staging\/wp-content\/uploads\/2025\/03\/graphene-verified-banner-980x1294-1-776x1024.jpg\" class=\"attachment-large size-large wp-image-3418\" alt=\"\" srcset=\"https:\/\/www.kyorene.com\/staging\/wp-content\/uploads\/2025\/03\/graphene-verified-banner-980x1294-1-776x1024.jpg 776w, https:\/\/www.kyorene.com\/staging\/wp-content\/uploads\/2025\/03\/graphene-verified-banner-980x1294-1-227x300.jpg 227w, https:\/\/www.kyorene.com\/staging\/wp-content\/uploads\/2025\/03\/graphene-verified-banner-980x1294-1-768x1014.jpg 768w, https:\/\/www.kyorene.com\/staging\/wp-content\/uploads\/2025\/03\/graphene-verified-banner-980x1294-1.jpg 980w\" sizes=\"(max-width: 776px) 100vw, 776px\" \/>\t\t\t\t\t\t\t\t\t\t\t\t\t\t\t<\/div>\n\t\t\t\t<\/div>\n\t\t\t\t<\/div>\n\t\t\t\t\t<\/div>\n\t\t\t\t<\/div>\n\t\t<div class=\"elementor-element elementor-element-f89024c e-flex e-con-boxed e-con e-parent\" data-id=\"f89024c\" data-element_type=\"container\">\n\t\t\t\t\t<div class=\"e-con-inner\">\n\t\t<div class=\"elementor-element elementor-element-f24da4d e-con-full e-flex e-con e-child\" data-id=\"f24da4d\" data-element_type=\"container\">\n\t\t\t\t<div class=\"elementor-element elementor-element-122426d elementor-widget elementor-widget-image\" data-id=\"122426d\" data-element_type=\"widget\" data-widget_type=\"image.default\">\n\t\t\t\t<div class=\"elementor-widget-container\">\n\t\t\t\t\t\t\t\t\t\t\t\t\t\t\t<img decoding=\"async\" width=\"1060\" height=\"800\" src=\"https:\/\/www.kyorene.com\/staging\/wp-content\/uploads\/2025\/03\/patents-banner.jpg\" class=\"attachment-full size-full wp-image-3340\" alt=\"\" srcset=\"https:\/\/www.kyorene.com\/staging\/wp-content\/uploads\/2025\/03\/patents-banner.jpg 1060w, https:\/\/www.kyorene.com\/staging\/wp-content\/uploads\/2025\/03\/patents-banner-300x226.jpg 300w, https:\/\/www.kyorene.com\/staging\/wp-content\/uploads\/2025\/03\/patents-banner-1024x773.jpg 1024w, https:\/\/www.kyorene.com\/staging\/wp-content\/uploads\/2025\/03\/patents-banner-768x580.jpg 768w\" sizes=\"(max-width: 1060px) 100vw, 1060px\" \/>\t\t\t\t\t\t\t\t\t\t\t\t\t\t\t<\/div>\n\t\t\t\t<\/div>\n\t\t\t\t<\/div>\n\t\t<div class=\"elementor-element elementor-element-60bf706 e-con-full e-flex e-con e-child\" data-id=\"60bf706\" data-element_type=\"container\">\n\t\t\t\t<div class=\"elementor-element elementor-element-bca112e elementor-widget elementor-widget-heading\" data-id=\"bca112e\" data-element_type=\"widget\" data-widget_type=\"heading.default\">\n\t\t\t\t<div class=\"elementor-widget-container\">\n\t\t\t\t\t<h2 class=\"elementor-heading-title elementor-size-default\">Kyorene\u00ae y Patentes Innovadoras<\/h2>\t\t\t\t<\/div>\n\t\t\t\t<\/div>\n\t\t\t\t<div class=\"elementor-element elementor-element-1bbfcc5 elementor-widget elementor-widget-text-editor\" data-id=\"1bbfcc5\" data-element_type=\"widget\" data-widget_type=\"text-editor.default\">\n\t\t\t\t<div class=\"elementor-widget-container\">\n\t\t\t\t\t\t\t\t\t<p>Kyorene y su empresa matriz est\u00e1n a la vanguardia en investigaci\u00f3n y desarrollo, invirtiendo continuamente en tecnolog\u00edas innovadoras y registrando numerosas patentes.<\/p><p>Uno de nuestros mayores avances es el proceso patentado que transforma el grafeno en fibra, lo que llev\u00f3 a la creaci\u00f3n de la marca Kyorene\u00ae. Esta tecnolog\u00eda se utiliza principalmente en la fabricaci\u00f3n de guantes de trabajo de alto rendimiento, donde las propiedades del grafeno lo convierten en el material ideal para guantes resistentes a los cortes. Tambi\u00e9n se aplica en otros productos textiles como ropa deportiva, vaqueros, chaquetas, ropa de trabajo, calcetines y ropa interior.<\/p><p>Adem\u00e1s de la tecnolog\u00eda de fibra de grafeno, QS Safety posee m\u00e1s de 70 patentes, algunas con validez internacional, lo que subraya nuestro liderazgo en el desarrollo de soluciones innovadoras para la seguridad y la protecci\u00f3n.<\/p>\t\t\t\t\t\t\t\t<\/div>\n\t\t\t\t<\/div>\n\t\t\t\t<\/div>\n\t\t\t\t\t<\/div>\n\t\t\t\t<\/div>\n\t\t\t\t<\/div>\n\t\t","protected":false},"excerpt":{"rendered":"<p>Patentes y certificaciones Certificaci\u00f3n Verified Graphene Producer Kyorene se enorgullece de ser un Verified Graphene Producer, una de solo cinco empresas en todo el mundo, y la \u00fanica en el sector de los guantes, en recibir esta prestigiosa certificaci\u00f3n. Otorgada por el Graphene Council, la comunidad m\u00e1s grande de investigadores, productores, desarrolladores y expertos de [&hellip;]<\/p>\n","protected":false},"author":2,"featured_media":0,"parent":0,"menu_order":0,"comment_status":"closed","ping_status":"closed","template":"elementor_header_footer","meta":{"footnotes":""},"class_list":["post-5457","page","type-page","status-publish","hentry"],"yoast_head":"<!-- This site is optimized with the Yoast SEO plugin v26.9 - https:\/\/yoast.com\/product\/yoast-seo-wordpress\/ -->\n<title>Patentes y certificaciones - Kyorene<\/title>\n<meta name=\"robots\" content=\"index, follow, max-snippet:-1, max-image-preview:large, max-video-preview:-1\" \/>\n<link rel=\"canonical\" href=\"https:\/\/www.kyorene.com\/staging\/es\/patentes-y-certificaciones\/\" \/>\n<meta property=\"og:locale\" content=\"es_ES\" \/>\n<meta property=\"og:type\" content=\"article\" \/>\n<meta property=\"og:title\" content=\"Patentes y certificaciones - Kyorene\" \/>\n<meta property=\"og:description\" content=\"Patentes y certificaciones Certificaci\u00f3n Verified Graphene Producer Kyorene se enorgullece de ser un Verified Graphene Producer, una de solo cinco empresas en todo el mundo, y la \u00fanica en el sector de los guantes, en recibir esta prestigiosa certificaci\u00f3n. Otorgada por el Graphene Council, la comunidad m\u00e1s grande de investigadores, productores, desarrolladores y expertos de [&hellip;]\" \/>\n<meta property=\"og:url\" content=\"https:\/\/www.kyorene.com\/staging\/es\/patentes-y-certificaciones\/\" \/>\n<meta property=\"og:site_name\" content=\"Kyorene\" \/>\n<meta property=\"article:modified_time\" content=\"2025-06-12T22:00:52+00:00\" \/>\n<meta property=\"og:image\" content=\"https:\/\/www.kyorene.com\/staging\/wp-content\/uploads\/2025\/03\/graphene-verified-banner-980x1294-1.jpg\" \/>\n\t<meta property=\"og:image:width\" content=\"980\" \/>\n\t<meta property=\"og:image:height\" content=\"1294\" \/>\n\t<meta property=\"og:image:type\" content=\"image\/jpeg\" \/>\n<meta name=\"twitter:card\" content=\"summary_large_image\" \/>\n<meta name=\"twitter:label1\" content=\"Tiempo de lectura\" \/>\n\t<meta name=\"twitter:data1\" content=\"1 minuto\" \/>\n<script type=\"application\/ld+json\" class=\"yoast-schema-graph\">{\"@context\":\"https:\/\/schema.org\",\"@graph\":[{\"@type\":\"WebPage\",\"@id\":\"https:\/\/www.kyorene.com\/staging\/es\/patentes-y-certificaciones\/\",\"url\":\"https:\/\/www.kyorene.com\/staging\/es\/patentes-y-certificaciones\/\",\"name\":\"Patentes y certificaciones - Kyorene\",\"isPartOf\":{\"@id\":\"https:\/\/www.kyorene.com\/staging\/#website\"},\"primaryImageOfPage\":{\"@id\":\"https:\/\/www.kyorene.com\/staging\/es\/patentes-y-certificaciones\/#primaryimage\"},\"image\":{\"@id\":\"https:\/\/www.kyorene.com\/staging\/es\/patentes-y-certificaciones\/#primaryimage\"},\"thumbnailUrl\":\"https:\/\/www.kyorene.com\/staging\/wp-content\/uploads\/2025\/03\/graphene-verified-banner-980x1294-1-776x1024.jpg\",\"datePublished\":\"2025-02-19T10:56:20+00:00\",\"dateModified\":\"2025-06-12T22:00:52+00:00\",\"breadcrumb\":{\"@id\":\"https:\/\/www.kyorene.com\/staging\/es\/patentes-y-certificaciones\/#breadcrumb\"},\"inLanguage\":\"es\",\"potentialAction\":[{\"@type\":\"ReadAction\",\"target\":[\"https:\/\/www.kyorene.com\/staging\/es\/patentes-y-certificaciones\/\"]}]},{\"@type\":\"ImageObject\",\"inLanguage\":\"es\",\"@id\":\"https:\/\/www.kyorene.com\/staging\/es\/patentes-y-certificaciones\/#primaryimage\",\"url\":\"https:\/\/www.kyorene.com\/staging\/wp-content\/uploads\/2025\/03\/graphene-verified-banner-980x1294-1-776x1024.jpg\",\"contentUrl\":\"https:\/\/www.kyorene.com\/staging\/wp-content\/uploads\/2025\/03\/graphene-verified-banner-980x1294-1-776x1024.jpg\"},{\"@type\":\"BreadcrumbList\",\"@id\":\"https:\/\/www.kyorene.com\/staging\/es\/patentes-y-certificaciones\/#breadcrumb\",\"itemListElement\":[{\"@type\":\"ListItem\",\"position\":1,\"name\":\"Home\",\"item\":\"https:\/\/www.kyorene.com\/staging\/es\/\"},{\"@type\":\"ListItem\",\"position\":2,\"name\":\"Patentes y certificaciones\"}]},{\"@type\":\"WebSite\",\"@id\":\"https:\/\/www.kyorene.com\/staging\/#website\",\"url\":\"https:\/\/www.kyorene.com\/staging\/\",\"name\":\"Kyorene\",\"description\":\"\",\"publisher\":{\"@id\":\"https:\/\/www.kyorene.com\/staging\/#organization\"},\"potentialAction\":[{\"@type\":\"SearchAction\",\"target\":{\"@type\":\"EntryPoint\",\"urlTemplate\":\"https:\/\/www.kyorene.com\/staging\/?s={search_term_string}\"},\"query-input\":{\"@type\":\"PropertyValueSpecification\",\"valueRequired\":true,\"valueName\":\"search_term_string\"}}],\"inLanguage\":\"es\"},{\"@type\":\"Organization\",\"@id\":\"https:\/\/www.kyorene.com\/staging\/#organization\",\"name\":\"Kyorene\",\"url\":\"https:\/\/www.kyorene.com\/staging\/\",\"logo\":{\"@type\":\"ImageObject\",\"inLanguage\":\"es\",\"@id\":\"https:\/\/www.kyorene.com\/staging\/#\/schema\/logo\/image\/\",\"url\":\"https:\/\/www.kyorene.com\/staging\/wp-content\/uploads\/2025\/02\/Kyorene-Europe-Logo-White.png\",\"contentUrl\":\"https:\/\/www.kyorene.com\/staging\/wp-content\/uploads\/2025\/02\/Kyorene-Europe-Logo-White.png\",\"width\":500,\"height\":179,\"caption\":\"Kyorene\"},\"image\":{\"@id\":\"https:\/\/www.kyorene.com\/staging\/#\/schema\/logo\/image\/\"}}]}<\/script>\n<!-- \/ Yoast SEO plugin. -->","yoast_head_json":{"title":"Patentes y certificaciones - Kyorene","robots":{"index":"index","follow":"follow","max-snippet":"max-snippet:-1","max-image-preview":"max-image-preview:large","max-video-preview":"max-video-preview:-1"},"canonical":"https:\/\/www.kyorene.com\/staging\/es\/patentes-y-certificaciones\/","og_locale":"es_ES","og_type":"article","og_title":"Patentes y certificaciones - Kyorene","og_description":"Patentes y certificaciones Certificaci\u00f3n Verified Graphene Producer Kyorene se enorgullece de ser un Verified Graphene Producer, una de solo cinco empresas en todo el mundo, y la \u00fanica en el sector de los guantes, en recibir esta prestigiosa certificaci\u00f3n. Otorgada por el Graphene Council, la comunidad m\u00e1s grande de investigadores, productores, desarrolladores y expertos de [&hellip;]","og_url":"https:\/\/www.kyorene.com\/staging\/es\/patentes-y-certificaciones\/","og_site_name":"Kyorene","article_modified_time":"2025-06-12T22:00:52+00:00","og_image":[{"width":980,"height":1294,"url":"https:\/\/www.kyorene.com\/staging\/wp-content\/uploads\/2025\/03\/graphene-verified-banner-980x1294-1.jpg","type":"image\/jpeg"}],"twitter_card":"summary_large_image","twitter_misc":{"Tiempo de lectura":"1 minuto"},"schema":{"@context":"https:\/\/schema.org","@graph":[{"@type":"WebPage","@id":"https:\/\/www.kyorene.com\/staging\/es\/patentes-y-certificaciones\/","url":"https:\/\/www.kyorene.com\/staging\/es\/patentes-y-certificaciones\/","name":"Patentes y certificaciones - Kyorene","isPartOf":{"@id":"https:\/\/www.kyorene.com\/staging\/#website"},"primaryImageOfPage":{"@id":"https:\/\/www.kyorene.com\/staging\/es\/patentes-y-certificaciones\/#primaryimage"},"image":{"@id":"https:\/\/www.kyorene.com\/staging\/es\/patentes-y-certificaciones\/#primaryimage"},"thumbnailUrl":"https:\/\/www.kyorene.com\/staging\/wp-content\/uploads\/2025\/03\/graphene-verified-banner-980x1294-1-776x1024.jpg","datePublished":"2025-02-19T10:56:20+00:00","dateModified":"2025-06-12T22:00:52+00:00","breadcrumb":{"@id":"https:\/\/www.kyorene.com\/staging\/es\/patentes-y-certificaciones\/#breadcrumb"},"inLanguage":"es","potentialAction":[{"@type":"ReadAction","target":["https:\/\/www.kyorene.com\/staging\/es\/patentes-y-certificaciones\/"]}]},{"@type":"ImageObject","inLanguage":"es","@id":"https:\/\/www.kyorene.com\/staging\/es\/patentes-y-certificaciones\/#primaryimage","url":"https:\/\/www.kyorene.com\/staging\/wp-content\/uploads\/2025\/03\/graphene-verified-banner-980x1294-1-776x1024.jpg","contentUrl":"https:\/\/www.kyorene.com\/staging\/wp-content\/uploads\/2025\/03\/graphene-verified-banner-980x1294-1-776x1024.jpg"},{"@type":"BreadcrumbList","@id":"https:\/\/www.kyorene.com\/staging\/es\/patentes-y-certificaciones\/#breadcrumb","itemListElement":[{"@type":"ListItem","position":1,"name":"Home","item":"https:\/\/www.kyorene.com\/staging\/es\/"},{"@type":"ListItem","position":2,"name":"Patentes y certificaciones"}]},{"@type":"WebSite","@id":"https:\/\/www.kyorene.com\/staging\/#website","url":"https:\/\/www.kyorene.com\/staging\/","name":"Kyorene","description":"","publisher":{"@id":"https:\/\/www.kyorene.com\/staging\/#organization"},"potentialAction":[{"@type":"SearchAction","target":{"@type":"EntryPoint","urlTemplate":"https:\/\/www.kyorene.com\/staging\/?s={search_term_string}"},"query-input":{"@type":"PropertyValueSpecification","valueRequired":true,"valueName":"search_term_string"}}],"inLanguage":"es"},{"@type":"Organization","@id":"https:\/\/www.kyorene.com\/staging\/#organization","name":"Kyorene","url":"https:\/\/www.kyorene.com\/staging\/","logo":{"@type":"ImageObject","inLanguage":"es","@id":"https:\/\/www.kyorene.com\/staging\/#\/schema\/logo\/image\/","url":"https:\/\/www.kyorene.com\/staging\/wp-content\/uploads\/2025\/02\/Kyorene-Europe-Logo-White.png","contentUrl":"https:\/\/www.kyorene.com\/staging\/wp-content\/uploads\/2025\/02\/Kyorene-Europe-Logo-White.png","width":500,"height":179,"caption":"Kyorene"},"image":{"@id":"https:\/\/www.kyorene.com\/staging\/#\/schema\/logo\/image\/"}}]}},"_links":{"self":[{"href":"https:\/\/www.kyorene.com\/staging\/es\/wp-json\/wp\/v2\/pages\/5457","targetHints":{"allow":["GET"]}}],"collection":[{"href":"https:\/\/www.kyorene.com\/staging\/es\/wp-json\/wp\/v2\/pages"}],"about":[{"href":"https:\/\/www.kyorene.com\/staging\/es\/wp-json\/wp\/v2\/types\/page"}],"author":[{"embeddable":true,"href":"https:\/\/www.kyorene.com\/staging\/es\/wp-json\/wp\/v2\/users\/2"}],"replies":[{"embeddable":true,"href":"https:\/\/www.kyorene.com\/staging\/es\/wp-json\/wp\/v2\/comments?post=5457"}],"version-history":[{"count":16,"href":"https:\/\/www.kyorene.com\/staging\/es\/wp-json\/wp\/v2\/pages\/5457\/revisions"}],"predecessor-version":[{"id":14754,"href":"https:\/\/www.kyorene.com\/staging\/es\/wp-json\/wp\/v2\/pages\/5457\/revisions\/14754"}],"wp:attachment":[{"href":"https:\/\/www.kyorene.com\/staging\/es\/wp-json\/wp\/v2\/media?parent=5457"}],"curies":[{"name":"wp","href":"https:\/\/api.w.org\/{rel}","templated":true}]}}