{"id":5212,"date":"2025-02-19T10:31:08","date_gmt":"2025-02-19T10:31:08","guid":{"rendered":"https:\/\/www.kyorene.com\/staging\/qui-sommes-nous\/"},"modified":"2025-07-14T09:30:18","modified_gmt":"2025-07-14T09:30:18","slug":"qui-sommes-nous","status":"publish","type":"page","link":"https:\/\/www.kyorene.com\/staging\/fr\/qui-sommes-nous\/","title":{"rendered":"Qui sommes-nous"},"content":{"rendered":"\t\t<div data-elementor-type=\"wp-page\" data-elementor-id=\"5212\" class=\"elementor elementor-5212 elementor-47\" data-elementor-post-type=\"page\">\n\t\t\t\t<div class=\"elementor-element elementor-element-2e26683 e-flex e-con-boxed e-con e-parent\" data-id=\"2e26683\" data-element_type=\"container\" data-settings=\"{&quot;background_background&quot;:&quot;video&quot;,&quot;background_video_link&quot;:&quot;https:\\\/\\\/www.youtube.com\\\/watch?v=cmoeDp_Iu4U&quot;}\">\n\t\t\t\t\t<div class=\"e-con-inner\">\n\t\t<div class=\"elementor-background-video-container elementor-hidden-mobile\">\n\t\t\t\t\t\t\t<div class=\"elementor-background-video-embed\"><\/div>\n\t\t\t\t\t\t<\/div>\t\t<div class=\"elementor-element elementor-element-281e73f elementor-invisible elementor-widget elementor-widget-heading\" data-id=\"281e73f\" data-element_type=\"widget\" data-settings=\"{&quot;_animation&quot;:&quot;zoomIn&quot;}\" data-widget_type=\"heading.default\">\n\t\t\t\t<div class=\"elementor-widget-container\">\n\t\t\t\t\t<h1 class=\"elementor-heading-title elementor-size-default\">Qui sommes-nous<\/h1>\t\t\t\t<\/div>\n\t\t\t\t<\/div>\n\t\t\t\t\t<\/div>\n\t\t\t\t<\/div>\n\t\t<div class=\"elementor-element elementor-element-8d684e5 e-flex e-con-boxed e-con e-parent\" data-id=\"8d684e5\" data-element_type=\"container\">\n\t\t\t\t\t<div class=\"e-con-inner\">\n\t\t<div class=\"elementor-element elementor-element-3b23aac e-con-full e-flex elementor-invisible e-con e-child\" data-id=\"3b23aac\" data-element_type=\"container\" data-settings=\"{&quot;animation&quot;:&quot;fadeInLeft&quot;}\">\n\t\t<div class=\"elementor-element elementor-element-148945d e-con-full e-flex e-con e-child\" data-id=\"148945d\" data-element_type=\"container\" data-settings=\"{&quot;background_background&quot;:&quot;classic&quot;}\">\n\t\t\t\t<div class=\"elementor-element elementor-element-5db5c78 elementor-widget elementor-widget-heading\" data-id=\"5db5c78\" data-element_type=\"widget\" data-widget_type=\"heading.default\">\n\t\t\t\t<div class=\"elementor-widget-container\">\n\t\t\t\t\t<h2 class=\"elementor-heading-title elementor-size-default\">Kyor\u00e8ne.\nUne histoire incroyable<\/h2>\t\t\t\t<\/div>\n\t\t\t\t<\/div>\n\t\t\t\t<div class=\"elementor-element elementor-element-2a5d6da elementor-widget elementor-widget-text-editor\" data-id=\"2a5d6da\" data-element_type=\"widget\" data-widget_type=\"text-editor.default\">\n\t\t\t\t<div class=\"elementor-widget-container\">\n\t\t\t\t\t\t\t\t\t<p>Kyorene est un pionnier dans la technologie du graph\u00e8ne, en le transformant en une fibre polyvalente et \u00e9cologique, principalement utilis\u00e9e dans l\u2019industrie de la s\u00e9curit\u00e9, en particulier dans la fabrication de gants de travail haute performance.<\/p>\t\t\t\t\t\t\t\t<\/div>\n\t\t\t\t<\/div>\n\t\t\t\t<div class=\"elementor-element elementor-element-66f1f72 elementor-widget elementor-widget-button\" data-id=\"66f1f72\" data-element_type=\"widget\" data-widget_type=\"button.default\">\n\t\t\t\t<div class=\"elementor-widget-container\">\n\t\t\t\t\t\t\t\t\t<div class=\"elementor-button-wrapper\">\n\t\t\t\t\t<a class=\"elementor-button elementor-button-link elementor-size-sm\" href=\"https:\/\/www.kyorene.com\/staging\/products\/\">\n\t\t\t\t\t\t<span class=\"elementor-button-content-wrapper\">\n\t\t\t\t\t\t\t\t\t<span class=\"elementor-button-text\">D\u00e9couvrez nos gants de travail de protection<\/span>\n\t\t\t\t\t<\/span>\n\t\t\t\t\t<\/a>\n\t\t\t\t<\/div>\n\t\t\t\t\t\t\t\t<\/div>\n\t\t\t\t<\/div>\n\t\t\t\t<\/div>\n\t\t\t\t<\/div>\n\t\t<div class=\"elementor-element elementor-element-3e3c431 e-con-full e-flex elementor-invisible e-con e-child\" data-id=\"3e3c431\" data-element_type=\"container\" data-settings=\"{&quot;animation&quot;:&quot;fadeInRight&quot;}\">\n\t\t\t\t<div class=\"elementor-element elementor-element-f32c343 elementor-widget elementor-widget-image\" data-id=\"f32c343\" data-element_type=\"widget\" data-widget_type=\"image.default\">\n\t\t\t\t<div class=\"elementor-widget-container\">\n\t\t\t\t\t\t\t\t\t\t\t\t\t\t\t<img fetchpriority=\"high\" decoding=\"async\" width=\"1060\" height=\"720\" src=\"https:\/\/www.kyorene.com\/staging\/wp-content\/uploads\/2025\/02\/banner-who-we-are-tessuto.jpg\" class=\"attachment-full size-full wp-image-3228\" alt=\"\" srcset=\"https:\/\/www.kyorene.com\/staging\/wp-content\/uploads\/2025\/02\/banner-who-we-are-tessuto.jpg 1060w, https:\/\/www.kyorene.com\/staging\/wp-content\/uploads\/2025\/02\/banner-who-we-are-tessuto-300x204.jpg 300w, https:\/\/www.kyorene.com\/staging\/wp-content\/uploads\/2025\/02\/banner-who-we-are-tessuto-1024x696.jpg 1024w, https:\/\/www.kyorene.com\/staging\/wp-content\/uploads\/2025\/02\/banner-who-we-are-tessuto-768x522.jpg 768w\" sizes=\"(max-width: 1060px) 100vw, 1060px\" \/>\t\t\t\t\t\t\t\t\t\t\t\t\t\t\t<\/div>\n\t\t\t\t<\/div>\n\t\t\t\t<\/div>\n\t\t\t\t\t<\/div>\n\t\t\t\t<\/div>\n\t\t<div class=\"elementor-element elementor-element-45288a4 e-flex e-con-boxed e-con e-parent\" data-id=\"45288a4\" data-element_type=\"container\" data-settings=\"{&quot;background_background&quot;:&quot;classic&quot;}\">\n\t\t\t\t\t<div class=\"e-con-inner\">\n\t\t<div class=\"elementor-element elementor-element-22a0f2e e-con-full e-flex elementor-invisible e-con e-child\" data-id=\"22a0f2e\" data-element_type=\"container\" data-settings=\"{&quot;animation&quot;:&quot;fadeInRight&quot;}\">\n\t\t<div class=\"elementor-element elementor-element-d438796 e-con-full e-flex e-con e-child\" data-id=\"d438796\" data-element_type=\"container\" data-settings=\"{&quot;background_background&quot;:&quot;classic&quot;}\">\n\t\t\t\t<div class=\"elementor-element elementor-element-3fb9c20 elementor-widget elementor-widget-text-editor\" data-id=\"3fb9c20\" data-element_type=\"widget\" data-widget_type=\"text-editor.default\">\n\t\t\t\t<div class=\"elementor-widget-container\">\n\t\t\t\t\t\t\t\t\t<p>Gr\u00e2ce \u00e0 notre fibre de graph\u00e8ne brevet\u00e9e, nous avons d\u00e9velopp\u00e9 une gamme de gants de travail r\u00e9sistants aux coupures, en offrant une protection exceptionnelle, une r\u00e9sistance sup\u00e9rieure aux coupures et \u00e0 l\u2019abrasion (certifi\u00e9e EN388), ainsi qu\u2019une grande durabilit\u00e9, r\u00e9volutionnant ainsi l\u2019industrie du gant pour les professionnels du secteur manufacturier et les travailleurs qui ont besoin chaque jour d\u2019une protection s\u00fbre et d\u2019une pr\u00e9cision fiable.<\/p>\t\t\t\t\t\t\t\t<\/div>\n\t\t\t\t<\/div>\n\t\t\t\t<div class=\"elementor-element elementor-element-09718bb elementor-widget elementor-widget-button\" data-id=\"09718bb\" data-element_type=\"widget\" data-widget_type=\"button.default\">\n\t\t\t\t<div class=\"elementor-widget-container\">\n\t\t\t\t\t\t\t\t\t<div class=\"elementor-button-wrapper\">\n\t\t\t\t\t<a class=\"elementor-button elementor-button-link elementor-size-sm\" href=\"https:\/\/www.kyorene.com\/staging\/standards\/\">\n\t\t\t\t\t\t<span class=\"elementor-button-content-wrapper\">\n\t\t\t\t\t\t\t\t\t<span class=\"elementor-button-text\">D\u00e9couvrez nos gants de travail de s\u00e9curit\u00e9<\/span>\n\t\t\t\t\t<\/span>\n\t\t\t\t\t<\/a>\n\t\t\t\t<\/div>\n\t\t\t\t\t\t\t\t<\/div>\n\t\t\t\t<\/div>\n\t\t\t\t<\/div>\n\t\t\t\t<\/div>\n\t\t<div class=\"elementor-element elementor-element-ecb193b e-con-full e-flex elementor-invisible e-con e-child\" data-id=\"ecb193b\" data-element_type=\"container\" data-settings=\"{&quot;animation&quot;:&quot;fadeInLeft&quot;}\">\n\t\t\t\t<div class=\"elementor-element elementor-element-66ad270 elementor-widget elementor-widget-image\" data-id=\"66ad270\" data-element_type=\"widget\" data-widget_type=\"image.default\">\n\t\t\t\t<div class=\"elementor-widget-container\">\n\t\t\t\t\t\t\t\t\t\t\t\t\t\t\t<img decoding=\"async\" width=\"1060\" height=\"720\" src=\"https:\/\/www.kyorene.com\/staging\/wp-content\/uploads\/2025\/02\/banner-who-we-are-guanti.jpg\" class=\"attachment-full size-full wp-image-3222\" alt=\"\" srcset=\"https:\/\/www.kyorene.com\/staging\/wp-content\/uploads\/2025\/02\/banner-who-we-are-guanti.jpg 1060w, https:\/\/www.kyorene.com\/staging\/wp-content\/uploads\/2025\/02\/banner-who-we-are-guanti-300x204.jpg 300w, https:\/\/www.kyorene.com\/staging\/wp-content\/uploads\/2025\/02\/banner-who-we-are-guanti-1024x696.jpg 1024w, https:\/\/www.kyorene.com\/staging\/wp-content\/uploads\/2025\/02\/banner-who-we-are-guanti-768x522.jpg 768w\" sizes=\"(max-width: 1060px) 100vw, 1060px\" \/>\t\t\t\t\t\t\t\t\t\t\t\t\t\t\t<\/div>\n\t\t\t\t<\/div>\n\t\t\t\t<\/div>\n\t\t\t\t\t<\/div>\n\t\t\t\t<\/div>\n\t\t<div class=\"elementor-element elementor-element-c37df13 e-flex e-con-boxed e-con e-parent\" data-id=\"c37df13\" data-element_type=\"container\">\n\t\t\t\t\t<div class=\"e-con-inner\">\n\t\t<div class=\"elementor-element elementor-element-0258d73 e-con-full e-flex elementor-invisible e-con e-child\" data-id=\"0258d73\" data-element_type=\"container\" data-settings=\"{&quot;animation&quot;:&quot;fadeInLeft&quot;}\">\n\t\t<div class=\"elementor-element elementor-element-c308dc0 e-con-full e-flex e-con e-child\" data-id=\"c308dc0\" data-element_type=\"container\" data-settings=\"{&quot;background_background&quot;:&quot;classic&quot;}\">\n\t\t\t\t<div class=\"elementor-element elementor-element-46de882 elementor-widget elementor-widget-text-editor\" data-id=\"46de882\" data-element_type=\"widget\" data-widget_type=\"text-editor.default\">\n\t\t\t\t<div class=\"elementor-widget-container\">\n\t\t\t\t\t\t\t\t\t<p>Les gants en graph\u00e8ne Kyorene conservent les propri\u00e9t\u00e9s naturelles du graph\u00e8ne, notamment des effets bact\u00e9riostatiques, la neutralisation des odeurs, la r\u00e9gulation thermique et la protection contre les UV, garantissant ainsi un environnement de travail plus s\u00fbr et plus confortable pour ceux qui comptent sur leurs mains au quotidien.<\/p>\t\t\t\t\t\t\t\t<\/div>\n\t\t\t\t<\/div>\n\t\t\t\t<div class=\"elementor-element elementor-element-41ec572 elementor-widget elementor-widget-button\" data-id=\"41ec572\" data-element_type=\"widget\" data-widget_type=\"button.default\">\n\t\t\t\t<div class=\"elementor-widget-container\">\n\t\t\t\t\t\t\t\t\t<div class=\"elementor-button-wrapper\">\n\t\t\t\t\t<a class=\"elementor-button elementor-button-link elementor-size-sm\" href=\"https:\/\/www.kyorene.com\/staging\/patents-and-certifications\/\">\n\t\t\t\t\t\t<span class=\"elementor-button-content-wrapper\">\n\t\t\t\t\t\t\t\t\t<span class=\"elementor-button-text\">En savoir plus sur nos propri\u00e9t\u00e9s de gants de travail<\/span>\n\t\t\t\t\t<\/span>\n\t\t\t\t\t<\/a>\n\t\t\t\t<\/div>\n\t\t\t\t\t\t\t\t<\/div>\n\t\t\t\t<\/div>\n\t\t\t\t<\/div>\n\t\t\t\t<\/div>\n\t\t<div class=\"elementor-element elementor-element-5643fca e-con-full e-flex elementor-invisible e-con e-child\" data-id=\"5643fca\" data-element_type=\"container\" data-settings=\"{&quot;animation&quot;:&quot;fadeInRight&quot;}\">\n\t\t\t\t<div class=\"elementor-element elementor-element-59d4129 elementor-widget elementor-widget-image\" data-id=\"59d4129\" data-element_type=\"widget\" data-widget_type=\"image.default\">\n\t\t\t\t<div class=\"elementor-widget-container\">\n\t\t\t\t\t\t\t\t\t\t\t\t\t\t\t<img decoding=\"async\" width=\"1060\" height=\"720\" src=\"https:\/\/www.kyorene.com\/staging\/wp-content\/uploads\/2025\/02\/infografica-banner-who-we-are-1.jpg\" class=\"attachment-full size-full wp-image-3216\" alt=\"\" srcset=\"https:\/\/www.kyorene.com\/staging\/wp-content\/uploads\/2025\/02\/infografica-banner-who-we-are-1.jpg 1060w, https:\/\/www.kyorene.com\/staging\/wp-content\/uploads\/2025\/02\/infografica-banner-who-we-are-1-300x204.jpg 300w, https:\/\/www.kyorene.com\/staging\/wp-content\/uploads\/2025\/02\/infografica-banner-who-we-are-1-1024x696.jpg 1024w, https:\/\/www.kyorene.com\/staging\/wp-content\/uploads\/2025\/02\/infografica-banner-who-we-are-1-768x522.jpg 768w\" sizes=\"(max-width: 1060px) 100vw, 1060px\" \/>\t\t\t\t\t\t\t\t\t\t\t\t\t\t\t<\/div>\n\t\t\t\t<\/div>\n\t\t\t\t<\/div>\n\t\t\t\t\t<\/div>\n\t\t\t\t<\/div>\n\t\t<div class=\"elementor-element elementor-element-b2a142e e-flex e-con-boxed e-con e-parent\" data-id=\"b2a142e\" data-element_type=\"container\" data-settings=\"{&quot;background_background&quot;:&quot;classic&quot;}\">\n\t\t\t\t\t<div class=\"e-con-inner\">\n\t\t<div class=\"elementor-element elementor-element-4c0bbdc e-con-full e-flex elementor-invisible e-con e-child\" data-id=\"4c0bbdc\" data-element_type=\"container\" data-settings=\"{&quot;animation&quot;:&quot;fadeInRight&quot;}\">\n\t\t<div class=\"elementor-element elementor-element-5421655 e-con-full e-flex e-con e-child\" data-id=\"5421655\" data-element_type=\"container\" data-settings=\"{&quot;background_background&quot;:&quot;classic&quot;}\">\n\t\t\t\t<div class=\"elementor-element elementor-element-17d2315 elementor-widget elementor-widget-heading\" data-id=\"17d2315\" data-element_type=\"widget\" data-widget_type=\"heading.default\">\n\t\t\t\t<div class=\"elementor-widget-container\">\n\t\t\t\t\t<h2 class=\"elementor-heading-title elementor-size-default\">Notre mission<\/h2>\t\t\t\t<\/div>\n\t\t\t\t<\/div>\n\t\t\t\t<div class=\"elementor-element elementor-element-2c3af66 elementor-widget elementor-widget-text-editor\" data-id=\"2c3af66\" data-element_type=\"widget\" data-widget_type=\"text-editor.default\">\n\t\t\t\t<div class=\"elementor-widget-container\">\n\t\t\t\t\t\t\t\t\t<p data-start=\"1311\" data-end=\"1663\"><strong data-start=\"1331\" data-end=\"1661\">Chez Kyorene, nous nous engageons \u00e0 transformer la s\u00e9curit\u00e9 au travail en proposant des gants haute performance fabriqu\u00e9s avec une technologie avanc\u00e9e au graph\u00e8ne, offrant une protection in\u00e9gal\u00e9e, une r\u00e9sistance exceptionnelle aux coupures et \u00e0 l\u2019abrasion, ainsi qu\u2019un confort optimal pour les travailleurs de <span data-teams=\"true\">diff\u00e9rents <\/span>secteurs.<\/strong><\/p>\n<p data-start=\"1665\" data-end=\"2063\"><strong data-start=\"1665\" data-end=\"2063\">Nos gants sont sp\u00e9cialement con\u00e7us pour r\u00e9pondre aux besoins vari\u00e9s des professionnels dans des domaines tels que l\u2019a\u00e9ronautique, l&rsquo;automobile, la fabrication, le soudage, la logistique, le stockage en entrep\u00f4t, la manutention du verre et les t\u00e2ches d\u00e9licates. Que ce soit dans des environnements l\u00e9gers ou intensifs, les gants Kyorene garantissent s\u00e9curit\u00e9 et performance optimales.<\/strong><\/p>\n<p data-start=\"2065\" data-end=\"2114\"><strong data-start=\"2065\" data-end=\"2114\">Bienvenue dans le futur des gants de travail.<\/strong><\/p>\t\t\t\t\t\t\t\t<\/div>\n\t\t\t\t<\/div>\n\t\t\t\t<div class=\"elementor-element elementor-element-1bccf8c elementor-widget elementor-widget-button\" data-id=\"1bccf8c\" data-element_type=\"widget\" data-widget_type=\"button.default\">\n\t\t\t\t<div class=\"elementor-widget-container\">\n\t\t\t\t\t\t\t\t\t<div class=\"elementor-button-wrapper\">\n\t\t\t\t\t<a class=\"elementor-button elementor-button-link elementor-size-sm\" href=\"https:\/\/www.kyorene.com\/staging\/standards\/\">\n\t\t\t\t\t\t<span class=\"elementor-button-content-wrapper\">\n\t\t\t\t\t\t\t\t\t<span class=\"elementor-button-text\">D\u00e9couvrez nos gants de travail de s\u00e9curit\u00e9<\/span>\n\t\t\t\t\t<\/span>\n\t\t\t\t\t<\/a>\n\t\t\t\t<\/div>\n\t\t\t\t\t\t\t\t<\/div>\n\t\t\t\t<\/div>\n\t\t\t\t<\/div>\n\t\t\t\t<\/div>\n\t\t<div class=\"elementor-element elementor-element-dd81abd e-con-full e-flex elementor-invisible e-con e-child\" data-id=\"dd81abd\" data-element_type=\"container\" data-settings=\"{&quot;animation&quot;:&quot;fadeInLeft&quot;}\">\n\t\t\t\t<div class=\"elementor-element elementor-element-90042ca elementor-widget elementor-widget-image\" data-id=\"90042ca\" data-element_type=\"widget\" data-widget_type=\"image.default\">\n\t\t\t\t<div class=\"elementor-widget-container\">\n\t\t\t\t\t\t\t\t\t\t\t\t\t\t\t<img loading=\"lazy\" decoding=\"async\" width=\"800\" height=\"483\" src=\"https:\/\/www.kyorene.com\/staging\/wp-content\/uploads\/2025\/02\/foto-story-424-1024x618.jpg\" class=\"attachment-large size-large wp-image-3210\" alt=\"\" srcset=\"https:\/\/www.kyorene.com\/staging\/wp-content\/uploads\/2025\/02\/foto-story-424-1024x618.jpg 1024w, https:\/\/www.kyorene.com\/staging\/wp-content\/uploads\/2025\/02\/foto-story-424-300x181.jpg 300w, https:\/\/www.kyorene.com\/staging\/wp-content\/uploads\/2025\/02\/foto-story-424-768x464.jpg 768w, https:\/\/www.kyorene.com\/staging\/wp-content\/uploads\/2025\/02\/foto-story-424.jpg 1060w\" sizes=\"(max-width: 800px) 100vw, 800px\" \/>\t\t\t\t\t\t\t\t\t\t\t\t\t\t\t<\/div>\n\t\t\t\t<\/div>\n\t\t\t\t<\/div>\n\t\t\t\t\t<\/div>\n\t\t\t\t<\/div>\n\t\t\t\t<\/div>\n\t\t","protected":false},"excerpt":{"rendered":"<p>Qui sommes-nous Kyor\u00e8ne. Une histoire incroyable Kyorene est un pionnier dans la technologie du graph\u00e8ne, en le transformant en une fibre polyvalente et \u00e9cologique, principalement utilis\u00e9e dans l\u2019industrie de la s\u00e9curit\u00e9, en particulier dans la fabrication de gants de travail haute performance. D\u00e9couvrez nos gants de travail de protection Gr\u00e2ce \u00e0 notre fibre de graph\u00e8ne [&hellip;]<\/p>\n","protected":false},"author":2,"featured_media":0,"parent":0,"menu_order":0,"comment_status":"closed","ping_status":"closed","template":"","meta":{"footnotes":""},"class_list":["post-5212","page","type-page","status-publish","hentry"],"yoast_head":"<!-- This site is optimized with the Yoast SEO plugin v26.9 - https:\/\/yoast.com\/product\/yoast-seo-wordpress\/ -->\n<title>Qui sommes-nous - Kyorene<\/title>\n<meta name=\"robots\" content=\"index, follow, max-snippet:-1, max-image-preview:large, max-video-preview:-1\" \/>\n<link rel=\"canonical\" href=\"https:\/\/www.kyorene.com\/staging\/fr\/qui-sommes-nous\/\" \/>\n<meta property=\"og:locale\" content=\"fr_FR\" \/>\n<meta property=\"og:type\" content=\"article\" \/>\n<meta property=\"og:title\" content=\"Qui sommes-nous - Kyorene\" \/>\n<meta property=\"og:description\" content=\"Qui sommes-nous Kyor\u00e8ne. Une histoire incroyable Kyorene est un pionnier dans la technologie du graph\u00e8ne, en le transformant en une fibre polyvalente et \u00e9cologique, principalement utilis\u00e9e dans l\u2019industrie de la s\u00e9curit\u00e9, en particulier dans la fabrication de gants de travail haute performance. D\u00e9couvrez nos gants de travail de protection Gr\u00e2ce \u00e0 notre fibre de graph\u00e8ne [&hellip;]\" \/>\n<meta property=\"og:url\" content=\"https:\/\/www.kyorene.com\/staging\/fr\/qui-sommes-nous\/\" \/>\n<meta property=\"og:site_name\" content=\"Kyorene\" \/>\n<meta property=\"article:modified_time\" content=\"2025-07-14T09:30:18+00:00\" \/>\n<meta property=\"og:image\" content=\"https:\/\/www.kyorene.com\/staging\/wp-content\/uploads\/2025\/02\/banner-who-we-are-tessuto.jpg\" \/>\n\t<meta property=\"og:image:width\" content=\"1060\" \/>\n\t<meta property=\"og:image:height\" content=\"720\" \/>\n\t<meta property=\"og:image:type\" content=\"image\/jpeg\" \/>\n<meta name=\"twitter:card\" content=\"summary_large_image\" \/>\n<meta name=\"twitter:label1\" content=\"Dur\u00e9e de lecture estim\u00e9e\" \/>\n\t<meta name=\"twitter:data1\" content=\"2 minutes\" \/>\n<script type=\"application\/ld+json\" class=\"yoast-schema-graph\">{\"@context\":\"https:\/\/schema.org\",\"@graph\":[{\"@type\":\"WebPage\",\"@id\":\"https:\/\/www.kyorene.com\/staging\/fr\/qui-sommes-nous\/\",\"url\":\"https:\/\/www.kyorene.com\/staging\/fr\/qui-sommes-nous\/\",\"name\":\"Qui sommes-nous - Kyorene\",\"isPartOf\":{\"@id\":\"https:\/\/www.kyorene.com\/staging\/#website\"},\"primaryImageOfPage\":{\"@id\":\"https:\/\/www.kyorene.com\/staging\/fr\/qui-sommes-nous\/#primaryimage\"},\"image\":{\"@id\":\"https:\/\/www.kyorene.com\/staging\/fr\/qui-sommes-nous\/#primaryimage\"},\"thumbnailUrl\":\"https:\/\/www.kyorene.com\/staging\/wp-content\/uploads\/2025\/02\/banner-who-we-are-tessuto.jpg\",\"datePublished\":\"2025-02-19T10:31:08+00:00\",\"dateModified\":\"2025-07-14T09:30:18+00:00\",\"breadcrumb\":{\"@id\":\"https:\/\/www.kyorene.com\/staging\/fr\/qui-sommes-nous\/#breadcrumb\"},\"inLanguage\":\"fr-FR\",\"potentialAction\":[{\"@type\":\"ReadAction\",\"target\":[\"https:\/\/www.kyorene.com\/staging\/fr\/qui-sommes-nous\/\"]}]},{\"@type\":\"ImageObject\",\"inLanguage\":\"fr-FR\",\"@id\":\"https:\/\/www.kyorene.com\/staging\/fr\/qui-sommes-nous\/#primaryimage\",\"url\":\"https:\/\/www.kyorene.com\/staging\/wp-content\/uploads\/2025\/02\/banner-who-we-are-tessuto.jpg\",\"contentUrl\":\"https:\/\/www.kyorene.com\/staging\/wp-content\/uploads\/2025\/02\/banner-who-we-are-tessuto.jpg\"},{\"@type\":\"BreadcrumbList\",\"@id\":\"https:\/\/www.kyorene.com\/staging\/fr\/qui-sommes-nous\/#breadcrumb\",\"itemListElement\":[{\"@type\":\"ListItem\",\"position\":1,\"name\":\"Home\",\"item\":\"https:\/\/www.kyorene.com\/staging\/fr\/\"},{\"@type\":\"ListItem\",\"position\":2,\"name\":\"Qui sommes-nous\"}]},{\"@type\":\"WebSite\",\"@id\":\"https:\/\/www.kyorene.com\/staging\/#website\",\"url\":\"https:\/\/www.kyorene.com\/staging\/\",\"name\":\"Kyorene\",\"description\":\"\",\"publisher\":{\"@id\":\"https:\/\/www.kyorene.com\/staging\/#organization\"},\"potentialAction\":[{\"@type\":\"SearchAction\",\"target\":{\"@type\":\"EntryPoint\",\"urlTemplate\":\"https:\/\/www.kyorene.com\/staging\/?s={search_term_string}\"},\"query-input\":{\"@type\":\"PropertyValueSpecification\",\"valueRequired\":true,\"valueName\":\"search_term_string\"}}],\"inLanguage\":\"fr-FR\"},{\"@type\":\"Organization\",\"@id\":\"https:\/\/www.kyorene.com\/staging\/#organization\",\"name\":\"Kyorene\",\"url\":\"https:\/\/www.kyorene.com\/staging\/\",\"logo\":{\"@type\":\"ImageObject\",\"inLanguage\":\"fr-FR\",\"@id\":\"https:\/\/www.kyorene.com\/staging\/#\/schema\/logo\/image\/\",\"url\":\"https:\/\/www.kyorene.com\/staging\/wp-content\/uploads\/2025\/02\/Kyorene-Europe-Logo-White.png\",\"contentUrl\":\"https:\/\/www.kyorene.com\/staging\/wp-content\/uploads\/2025\/02\/Kyorene-Europe-Logo-White.png\",\"width\":500,\"height\":179,\"caption\":\"Kyorene\"},\"image\":{\"@id\":\"https:\/\/www.kyorene.com\/staging\/#\/schema\/logo\/image\/\"}}]}<\/script>\n<!-- \/ Yoast SEO plugin. -->","yoast_head_json":{"title":"Qui sommes-nous - Kyorene","robots":{"index":"index","follow":"follow","max-snippet":"max-snippet:-1","max-image-preview":"max-image-preview:large","max-video-preview":"max-video-preview:-1"},"canonical":"https:\/\/www.kyorene.com\/staging\/fr\/qui-sommes-nous\/","og_locale":"fr_FR","og_type":"article","og_title":"Qui sommes-nous - Kyorene","og_description":"Qui sommes-nous Kyor\u00e8ne. Une histoire incroyable Kyorene est un pionnier dans la technologie du graph\u00e8ne, en le transformant en une fibre polyvalente et \u00e9cologique, principalement utilis\u00e9e dans l\u2019industrie de la s\u00e9curit\u00e9, en particulier dans la fabrication de gants de travail haute performance. D\u00e9couvrez nos gants de travail de protection Gr\u00e2ce \u00e0 notre fibre de graph\u00e8ne [&hellip;]","og_url":"https:\/\/www.kyorene.com\/staging\/fr\/qui-sommes-nous\/","og_site_name":"Kyorene","article_modified_time":"2025-07-14T09:30:18+00:00","og_image":[{"width":1060,"height":720,"url":"https:\/\/www.kyorene.com\/staging\/wp-content\/uploads\/2025\/02\/banner-who-we-are-tessuto.jpg","type":"image\/jpeg"}],"twitter_card":"summary_large_image","twitter_misc":{"Dur\u00e9e de lecture estim\u00e9e":"2 minutes"},"schema":{"@context":"https:\/\/schema.org","@graph":[{"@type":"WebPage","@id":"https:\/\/www.kyorene.com\/staging\/fr\/qui-sommes-nous\/","url":"https:\/\/www.kyorene.com\/staging\/fr\/qui-sommes-nous\/","name":"Qui sommes-nous - Kyorene","isPartOf":{"@id":"https:\/\/www.kyorene.com\/staging\/#website"},"primaryImageOfPage":{"@id":"https:\/\/www.kyorene.com\/staging\/fr\/qui-sommes-nous\/#primaryimage"},"image":{"@id":"https:\/\/www.kyorene.com\/staging\/fr\/qui-sommes-nous\/#primaryimage"},"thumbnailUrl":"https:\/\/www.kyorene.com\/staging\/wp-content\/uploads\/2025\/02\/banner-who-we-are-tessuto.jpg","datePublished":"2025-02-19T10:31:08+00:00","dateModified":"2025-07-14T09:30:18+00:00","breadcrumb":{"@id":"https:\/\/www.kyorene.com\/staging\/fr\/qui-sommes-nous\/#breadcrumb"},"inLanguage":"fr-FR","potentialAction":[{"@type":"ReadAction","target":["https:\/\/www.kyorene.com\/staging\/fr\/qui-sommes-nous\/"]}]},{"@type":"ImageObject","inLanguage":"fr-FR","@id":"https:\/\/www.kyorene.com\/staging\/fr\/qui-sommes-nous\/#primaryimage","url":"https:\/\/www.kyorene.com\/staging\/wp-content\/uploads\/2025\/02\/banner-who-we-are-tessuto.jpg","contentUrl":"https:\/\/www.kyorene.com\/staging\/wp-content\/uploads\/2025\/02\/banner-who-we-are-tessuto.jpg"},{"@type":"BreadcrumbList","@id":"https:\/\/www.kyorene.com\/staging\/fr\/qui-sommes-nous\/#breadcrumb","itemListElement":[{"@type":"ListItem","position":1,"name":"Home","item":"https:\/\/www.kyorene.com\/staging\/fr\/"},{"@type":"ListItem","position":2,"name":"Qui sommes-nous"}]},{"@type":"WebSite","@id":"https:\/\/www.kyorene.com\/staging\/#website","url":"https:\/\/www.kyorene.com\/staging\/","name":"Kyorene","description":"","publisher":{"@id":"https:\/\/www.kyorene.com\/staging\/#organization"},"potentialAction":[{"@type":"SearchAction","target":{"@type":"EntryPoint","urlTemplate":"https:\/\/www.kyorene.com\/staging\/?s={search_term_string}"},"query-input":{"@type":"PropertyValueSpecification","valueRequired":true,"valueName":"search_term_string"}}],"inLanguage":"fr-FR"},{"@type":"Organization","@id":"https:\/\/www.kyorene.com\/staging\/#organization","name":"Kyorene","url":"https:\/\/www.kyorene.com\/staging\/","logo":{"@type":"ImageObject","inLanguage":"fr-FR","@id":"https:\/\/www.kyorene.com\/staging\/#\/schema\/logo\/image\/","url":"https:\/\/www.kyorene.com\/staging\/wp-content\/uploads\/2025\/02\/Kyorene-Europe-Logo-White.png","contentUrl":"https:\/\/www.kyorene.com\/staging\/wp-content\/uploads\/2025\/02\/Kyorene-Europe-Logo-White.png","width":500,"height":179,"caption":"Kyorene"},"image":{"@id":"https:\/\/www.kyorene.com\/staging\/#\/schema\/logo\/image\/"}}]}},"_links":{"self":[{"href":"https:\/\/www.kyorene.com\/staging\/fr\/wp-json\/wp\/v2\/pages\/5212","targetHints":{"allow":["GET"]}}],"collection":[{"href":"https:\/\/www.kyorene.com\/staging\/fr\/wp-json\/wp\/v2\/pages"}],"about":[{"href":"https:\/\/www.kyorene.com\/staging\/fr\/wp-json\/wp\/v2\/types\/page"}],"author":[{"embeddable":true,"href":"https:\/\/www.kyorene.com\/staging\/fr\/wp-json\/wp\/v2\/users\/2"}],"replies":[{"embeddable":true,"href":"https:\/\/www.kyorene.com\/staging\/fr\/wp-json\/wp\/v2\/comments?post=5212"}],"version-history":[{"count":33,"href":"https:\/\/www.kyorene.com\/staging\/fr\/wp-json\/wp\/v2\/pages\/5212\/revisions"}],"predecessor-version":[{"id":15204,"href":"https:\/\/www.kyorene.com\/staging\/fr\/wp-json\/wp\/v2\/pages\/5212\/revisions\/15204"}],"wp:attachment":[{"href":"https:\/\/www.kyorene.com\/staging\/fr\/wp-json\/wp\/v2\/media?parent=5212"}],"curies":[{"name":"wp","href":"https:\/\/api.w.org\/{rel}","templated":true}]}}