{"id":5231,"date":"2025-02-19T10:56:20","date_gmt":"2025-02-19T10:56:20","guid":{"rendered":"https:\/\/www.kyorene.com\/staging\/brevets-et-certifications\/"},"modified":"2025-07-14T09:44:15","modified_gmt":"2025-07-14T09:44:15","slug":"brevets-et-certifications","status":"publish","type":"page","link":"https:\/\/www.kyorene.com\/staging\/fr\/brevets-et-certifications\/","title":{"rendered":"Brevets et certifications"},"content":{"rendered":"\t\t<div data-elementor-type=\"wp-page\" data-elementor-id=\"5231\" class=\"elementor elementor-5231 elementor-88\" data-elementor-post-type=\"page\">\n\t\t\t\t<div class=\"elementor-element elementor-element-76c7509 e-flex e-con-boxed e-con e-parent\" data-id=\"76c7509\" data-element_type=\"container\" data-settings=\"{&quot;background_background&quot;:&quot;classic&quot;}\">\n\t\t\t\t\t<div class=\"e-con-inner\">\n\t\t\t\t<div class=\"elementor-element elementor-element-8df226e elementor-widget elementor-widget-heading\" data-id=\"8df226e\" data-element_type=\"widget\" data-widget_type=\"heading.default\">\n\t\t\t\t<div class=\"elementor-widget-container\">\n\t\t\t\t\t<h1 class=\"elementor-heading-title elementor-size-default\">Brevets\net\ncertifications<\/h1>\t\t\t\t<\/div>\n\t\t\t\t<\/div>\n\t\t\t\t\t<\/div>\n\t\t\t\t<\/div>\n\t\t<div class=\"elementor-element elementor-element-b3c755f e-flex e-con-boxed e-con e-parent\" data-id=\"b3c755f\" data-element_type=\"container\">\n\t\t\t\t\t<div class=\"e-con-inner\">\n\t\t<div class=\"elementor-element elementor-element-c0e2458 e-con-full e-flex e-con e-child\" data-id=\"c0e2458\" data-element_type=\"container\">\n\t\t\t\t<div class=\"elementor-element elementor-element-ac4a8f3 elementor-widget elementor-widget-heading\" data-id=\"ac4a8f3\" data-element_type=\"widget\" data-widget_type=\"heading.default\">\n\t\t\t\t<div class=\"elementor-widget-container\">\n\t\t\t\t\t<h2 class=\"elementor-heading-title elementor-size-default\">Certification de Producteur de Graph\u00e8ne V\u00e9rifi\u00e9<\/h2>\t\t\t\t<\/div>\n\t\t\t\t<\/div>\n\t\t\t\t<div class=\"elementor-element elementor-element-2996569 elementor-widget elementor-widget-text-editor\" data-id=\"2996569\" data-element_type=\"widget\" data-widget_type=\"text-editor.default\">\n\t\t\t\t<div class=\"elementor-widget-container\">\n\t\t\t\t\t\t\t\t\t<p>Kyorene est fi\u00e8re d&rsquo;\u00eatre Producteur de Graph\u00e8ne V\u00e9rifi\u00e9, l&rsquo;une des cinq entreprises au monde et la seule \u00e0 obtenir cette prestigieuse certification. D\u00e9cern\u00e9 par le Graphene Council, la plus grande communaut\u00e9 mondiale de chercheurs, producteurs, d\u00e9veloppeurs et experts du secteur du graph\u00e8ne, le programme Producteur de Graph\u00e8ne V\u00e9rifi\u00e9 est la seule certification impliquant des inspections ind\u00e9pendantes des installations de production de graph\u00e8ne, la v\u00e9rification des m\u00e9thodes de production et l&rsquo;\u00e9valuation des volumes et des processus de contr\u00f4le qualit\u00e9.<\/p>\n<p>Cette certification garantit \u00e0 nos partenaires et clients que Kyorene fournit des gants \u00e0 base de graph\u00e8ne de haute qualit\u00e9, nous positionnant ainsi comme un leader en mati\u00e8re d\u2019innovation, de durabilit\u00e9 et d\u2019engagement d&rsquo;excellence dans le secteur.<\/p>\t\t\t\t\t\t\t\t<\/div>\n\t\t\t\t<\/div>\n\t\t\t\t<\/div>\n\t\t<div class=\"elementor-element elementor-element-3eee16c e-con-full e-flex e-con e-child\" data-id=\"3eee16c\" data-element_type=\"container\">\n\t\t\t\t<div class=\"elementor-element elementor-element-a41b016 elementor-widget elementor-widget-image\" data-id=\"a41b016\" data-element_type=\"widget\" data-widget_type=\"image.default\">\n\t\t\t\t<div class=\"elementor-widget-container\">\n\t\t\t\t\t\t\t\t\t\t\t\t\t\t\t<img fetchpriority=\"high\" decoding=\"async\" width=\"776\" height=\"1024\" src=\"https:\/\/www.kyorene.com\/staging\/wp-content\/uploads\/2025\/03\/graphene-verified-banner-980x1294-1-776x1024.jpg\" class=\"attachment-large size-large wp-image-3414\" alt=\"\" srcset=\"https:\/\/www.kyorene.com\/staging\/wp-content\/uploads\/2025\/03\/graphene-verified-banner-980x1294-1-776x1024.jpg 776w, https:\/\/www.kyorene.com\/staging\/wp-content\/uploads\/2025\/03\/graphene-verified-banner-980x1294-1-227x300.jpg 227w, https:\/\/www.kyorene.com\/staging\/wp-content\/uploads\/2025\/03\/graphene-verified-banner-980x1294-1-768x1014.jpg 768w, https:\/\/www.kyorene.com\/staging\/wp-content\/uploads\/2025\/03\/graphene-verified-banner-980x1294-1.jpg 980w\" sizes=\"(max-width: 776px) 100vw, 776px\" \/>\t\t\t\t\t\t\t\t\t\t\t\t\t\t\t<\/div>\n\t\t\t\t<\/div>\n\t\t\t\t<\/div>\n\t\t\t\t\t<\/div>\n\t\t\t\t<\/div>\n\t\t<div class=\"elementor-element elementor-element-f89024c e-flex e-con-boxed e-con e-parent\" data-id=\"f89024c\" data-element_type=\"container\">\n\t\t\t\t\t<div class=\"e-con-inner\">\n\t\t<div class=\"elementor-element elementor-element-f24da4d e-con-full e-flex e-con e-child\" data-id=\"f24da4d\" data-element_type=\"container\">\n\t\t\t\t<div class=\"elementor-element elementor-element-122426d elementor-widget elementor-widget-image\" data-id=\"122426d\" data-element_type=\"widget\" data-widget_type=\"image.default\">\n\t\t\t\t<div class=\"elementor-widget-container\">\n\t\t\t\t\t\t\t\t\t\t\t\t\t\t\t<img decoding=\"async\" width=\"1060\" height=\"800\" src=\"https:\/\/www.kyorene.com\/staging\/wp-content\/uploads\/2025\/03\/patents-banner.jpg\" class=\"attachment-full size-full wp-image-3336\" alt=\"\" srcset=\"https:\/\/www.kyorene.com\/staging\/wp-content\/uploads\/2025\/03\/patents-banner.jpg 1060w, https:\/\/www.kyorene.com\/staging\/wp-content\/uploads\/2025\/03\/patents-banner-300x226.jpg 300w, https:\/\/www.kyorene.com\/staging\/wp-content\/uploads\/2025\/03\/patents-banner-1024x773.jpg 1024w, https:\/\/www.kyorene.com\/staging\/wp-content\/uploads\/2025\/03\/patents-banner-768x580.jpg 768w\" sizes=\"(max-width: 1060px) 100vw, 1060px\" \/>\t\t\t\t\t\t\t\t\t\t\t\t\t\t\t<\/div>\n\t\t\t\t<\/div>\n\t\t\t\t<\/div>\n\t\t<div class=\"elementor-element elementor-element-60bf706 e-con-full e-flex e-con e-child\" data-id=\"60bf706\" data-element_type=\"container\">\n\t\t\t\t<div class=\"elementor-element elementor-element-bca112e elementor-widget elementor-widget-heading\" data-id=\"bca112e\" data-element_type=\"widget\" data-widget_type=\"heading.default\">\n\t\t\t\t<div class=\"elementor-widget-container\">\n\t\t\t\t\t<h2 class=\"elementor-heading-title elementor-size-default\">Kyorene\u00ae et brevets innovants<\/h2>\t\t\t\t<\/div>\n\t\t\t\t<\/div>\n\t\t\t\t<div class=\"elementor-element elementor-element-1bbfcc5 elementor-widget elementor-widget-text-editor\" data-id=\"1bbfcc5\" data-element_type=\"widget\" data-widget_type=\"text-editor.default\">\n\t\t\t\t<div class=\"elementor-widget-container\">\n\t\t\t\t\t\t\t\t\t<p>Kyorene et sa soci\u00e9t\u00e9 m\u00e8re sont \u00e0 la pointe de la recherche et du d\u00e9veloppement, investissant continuellement dans des technologies innovantes et obtenant de nombreux brevets.<\/p><p>L&rsquo;une de nos avanc\u00e9es majeures est le proc\u00e9d\u00e9 exclusif de transformation du graph\u00e8ne en fibre, qui a conduit \u00e0 la cr\u00e9ation de la marque Kyorene\u00ae. Cette technologie est principalement utilis\u00e9e dans la production de gants de travail haute performance, o\u00f9 les propri\u00e9t\u00e9s exceptionnelles du graph\u00e8ne en font le mat\u00e9riau id\u00e9al pour cr\u00e9er des gants r\u00e9sistants aux coupures. Elle est \u00e9galement utilis\u00e9e dans divers produits textiles tels que les v\u00eatements de sport, le denim, les vestes, les v\u00eatements de travail, les chaussettes et les sous-v\u00eatements.<\/p><p>Outre sa technologie de fibre de graph\u00e8ne, QS Safety d\u00e9tient plus de 70 brevets, dont certains ont des applications mondiales, ce qui t\u00e9moigne de son leadership dans le d\u00e9veloppement de solutions de pointe en mati\u00e8re de s\u00e9curit\u00e9 et de protection.<\/p>\t\t\t\t\t\t\t\t<\/div>\n\t\t\t\t<\/div>\n\t\t\t\t<\/div>\n\t\t\t\t\t<\/div>\n\t\t\t\t<\/div>\n\t\t\t\t<\/div>\n\t\t","protected":false},"excerpt":{"rendered":"<p>Brevets et certifications Certification de Producteur de Graph\u00e8ne V\u00e9rifi\u00e9 Kyorene est fi\u00e8re d&rsquo;\u00eatre Producteur de Graph\u00e8ne V\u00e9rifi\u00e9, l&rsquo;une des cinq entreprises au monde et la seule \u00e0 obtenir cette prestigieuse certification. D\u00e9cern\u00e9 par le Graphene Council, la plus grande communaut\u00e9 mondiale de chercheurs, producteurs, d\u00e9veloppeurs et experts du secteur du graph\u00e8ne, le programme Producteur de [&hellip;]<\/p>\n","protected":false},"author":2,"featured_media":0,"parent":0,"menu_order":0,"comment_status":"closed","ping_status":"closed","template":"elementor_header_footer","meta":{"footnotes":""},"class_list":["post-5231","page","type-page","status-publish","hentry"],"yoast_head":"<!-- This site is optimized with the Yoast SEO plugin v26.9 - https:\/\/yoast.com\/product\/yoast-seo-wordpress\/ -->\n<title>Brevets et certifications - Kyorene<\/title>\n<meta name=\"robots\" content=\"index, follow, max-snippet:-1, max-image-preview:large, max-video-preview:-1\" \/>\n<link rel=\"canonical\" href=\"https:\/\/www.kyorene.com\/staging\/fr\/brevets-et-certifications\/\" \/>\n<meta property=\"og:locale\" content=\"fr_FR\" \/>\n<meta property=\"og:type\" content=\"article\" \/>\n<meta property=\"og:title\" content=\"Brevets et certifications - Kyorene\" \/>\n<meta property=\"og:description\" content=\"Brevets et certifications Certification de Producteur de Graph\u00e8ne V\u00e9rifi\u00e9 Kyorene est fi\u00e8re d&rsquo;\u00eatre Producteur de Graph\u00e8ne V\u00e9rifi\u00e9, l&rsquo;une des cinq entreprises au monde et la seule \u00e0 obtenir cette prestigieuse certification. D\u00e9cern\u00e9 par le Graphene Council, la plus grande communaut\u00e9 mondiale de chercheurs, producteurs, d\u00e9veloppeurs et experts du secteur du graph\u00e8ne, le programme Producteur de [&hellip;]\" \/>\n<meta property=\"og:url\" content=\"https:\/\/www.kyorene.com\/staging\/fr\/brevets-et-certifications\/\" \/>\n<meta property=\"og:site_name\" content=\"Kyorene\" \/>\n<meta property=\"article:modified_time\" content=\"2025-07-14T09:44:15+00:00\" \/>\n<meta property=\"og:image\" content=\"https:\/\/www.kyorene.com\/staging\/wp-content\/uploads\/2025\/03\/graphene-verified-banner-980x1294-1.jpg\" \/>\n\t<meta property=\"og:image:width\" content=\"980\" \/>\n\t<meta property=\"og:image:height\" content=\"1294\" \/>\n\t<meta property=\"og:image:type\" content=\"image\/jpeg\" \/>\n<meta name=\"twitter:card\" content=\"summary_large_image\" \/>\n<meta name=\"twitter:label1\" content=\"Dur\u00e9e de lecture estim\u00e9e\" \/>\n\t<meta name=\"twitter:data1\" content=\"2 minutes\" \/>\n<script type=\"application\/ld+json\" class=\"yoast-schema-graph\">{\"@context\":\"https:\/\/schema.org\",\"@graph\":[{\"@type\":\"WebPage\",\"@id\":\"https:\/\/www.kyorene.com\/staging\/fr\/brevets-et-certifications\/\",\"url\":\"https:\/\/www.kyorene.com\/staging\/fr\/brevets-et-certifications\/\",\"name\":\"Brevets et certifications - Kyorene\",\"isPartOf\":{\"@id\":\"https:\/\/www.kyorene.com\/staging\/#website\"},\"primaryImageOfPage\":{\"@id\":\"https:\/\/www.kyorene.com\/staging\/fr\/brevets-et-certifications\/#primaryimage\"},\"image\":{\"@id\":\"https:\/\/www.kyorene.com\/staging\/fr\/brevets-et-certifications\/#primaryimage\"},\"thumbnailUrl\":\"https:\/\/www.kyorene.com\/staging\/wp-content\/uploads\/2025\/03\/graphene-verified-banner-980x1294-1-776x1024.jpg\",\"datePublished\":\"2025-02-19T10:56:20+00:00\",\"dateModified\":\"2025-07-14T09:44:15+00:00\",\"breadcrumb\":{\"@id\":\"https:\/\/www.kyorene.com\/staging\/fr\/brevets-et-certifications\/#breadcrumb\"},\"inLanguage\":\"fr-FR\",\"potentialAction\":[{\"@type\":\"ReadAction\",\"target\":[\"https:\/\/www.kyorene.com\/staging\/fr\/brevets-et-certifications\/\"]}]},{\"@type\":\"ImageObject\",\"inLanguage\":\"fr-FR\",\"@id\":\"https:\/\/www.kyorene.com\/staging\/fr\/brevets-et-certifications\/#primaryimage\",\"url\":\"https:\/\/www.kyorene.com\/staging\/wp-content\/uploads\/2025\/03\/graphene-verified-banner-980x1294-1-776x1024.jpg\",\"contentUrl\":\"https:\/\/www.kyorene.com\/staging\/wp-content\/uploads\/2025\/03\/graphene-verified-banner-980x1294-1-776x1024.jpg\"},{\"@type\":\"BreadcrumbList\",\"@id\":\"https:\/\/www.kyorene.com\/staging\/fr\/brevets-et-certifications\/#breadcrumb\",\"itemListElement\":[{\"@type\":\"ListItem\",\"position\":1,\"name\":\"Home\",\"item\":\"https:\/\/www.kyorene.com\/staging\/fr\/\"},{\"@type\":\"ListItem\",\"position\":2,\"name\":\"Brevets et certifications\"}]},{\"@type\":\"WebSite\",\"@id\":\"https:\/\/www.kyorene.com\/staging\/#website\",\"url\":\"https:\/\/www.kyorene.com\/staging\/\",\"name\":\"Kyorene\",\"description\":\"\",\"publisher\":{\"@id\":\"https:\/\/www.kyorene.com\/staging\/#organization\"},\"potentialAction\":[{\"@type\":\"SearchAction\",\"target\":{\"@type\":\"EntryPoint\",\"urlTemplate\":\"https:\/\/www.kyorene.com\/staging\/?s={search_term_string}\"},\"query-input\":{\"@type\":\"PropertyValueSpecification\",\"valueRequired\":true,\"valueName\":\"search_term_string\"}}],\"inLanguage\":\"fr-FR\"},{\"@type\":\"Organization\",\"@id\":\"https:\/\/www.kyorene.com\/staging\/#organization\",\"name\":\"Kyorene\",\"url\":\"https:\/\/www.kyorene.com\/staging\/\",\"logo\":{\"@type\":\"ImageObject\",\"inLanguage\":\"fr-FR\",\"@id\":\"https:\/\/www.kyorene.com\/staging\/#\/schema\/logo\/image\/\",\"url\":\"https:\/\/www.kyorene.com\/staging\/wp-content\/uploads\/2025\/02\/Kyorene-Europe-Logo-White.png\",\"contentUrl\":\"https:\/\/www.kyorene.com\/staging\/wp-content\/uploads\/2025\/02\/Kyorene-Europe-Logo-White.png\",\"width\":500,\"height\":179,\"caption\":\"Kyorene\"},\"image\":{\"@id\":\"https:\/\/www.kyorene.com\/staging\/#\/schema\/logo\/image\/\"}}]}<\/script>\n<!-- \/ Yoast SEO plugin. -->","yoast_head_json":{"title":"Brevets et certifications - Kyorene","robots":{"index":"index","follow":"follow","max-snippet":"max-snippet:-1","max-image-preview":"max-image-preview:large","max-video-preview":"max-video-preview:-1"},"canonical":"https:\/\/www.kyorene.com\/staging\/fr\/brevets-et-certifications\/","og_locale":"fr_FR","og_type":"article","og_title":"Brevets et certifications - Kyorene","og_description":"Brevets et certifications Certification de Producteur de Graph\u00e8ne V\u00e9rifi\u00e9 Kyorene est fi\u00e8re d&rsquo;\u00eatre Producteur de Graph\u00e8ne V\u00e9rifi\u00e9, l&rsquo;une des cinq entreprises au monde et la seule \u00e0 obtenir cette prestigieuse certification. D\u00e9cern\u00e9 par le Graphene Council, la plus grande communaut\u00e9 mondiale de chercheurs, producteurs, d\u00e9veloppeurs et experts du secteur du graph\u00e8ne, le programme Producteur de [&hellip;]","og_url":"https:\/\/www.kyorene.com\/staging\/fr\/brevets-et-certifications\/","og_site_name":"Kyorene","article_modified_time":"2025-07-14T09:44:15+00:00","og_image":[{"width":980,"height":1294,"url":"https:\/\/www.kyorene.com\/staging\/wp-content\/uploads\/2025\/03\/graphene-verified-banner-980x1294-1.jpg","type":"image\/jpeg"}],"twitter_card":"summary_large_image","twitter_misc":{"Dur\u00e9e de lecture estim\u00e9e":"2 minutes"},"schema":{"@context":"https:\/\/schema.org","@graph":[{"@type":"WebPage","@id":"https:\/\/www.kyorene.com\/staging\/fr\/brevets-et-certifications\/","url":"https:\/\/www.kyorene.com\/staging\/fr\/brevets-et-certifications\/","name":"Brevets et certifications - Kyorene","isPartOf":{"@id":"https:\/\/www.kyorene.com\/staging\/#website"},"primaryImageOfPage":{"@id":"https:\/\/www.kyorene.com\/staging\/fr\/brevets-et-certifications\/#primaryimage"},"image":{"@id":"https:\/\/www.kyorene.com\/staging\/fr\/brevets-et-certifications\/#primaryimage"},"thumbnailUrl":"https:\/\/www.kyorene.com\/staging\/wp-content\/uploads\/2025\/03\/graphene-verified-banner-980x1294-1-776x1024.jpg","datePublished":"2025-02-19T10:56:20+00:00","dateModified":"2025-07-14T09:44:15+00:00","breadcrumb":{"@id":"https:\/\/www.kyorene.com\/staging\/fr\/brevets-et-certifications\/#breadcrumb"},"inLanguage":"fr-FR","potentialAction":[{"@type":"ReadAction","target":["https:\/\/www.kyorene.com\/staging\/fr\/brevets-et-certifications\/"]}]},{"@type":"ImageObject","inLanguage":"fr-FR","@id":"https:\/\/www.kyorene.com\/staging\/fr\/brevets-et-certifications\/#primaryimage","url":"https:\/\/www.kyorene.com\/staging\/wp-content\/uploads\/2025\/03\/graphene-verified-banner-980x1294-1-776x1024.jpg","contentUrl":"https:\/\/www.kyorene.com\/staging\/wp-content\/uploads\/2025\/03\/graphene-verified-banner-980x1294-1-776x1024.jpg"},{"@type":"BreadcrumbList","@id":"https:\/\/www.kyorene.com\/staging\/fr\/brevets-et-certifications\/#breadcrumb","itemListElement":[{"@type":"ListItem","position":1,"name":"Home","item":"https:\/\/www.kyorene.com\/staging\/fr\/"},{"@type":"ListItem","position":2,"name":"Brevets et certifications"}]},{"@type":"WebSite","@id":"https:\/\/www.kyorene.com\/staging\/#website","url":"https:\/\/www.kyorene.com\/staging\/","name":"Kyorene","description":"","publisher":{"@id":"https:\/\/www.kyorene.com\/staging\/#organization"},"potentialAction":[{"@type":"SearchAction","target":{"@type":"EntryPoint","urlTemplate":"https:\/\/www.kyorene.com\/staging\/?s={search_term_string}"},"query-input":{"@type":"PropertyValueSpecification","valueRequired":true,"valueName":"search_term_string"}}],"inLanguage":"fr-FR"},{"@type":"Organization","@id":"https:\/\/www.kyorene.com\/staging\/#organization","name":"Kyorene","url":"https:\/\/www.kyorene.com\/staging\/","logo":{"@type":"ImageObject","inLanguage":"fr-FR","@id":"https:\/\/www.kyorene.com\/staging\/#\/schema\/logo\/image\/","url":"https:\/\/www.kyorene.com\/staging\/wp-content\/uploads\/2025\/02\/Kyorene-Europe-Logo-White.png","contentUrl":"https:\/\/www.kyorene.com\/staging\/wp-content\/uploads\/2025\/02\/Kyorene-Europe-Logo-White.png","width":500,"height":179,"caption":"Kyorene"},"image":{"@id":"https:\/\/www.kyorene.com\/staging\/#\/schema\/logo\/image\/"}}]}},"_links":{"self":[{"href":"https:\/\/www.kyorene.com\/staging\/fr\/wp-json\/wp\/v2\/pages\/5231","targetHints":{"allow":["GET"]}}],"collection":[{"href":"https:\/\/www.kyorene.com\/staging\/fr\/wp-json\/wp\/v2\/pages"}],"about":[{"href":"https:\/\/www.kyorene.com\/staging\/fr\/wp-json\/wp\/v2\/types\/page"}],"author":[{"embeddable":true,"href":"https:\/\/www.kyorene.com\/staging\/fr\/wp-json\/wp\/v2\/users\/2"}],"replies":[{"embeddable":true,"href":"https:\/\/www.kyorene.com\/staging\/fr\/wp-json\/wp\/v2\/comments?post=5231"}],"version-history":[{"count":13,"href":"https:\/\/www.kyorene.com\/staging\/fr\/wp-json\/wp\/v2\/pages\/5231\/revisions"}],"predecessor-version":[{"id":15213,"href":"https:\/\/www.kyorene.com\/staging\/fr\/wp-json\/wp\/v2\/pages\/5231\/revisions\/15213"}],"wp:attachment":[{"href":"https:\/\/www.kyorene.com\/staging\/fr\/wp-json\/wp\/v2\/media?parent=5231"}],"curies":[{"name":"wp","href":"https:\/\/api.w.org\/{rel}","templated":true}]}}