{"id":5237,"date":"2025-02-22T04:47:42","date_gmt":"2025-02-22T04:47:42","guid":{"rendered":"https:\/\/www.kyorene.com\/staging\/histoire\/"},"modified":"2025-07-14T09:26:12","modified_gmt":"2025-07-14T09:26:12","slug":"histoire","status":"publish","type":"page","link":"https:\/\/www.kyorene.com\/staging\/fr\/histoire\/","title":{"rendered":"Histoire"},"content":{"rendered":"\t\t<div data-elementor-type=\"wp-page\" data-elementor-id=\"5237\" class=\"elementor elementor-5237 elementor-468\" data-elementor-post-type=\"page\">\n\t\t\t\t<div class=\"elementor-element elementor-element-4b6c6cc e-flex e-con-boxed e-con e-parent\" data-id=\"4b6c6cc\" data-element_type=\"container\" data-settings=\"{&quot;background_background&quot;:&quot;classic&quot;}\">\n\t\t\t\t\t<div class=\"e-con-inner\">\n\t\t\t\t<div class=\"elementor-element elementor-element-f148109 elementor-invisible elementor-widget elementor-widget-heading\" data-id=\"f148109\" data-element_type=\"widget\" data-settings=\"{&quot;_animation&quot;:&quot;zoomIn&quot;}\" data-widget_type=\"heading.default\">\n\t\t\t\t<div class=\"elementor-widget-container\">\n\t\t\t\t\t<h1 class=\"elementor-heading-title elementor-size-default\">Histoire de l'entreprise<\/h1>\t\t\t\t<\/div>\n\t\t\t\t<\/div>\n\t\t\t\t<div class=\"elementor-element elementor-element-753ad44 elementor-invisible elementor-widget elementor-widget-text-editor\" data-id=\"753ad44\" data-element_type=\"widget\" data-settings=\"{&quot;_animation&quot;:&quot;zoomIn&quot;}\" data-widget_type=\"text-editor.default\">\n\t\t\t\t<div class=\"elementor-widget-container\">\n\t\t\t\t\t\t\t\t\t<p><strong>QS Safety est le plus grand producteur de textiles \u00e0 base de graph\u00e8ne au monde<\/strong><\/p>\t\t\t\t\t\t\t\t<\/div>\n\t\t\t\t<\/div>\n\t\t\t\t\t<\/div>\n\t\t\t\t<\/div>\n\t\t<div class=\"elementor-element elementor-element-607d485 e-flex e-con-boxed e-con e-parent\" data-id=\"607d485\" data-element_type=\"container\">\n\t\t\t\t\t<div class=\"e-con-inner\">\n\t\t<div class=\"elementor-element elementor-element-74f58be e-con-full animated-slow e-flex elementor-invisible e-con e-child\" data-id=\"74f58be\" data-element_type=\"container\" data-settings=\"{&quot;animation&quot;:&quot;fadeInLeft&quot;}\">\n\t\t\t\t<div class=\"elementor-element elementor-element-1f07406 elementor-widget elementor-widget-image\" data-id=\"1f07406\" data-element_type=\"widget\" data-widget_type=\"image.default\">\n\t\t\t\t<div class=\"elementor-widget-container\">\n\t\t\t\t\t\t\t\t\t\t\t\t\t\t\t<img fetchpriority=\"high\" decoding=\"async\" width=\"2432\" height=\"1664\" src=\"https:\/\/www.kyorene.com\/staging\/wp-content\/uploads\/2025\/06\/freepik__arms-putting-on-work-protection-gloves-in-the-midd__92180.png\" class=\"attachment-full size-full wp-image-14850\" alt=\"\" srcset=\"https:\/\/www.kyorene.com\/staging\/wp-content\/uploads\/2025\/06\/freepik__arms-putting-on-work-protection-gloves-in-the-midd__92180.png 2432w, https:\/\/www.kyorene.com\/staging\/wp-content\/uploads\/2025\/06\/freepik__arms-putting-on-work-protection-gloves-in-the-midd__92180-300x205.png 300w, https:\/\/www.kyorene.com\/staging\/wp-content\/uploads\/2025\/06\/freepik__arms-putting-on-work-protection-gloves-in-the-midd__92180-1024x701.png 1024w, https:\/\/www.kyorene.com\/staging\/wp-content\/uploads\/2025\/06\/freepik__arms-putting-on-work-protection-gloves-in-the-midd__92180-768x525.png 768w, https:\/\/www.kyorene.com\/staging\/wp-content\/uploads\/2025\/06\/freepik__arms-putting-on-work-protection-gloves-in-the-midd__92180-1536x1051.png 1536w, https:\/\/www.kyorene.com\/staging\/wp-content\/uploads\/2025\/06\/freepik__arms-putting-on-work-protection-gloves-in-the-midd__92180-2048x1401.png 2048w\" sizes=\"(max-width: 2432px) 100vw, 2432px\" \/>\t\t\t\t\t\t\t\t\t\t\t\t\t\t\t<\/div>\n\t\t\t\t<\/div>\n\t\t\t\t<\/div>\n\t\t<div class=\"elementor-element elementor-element-518c268 e-con-full animated-slow e-flex elementor-invisible e-con e-child\" data-id=\"518c268\" data-element_type=\"container\" data-settings=\"{&quot;animation&quot;:&quot;fadeInRight&quot;}\">\n\t\t\t\t<div class=\"elementor-element elementor-element-aa50ced elementor-widget elementor-widget-heading\" data-id=\"aa50ced\" data-element_type=\"widget\" data-widget_type=\"heading.default\">\n\t\t\t\t<div class=\"elementor-widget-container\">\n\t\t\t\t\t<h2 class=\"elementor-heading-title elementor-size-default\">QS Safety : Leader en mati\u00e8re de gants et de manchettes de protection<\/h2>\t\t\t\t<\/div>\n\t\t\t\t<\/div>\n\t\t\t\t<div class=\"elementor-element elementor-element-3b3e3a0 elementor-widget elementor-widget-text-editor\" data-id=\"3b3e3a0\" data-element_type=\"widget\" data-widget_type=\"text-editor.default\">\n\t\t\t\t<div class=\"elementor-widget-container\">\n\t\t\t\t\t\t\t\t\t<p><strong>Kyorene\u00a0<\/strong>fait partie du\u00a0groupe <strong>QS Safety<\/strong>, fond\u00e9 en 1993, un leader mondial dans la\u00a0<strong>conception<\/strong>, le\u00a0<strong>d\u00e9veloppement\u00a0<\/strong>et la\u00a0<strong>fabrication\u00a0<\/strong>de\u00a0<strong>gants de protection<\/strong> innovants\u00a0et de haute qualit\u00e9. <br \/><strong>QS Safety<\/strong> est le plus grand producteur mondial de\u00a0<strong>fils textiles \u00e0 base de graph\u00e8ne,<\/strong> et\u00a0<strong>Kyorene<\/strong> est le representant de ses technologies r\u00e9volutionnaires. <br \/>Gr\u00e2ce \u00e0 un<strong>\u00a0processus de fabrication int\u00e9gr\u00e9 verticalement,<\/strong> QS Safety garantit un\u00a0contr\u00f4le total de la production, assurant ainsi une\u00a0qualit\u00e9\u00a0et des\u00a0performances sup\u00e9rieures\u00a0tout en maintenant un fort engagement envers la\u00a0responsabilit\u00e9 environnemental. <br \/>Avec un\u00a0campus de fabrication ultramoderne\u00a0s\u2019\u00e9tendant sur plus de<strong>\u00a0153 000 m\u00e8tres carr\u00e9s,<\/strong> la maison m\u00e8re de\u00a0<strong>Kyorene\u00a0<\/strong>a la capacit\u00e9 de r\u00e9pondre aux demandes mondiales. Les usines sont certifi\u00e9es:<\/p><ul><li><strong>ISO 9001:2000<\/strong> \u2013 Syst\u00e8me de gestion de la qualit\u00e9<\/li><li><strong>ISO 14001<\/strong> \u2013 Syst\u00e8me de gestion environnementale<\/li><li><strong>ISO 45001<\/strong> \u2013 Syst\u00e8me de gestion de la sant\u00e9 et de la s\u00e9curit\u00e9 au travail<\/li><\/ul><p><br \/>En combinant <strong>innovation<\/strong>, <strong>durabilit\u00e9<\/strong> et <strong>qualit\u00e9<\/strong>, <strong>Kyorene<\/strong> et <strong>QS Safety<\/strong> continuent de montrer la voie en mati\u00e8re de <strong>solutions de protection avanc\u00e9es<\/strong> \u00e0 l\u2019\u00e9chelle mondiale.<\/p>\t\t\t\t\t\t\t\t<\/div>\n\t\t\t\t<\/div>\n\t\t\t\t<\/div>\n\t\t\t\t\t<\/div>\n\t\t\t\t<\/div>\n\t\t<div class=\"elementor-element elementor-element-11d6ce0 e-flex e-con-boxed e-con e-parent\" data-id=\"11d6ce0\" data-element_type=\"container\">\n\t\t\t\t\t<div class=\"e-con-inner\">\n\t\t\t\t<div class=\"elementor-element elementor-element-343b07c elementor-widget__width-initial elementor-widget elementor-widget-video\" data-id=\"343b07c\" data-element_type=\"widget\" data-settings=\"{&quot;youtube_url&quot;:&quot;https:\\\/\\\/youtu.be\\\/BLfc3-df2Qs?si=uoRyEx_duKG9UQAY&quot;,&quot;video_type&quot;:&quot;youtube&quot;,&quot;controls&quot;:&quot;yes&quot;}\" data-widget_type=\"video.default\">\n\t\t\t\t<div class=\"elementor-widget-container\">\n\t\t\t\t\t\t\t<div class=\"elementor-wrapper elementor-open-inline\">\n\t\t\t<div class=\"elementor-video\"><\/div>\t\t<\/div>\n\t\t\t\t\t\t<\/div>\n\t\t\t\t<\/div>\n\t\t\t\t\t<\/div>\n\t\t\t\t<\/div>\n\t\t\t\t<\/div>\n\t\t","protected":false},"excerpt":{"rendered":"<p>Histoire de l&rsquo;entreprise QS Safety est le plus grand producteur de textiles \u00e0 base de graph\u00e8ne au monde QS Safety : Leader en mati\u00e8re de gants et de manchettes de protection Kyorene\u00a0fait partie du\u00a0groupe QS Safety, fond\u00e9 en 1993, un leader mondial dans la\u00a0conception, le\u00a0d\u00e9veloppement\u00a0et la\u00a0fabrication\u00a0de\u00a0gants de protection innovants\u00a0et de haute qualit\u00e9. QS Safety est [&hellip;]<\/p>\n","protected":false},"author":2,"featured_media":0,"parent":0,"menu_order":0,"comment_status":"closed","ping_status":"closed","template":"elementor_header_footer","meta":{"footnotes":""},"class_list":["post-5237","page","type-page","status-publish","hentry"],"yoast_head":"<!-- This site is optimized with the Yoast SEO plugin v26.9 - https:\/\/yoast.com\/product\/yoast-seo-wordpress\/ -->\n<title>Histoire - Kyorene<\/title>\n<meta name=\"robots\" content=\"index, follow, max-snippet:-1, max-image-preview:large, max-video-preview:-1\" \/>\n<link rel=\"canonical\" href=\"https:\/\/www.kyorene.com\/staging\/fr\/histoire\/\" \/>\n<meta property=\"og:locale\" content=\"fr_FR\" \/>\n<meta property=\"og:type\" content=\"article\" \/>\n<meta property=\"og:title\" content=\"Histoire - Kyorene\" \/>\n<meta property=\"og:description\" content=\"Histoire de l&rsquo;entreprise QS Safety est le plus grand producteur de textiles \u00e0 base de graph\u00e8ne au monde QS Safety : Leader en mati\u00e8re de gants et de manchettes de protection Kyorene\u00a0fait partie du\u00a0groupe QS Safety, fond\u00e9 en 1993, un leader mondial dans la\u00a0conception, le\u00a0d\u00e9veloppement\u00a0et la\u00a0fabrication\u00a0de\u00a0gants de protection innovants\u00a0et de haute qualit\u00e9. QS Safety est [&hellip;]\" \/>\n<meta property=\"og:url\" content=\"https:\/\/www.kyorene.com\/staging\/fr\/histoire\/\" \/>\n<meta property=\"og:site_name\" content=\"Kyorene\" \/>\n<meta property=\"article:modified_time\" content=\"2025-07-14T09:26:12+00:00\" \/>\n<meta property=\"og:image\" content=\"https:\/\/www.kyorene.com\/staging\/wp-content\/uploads\/2025\/06\/freepik__arms-putting-on-work-protection-gloves-in-the-midd__92180-1024x701.png\" \/>\n\t<meta property=\"og:image:width\" content=\"1024\" \/>\n\t<meta property=\"og:image:height\" content=\"701\" \/>\n\t<meta property=\"og:image:type\" content=\"image\/png\" \/>\n<meta name=\"twitter:card\" content=\"summary_large_image\" \/>\n<meta name=\"twitter:label1\" content=\"Dur\u00e9e de lecture estim\u00e9e\" \/>\n\t<meta name=\"twitter:data1\" content=\"1 minute\" \/>\n<script type=\"application\/ld+json\" class=\"yoast-schema-graph\">{\"@context\":\"https:\/\/schema.org\",\"@graph\":[{\"@type\":\"WebPage\",\"@id\":\"https:\/\/www.kyorene.com\/staging\/fr\/histoire\/\",\"url\":\"https:\/\/www.kyorene.com\/staging\/fr\/histoire\/\",\"name\":\"Histoire - Kyorene\",\"isPartOf\":{\"@id\":\"https:\/\/www.kyorene.com\/staging\/#website\"},\"primaryImageOfPage\":{\"@id\":\"https:\/\/www.kyorene.com\/staging\/fr\/histoire\/#primaryimage\"},\"image\":{\"@id\":\"https:\/\/www.kyorene.com\/staging\/fr\/histoire\/#primaryimage\"},\"thumbnailUrl\":\"https:\/\/www.kyorene.com\/staging\/wp-content\/uploads\/2025\/06\/freepik__arms-putting-on-work-protection-gloves-in-the-midd__92180.png\",\"datePublished\":\"2025-02-22T04:47:42+00:00\",\"dateModified\":\"2025-07-14T09:26:12+00:00\",\"breadcrumb\":{\"@id\":\"https:\/\/www.kyorene.com\/staging\/fr\/histoire\/#breadcrumb\"},\"inLanguage\":\"fr-FR\",\"potentialAction\":[{\"@type\":\"ReadAction\",\"target\":[\"https:\/\/www.kyorene.com\/staging\/fr\/histoire\/\"]}]},{\"@type\":\"ImageObject\",\"inLanguage\":\"fr-FR\",\"@id\":\"https:\/\/www.kyorene.com\/staging\/fr\/histoire\/#primaryimage\",\"url\":\"https:\/\/www.kyorene.com\/staging\/wp-content\/uploads\/2025\/06\/freepik__arms-putting-on-work-protection-gloves-in-the-midd__92180.png\",\"contentUrl\":\"https:\/\/www.kyorene.com\/staging\/wp-content\/uploads\/2025\/06\/freepik__arms-putting-on-work-protection-gloves-in-the-midd__92180.png\"},{\"@type\":\"BreadcrumbList\",\"@id\":\"https:\/\/www.kyorene.com\/staging\/fr\/histoire\/#breadcrumb\",\"itemListElement\":[{\"@type\":\"ListItem\",\"position\":1,\"name\":\"Home\",\"item\":\"https:\/\/www.kyorene.com\/staging\/fr\/\"},{\"@type\":\"ListItem\",\"position\":2,\"name\":\"Histoire\"}]},{\"@type\":\"WebSite\",\"@id\":\"https:\/\/www.kyorene.com\/staging\/#website\",\"url\":\"https:\/\/www.kyorene.com\/staging\/\",\"name\":\"Kyorene\",\"description\":\"\",\"publisher\":{\"@id\":\"https:\/\/www.kyorene.com\/staging\/#organization\"},\"potentialAction\":[{\"@type\":\"SearchAction\",\"target\":{\"@type\":\"EntryPoint\",\"urlTemplate\":\"https:\/\/www.kyorene.com\/staging\/?s={search_term_string}\"},\"query-input\":{\"@type\":\"PropertyValueSpecification\",\"valueRequired\":true,\"valueName\":\"search_term_string\"}}],\"inLanguage\":\"fr-FR\"},{\"@type\":\"Organization\",\"@id\":\"https:\/\/www.kyorene.com\/staging\/#organization\",\"name\":\"Kyorene\",\"url\":\"https:\/\/www.kyorene.com\/staging\/\",\"logo\":{\"@type\":\"ImageObject\",\"inLanguage\":\"fr-FR\",\"@id\":\"https:\/\/www.kyorene.com\/staging\/#\/schema\/logo\/image\/\",\"url\":\"https:\/\/www.kyorene.com\/staging\/wp-content\/uploads\/2025\/02\/Kyorene-Europe-Logo-White.png\",\"contentUrl\":\"https:\/\/www.kyorene.com\/staging\/wp-content\/uploads\/2025\/02\/Kyorene-Europe-Logo-White.png\",\"width\":500,\"height\":179,\"caption\":\"Kyorene\"},\"image\":{\"@id\":\"https:\/\/www.kyorene.com\/staging\/#\/schema\/logo\/image\/\"}}]}<\/script>\n<!-- \/ Yoast SEO plugin. -->","yoast_head_json":{"title":"Histoire - Kyorene","robots":{"index":"index","follow":"follow","max-snippet":"max-snippet:-1","max-image-preview":"max-image-preview:large","max-video-preview":"max-video-preview:-1"},"canonical":"https:\/\/www.kyorene.com\/staging\/fr\/histoire\/","og_locale":"fr_FR","og_type":"article","og_title":"Histoire - Kyorene","og_description":"Histoire de l&rsquo;entreprise QS Safety est le plus grand producteur de textiles \u00e0 base de graph\u00e8ne au monde QS Safety : Leader en mati\u00e8re de gants et de manchettes de protection Kyorene\u00a0fait partie du\u00a0groupe QS Safety, fond\u00e9 en 1993, un leader mondial dans la\u00a0conception, le\u00a0d\u00e9veloppement\u00a0et la\u00a0fabrication\u00a0de\u00a0gants de protection innovants\u00a0et de haute qualit\u00e9. QS Safety est [&hellip;]","og_url":"https:\/\/www.kyorene.com\/staging\/fr\/histoire\/","og_site_name":"Kyorene","article_modified_time":"2025-07-14T09:26:12+00:00","og_image":[{"width":1024,"height":701,"url":"https:\/\/www.kyorene.com\/staging\/wp-content\/uploads\/2025\/06\/freepik__arms-putting-on-work-protection-gloves-in-the-midd__92180-1024x701.png","type":"image\/png"}],"twitter_card":"summary_large_image","twitter_misc":{"Dur\u00e9e de lecture estim\u00e9e":"1 minute"},"schema":{"@context":"https:\/\/schema.org","@graph":[{"@type":"WebPage","@id":"https:\/\/www.kyorene.com\/staging\/fr\/histoire\/","url":"https:\/\/www.kyorene.com\/staging\/fr\/histoire\/","name":"Histoire - Kyorene","isPartOf":{"@id":"https:\/\/www.kyorene.com\/staging\/#website"},"primaryImageOfPage":{"@id":"https:\/\/www.kyorene.com\/staging\/fr\/histoire\/#primaryimage"},"image":{"@id":"https:\/\/www.kyorene.com\/staging\/fr\/histoire\/#primaryimage"},"thumbnailUrl":"https:\/\/www.kyorene.com\/staging\/wp-content\/uploads\/2025\/06\/freepik__arms-putting-on-work-protection-gloves-in-the-midd__92180.png","datePublished":"2025-02-22T04:47:42+00:00","dateModified":"2025-07-14T09:26:12+00:00","breadcrumb":{"@id":"https:\/\/www.kyorene.com\/staging\/fr\/histoire\/#breadcrumb"},"inLanguage":"fr-FR","potentialAction":[{"@type":"ReadAction","target":["https:\/\/www.kyorene.com\/staging\/fr\/histoire\/"]}]},{"@type":"ImageObject","inLanguage":"fr-FR","@id":"https:\/\/www.kyorene.com\/staging\/fr\/histoire\/#primaryimage","url":"https:\/\/www.kyorene.com\/staging\/wp-content\/uploads\/2025\/06\/freepik__arms-putting-on-work-protection-gloves-in-the-midd__92180.png","contentUrl":"https:\/\/www.kyorene.com\/staging\/wp-content\/uploads\/2025\/06\/freepik__arms-putting-on-work-protection-gloves-in-the-midd__92180.png"},{"@type":"BreadcrumbList","@id":"https:\/\/www.kyorene.com\/staging\/fr\/histoire\/#breadcrumb","itemListElement":[{"@type":"ListItem","position":1,"name":"Home","item":"https:\/\/www.kyorene.com\/staging\/fr\/"},{"@type":"ListItem","position":2,"name":"Histoire"}]},{"@type":"WebSite","@id":"https:\/\/www.kyorene.com\/staging\/#website","url":"https:\/\/www.kyorene.com\/staging\/","name":"Kyorene","description":"","publisher":{"@id":"https:\/\/www.kyorene.com\/staging\/#organization"},"potentialAction":[{"@type":"SearchAction","target":{"@type":"EntryPoint","urlTemplate":"https:\/\/www.kyorene.com\/staging\/?s={search_term_string}"},"query-input":{"@type":"PropertyValueSpecification","valueRequired":true,"valueName":"search_term_string"}}],"inLanguage":"fr-FR"},{"@type":"Organization","@id":"https:\/\/www.kyorene.com\/staging\/#organization","name":"Kyorene","url":"https:\/\/www.kyorene.com\/staging\/","logo":{"@type":"ImageObject","inLanguage":"fr-FR","@id":"https:\/\/www.kyorene.com\/staging\/#\/schema\/logo\/image\/","url":"https:\/\/www.kyorene.com\/staging\/wp-content\/uploads\/2025\/02\/Kyorene-Europe-Logo-White.png","contentUrl":"https:\/\/www.kyorene.com\/staging\/wp-content\/uploads\/2025\/02\/Kyorene-Europe-Logo-White.png","width":500,"height":179,"caption":"Kyorene"},"image":{"@id":"https:\/\/www.kyorene.com\/staging\/#\/schema\/logo\/image\/"}}]}},"_links":{"self":[{"href":"https:\/\/www.kyorene.com\/staging\/fr\/wp-json\/wp\/v2\/pages\/5237","targetHints":{"allow":["GET"]}}],"collection":[{"href":"https:\/\/www.kyorene.com\/staging\/fr\/wp-json\/wp\/v2\/pages"}],"about":[{"href":"https:\/\/www.kyorene.com\/staging\/fr\/wp-json\/wp\/v2\/types\/page"}],"author":[{"embeddable":true,"href":"https:\/\/www.kyorene.com\/staging\/fr\/wp-json\/wp\/v2\/users\/2"}],"replies":[{"embeddable":true,"href":"https:\/\/www.kyorene.com\/staging\/fr\/wp-json\/wp\/v2\/comments?post=5237"}],"version-history":[{"count":21,"href":"https:\/\/www.kyorene.com\/staging\/fr\/wp-json\/wp\/v2\/pages\/5237\/revisions"}],"predecessor-version":[{"id":15201,"href":"https:\/\/www.kyorene.com\/staging\/fr\/wp-json\/wp\/v2\/pages\/5237\/revisions\/15201"}],"wp:attachment":[{"href":"https:\/\/www.kyorene.com\/staging\/fr\/wp-json\/wp\/v2\/media?parent=5237"}],"curies":[{"name":"wp","href":"https:\/\/api.w.org\/{rel}","templated":true}]}}