{"id":5376,"date":"2025-02-19T10:31:08","date_gmt":"2025-02-19T10:31:08","guid":{"rendered":"https:\/\/www.kyorene.com\/staging\/quem-somos\/"},"modified":"2025-05-21T20:35:51","modified_gmt":"2025-05-21T20:35:51","slug":"quem-somos","status":"publish","type":"page","link":"https:\/\/www.kyorene.com\/staging\/pt-pt\/quem-somos\/","title":{"rendered":"Quem somos"},"content":{"rendered":"\t\t<div data-elementor-type=\"wp-page\" data-elementor-id=\"5376\" class=\"elementor elementor-5376 elementor-47\" data-elementor-post-type=\"page\">\n\t\t\t\t<div class=\"elementor-element elementor-element-2e26683 e-flex e-con-boxed e-con e-parent\" data-id=\"2e26683\" data-element_type=\"container\" data-settings=\"{&quot;background_background&quot;:&quot;classic&quot;}\">\n\t\t\t\t\t<div class=\"e-con-inner\">\n\t\t\t\t<div class=\"elementor-element elementor-element-281e73f elementor-invisible elementor-widget elementor-widget-heading\" data-id=\"281e73f\" data-element_type=\"widget\" data-settings=\"{&quot;_animation&quot;:&quot;zoomIn&quot;}\" data-widget_type=\"heading.default\">\n\t\t\t\t<div class=\"elementor-widget-container\">\n\t\t\t\t\t<h1 class=\"elementor-heading-title elementor-size-default\">Quem somos<\/h1>\t\t\t\t<\/div>\n\t\t\t\t<\/div>\n\t\t\t\t\t<\/div>\n\t\t\t\t<\/div>\n\t\t<div class=\"elementor-element elementor-element-8d684e5 e-flex e-con-boxed e-con e-parent\" data-id=\"8d684e5\" data-element_type=\"container\">\n\t\t\t\t\t<div class=\"e-con-inner\">\n\t\t<div class=\"elementor-element elementor-element-3b23aac e-con-full e-flex elementor-invisible e-con e-child\" data-id=\"3b23aac\" data-element_type=\"container\" data-settings=\"{&quot;animation&quot;:&quot;fadeInLeft&quot;}\">\n\t\t<div class=\"elementor-element elementor-element-148945d e-con-full e-flex e-con e-child\" data-id=\"148945d\" data-element_type=\"container\" data-settings=\"{&quot;background_background&quot;:&quot;classic&quot;}\">\n\t\t\t\t<div class=\"elementor-element elementor-element-5db5c78 elementor-widget elementor-widget-heading\" data-id=\"5db5c78\" data-element_type=\"widget\" data-widget_type=\"heading.default\">\n\t\t\t\t<div class=\"elementor-widget-container\">\n\t\t\t\t\t<h2 class=\"elementor-heading-title elementor-size-default\">Kyorene.\nUma hist\u00f3ria incr\u00edvel<\/h2>\t\t\t\t<\/div>\n\t\t\t\t<\/div>\n\t\t\t\t<div class=\"elementor-element elementor-element-2a5d6da elementor-widget elementor-widget-text-editor\" data-id=\"2a5d6da\" data-element_type=\"widget\" data-widget_type=\"text-editor.default\">\n\t\t\t\t<div class=\"elementor-widget-container\">\n\t\t\t\t\t\t\t\t\t<p><strong>Kyorene<\/strong>\u00ae \u00e9 a primeira empresa a patentear uma tecnologia de modifica\u00e7\u00e3o revolucion\u00e1ria que transforma o <strong>grafeno <\/strong>numa <strong>fibra <\/strong>vers\u00e1til, ecol\u00f3gica e acess\u00edvel, utilizada nomeadamente na produ\u00e7\u00e3o de <strong>luvas de trabalho de alto desempenho<\/strong>.<\/p>\t\t\t\t\t\t\t\t<\/div>\n\t\t\t\t<\/div>\n\t\t\t\t<div class=\"elementor-element elementor-element-66f1f72 elementor-widget elementor-widget-button\" data-id=\"66f1f72\" data-element_type=\"widget\" data-widget_type=\"button.default\">\n\t\t\t\t<div class=\"elementor-widget-container\">\n\t\t\t\t\t\t\t\t\t<div class=\"elementor-button-wrapper\">\n\t\t\t\t\t<a class=\"elementor-button elementor-button-link elementor-size-sm\" href=\"https:\/\/www.kyorene.com\/staging\/products\/\">\n\t\t\t\t\t\t<span class=\"elementor-button-content-wrapper\">\n\t\t\t\t\t\t\t\t\t<span class=\"elementor-button-text\">Descubra nossas luvas de prote\u00e7\u00e3o de trabalho<\/span>\n\t\t\t\t\t<\/span>\n\t\t\t\t\t<\/a>\n\t\t\t\t<\/div>\n\t\t\t\t\t\t\t\t<\/div>\n\t\t\t\t<\/div>\n\t\t\t\t<\/div>\n\t\t\t\t<\/div>\n\t\t<div class=\"elementor-element elementor-element-3e3c431 e-con-full e-flex elementor-invisible e-con e-child\" data-id=\"3e3c431\" data-element_type=\"container\" data-settings=\"{&quot;animation&quot;:&quot;fadeInRight&quot;}\">\n\t\t\t\t<div class=\"elementor-element elementor-element-f32c343 elementor-widget elementor-widget-image\" data-id=\"f32c343\" data-element_type=\"widget\" data-widget_type=\"image.default\">\n\t\t\t\t<div class=\"elementor-widget-container\">\n\t\t\t\t\t\t\t\t\t\t\t\t\t\t\t<img fetchpriority=\"high\" decoding=\"async\" width=\"1060\" height=\"720\" src=\"https:\/\/www.kyorene.com\/staging\/wp-content\/uploads\/2025\/02\/banner-who-we-are-tessuto.jpg\" class=\"attachment-full size-full wp-image-3231\" alt=\"\" srcset=\"https:\/\/www.kyorene.com\/staging\/wp-content\/uploads\/2025\/02\/banner-who-we-are-tessuto.jpg 1060w, https:\/\/www.kyorene.com\/staging\/wp-content\/uploads\/2025\/02\/banner-who-we-are-tessuto-300x204.jpg 300w, https:\/\/www.kyorene.com\/staging\/wp-content\/uploads\/2025\/02\/banner-who-we-are-tessuto-1024x696.jpg 1024w, https:\/\/www.kyorene.com\/staging\/wp-content\/uploads\/2025\/02\/banner-who-we-are-tessuto-768x522.jpg 768w\" sizes=\"(max-width: 1060px) 100vw, 1060px\" \/>\t\t\t\t\t\t\t\t\t\t\t\t\t\t\t<\/div>\n\t\t\t\t<\/div>\n\t\t\t\t<\/div>\n\t\t\t\t\t<\/div>\n\t\t\t\t<\/div>\n\t\t<div class=\"elementor-element elementor-element-45288a4 e-flex e-con-boxed e-con e-parent\" data-id=\"45288a4\" data-element_type=\"container\" data-settings=\"{&quot;background_background&quot;:&quot;classic&quot;}\">\n\t\t\t\t\t<div class=\"e-con-inner\">\n\t\t<div class=\"elementor-element elementor-element-22a0f2e e-con-full e-flex elementor-invisible e-con e-child\" data-id=\"22a0f2e\" data-element_type=\"container\" data-settings=\"{&quot;animation&quot;:&quot;fadeInRight&quot;}\">\n\t\t<div class=\"elementor-element elementor-element-d438796 e-con-full e-flex e-con e-child\" data-id=\"d438796\" data-element_type=\"container\" data-settings=\"{&quot;background_background&quot;:&quot;classic&quot;}\">\n\t\t\t\t<div class=\"elementor-element elementor-element-3fb9c20 elementor-widget elementor-widget-text-editor\" data-id=\"3fb9c20\" data-element_type=\"widget\" data-widget_type=\"text-editor.default\">\n\t\t\t\t<div class=\"elementor-widget-container\">\n\t\t\t\t\t\t\t\t\t<p><strong>Kyorene<\/strong>\u00ae \u00e9 uma marca multifuncional usada para descrever as tecnologias baseadas em grafeno da QS Safety, <strong>o maior produtor de fios t\u00eaxteis \u00e0 base de grafeno do mundo<\/strong>.<\/p><p>A fim de desenvolver propriedades de <strong>grafeno <\/strong>que possam ser produzidas de forma econ\u00f4mica, desenvolvemos a <strong>fibra t\u00eaxtil \u00e0 base de grafeno<\/strong> e uma linha completa de <strong>luvas de prote\u00e7\u00e3o \u00e0 base de grafeno<\/strong>.<\/p>\t\t\t\t\t\t\t\t<\/div>\n\t\t\t\t<\/div>\n\t\t\t\t<div class=\"elementor-element elementor-element-09718bb elementor-widget elementor-widget-button\" data-id=\"09718bb\" data-element_type=\"widget\" data-widget_type=\"button.default\">\n\t\t\t\t<div class=\"elementor-widget-container\">\n\t\t\t\t\t\t\t\t\t<div class=\"elementor-button-wrapper\">\n\t\t\t\t\t<a class=\"elementor-button elementor-button-link elementor-size-sm\" href=\"https:\/\/www.kyorene.com\/staging\/standards\/\">\n\t\t\t\t\t\t<span class=\"elementor-button-content-wrapper\">\n\t\t\t\t\t\t\t\t\t<span class=\"elementor-button-text\">Descubra as nossas Luvas de Seguran\u00e7a no Trabalho<\/span>\n\t\t\t\t\t<\/span>\n\t\t\t\t\t<\/a>\n\t\t\t\t<\/div>\n\t\t\t\t\t\t\t\t<\/div>\n\t\t\t\t<\/div>\n\t\t\t\t<\/div>\n\t\t\t\t<\/div>\n\t\t<div class=\"elementor-element elementor-element-ecb193b e-con-full e-flex elementor-invisible e-con e-child\" data-id=\"ecb193b\" data-element_type=\"container\" data-settings=\"{&quot;animation&quot;:&quot;fadeInLeft&quot;}\">\n\t\t\t\t<div class=\"elementor-element elementor-element-66ad270 elementor-widget elementor-widget-image\" data-id=\"66ad270\" data-element_type=\"widget\" data-widget_type=\"image.default\">\n\t\t\t\t<div class=\"elementor-widget-container\">\n\t\t\t\t\t\t\t\t\t\t\t\t\t\t\t<img decoding=\"async\" width=\"1060\" height=\"720\" src=\"https:\/\/www.kyorene.com\/staging\/wp-content\/uploads\/2025\/02\/banner-who-we-are-guanti.jpg\" class=\"attachment-full size-full wp-image-3225\" alt=\"\" srcset=\"https:\/\/www.kyorene.com\/staging\/wp-content\/uploads\/2025\/02\/banner-who-we-are-guanti.jpg 1060w, https:\/\/www.kyorene.com\/staging\/wp-content\/uploads\/2025\/02\/banner-who-we-are-guanti-300x204.jpg 300w, https:\/\/www.kyorene.com\/staging\/wp-content\/uploads\/2025\/02\/banner-who-we-are-guanti-1024x696.jpg 1024w, https:\/\/www.kyorene.com\/staging\/wp-content\/uploads\/2025\/02\/banner-who-we-are-guanti-768x522.jpg 768w\" sizes=\"(max-width: 1060px) 100vw, 1060px\" \/>\t\t\t\t\t\t\t\t\t\t\t\t\t\t\t<\/div>\n\t\t\t\t<\/div>\n\t\t\t\t<\/div>\n\t\t\t\t\t<\/div>\n\t\t\t\t<\/div>\n\t\t<div class=\"elementor-element elementor-element-c37df13 e-flex e-con-boxed e-con e-parent\" data-id=\"c37df13\" data-element_type=\"container\">\n\t\t\t\t\t<div class=\"e-con-inner\">\n\t\t<div class=\"elementor-element elementor-element-0258d73 e-con-full e-flex elementor-invisible e-con e-child\" data-id=\"0258d73\" data-element_type=\"container\" data-settings=\"{&quot;animation&quot;:&quot;fadeInLeft&quot;}\">\n\t\t<div class=\"elementor-element elementor-element-c308dc0 e-con-full e-flex e-con e-child\" data-id=\"c308dc0\" data-element_type=\"container\" data-settings=\"{&quot;background_background&quot;:&quot;classic&quot;}\">\n\t\t\t\t<div class=\"elementor-element elementor-element-46de882 elementor-widget elementor-widget-text-editor\" data-id=\"46de882\" data-element_type=\"widget\" data-widget_type=\"text-editor.default\">\n\t\t\t\t<div class=\"elementor-widget-container\">\n\t\t\t\t\t\t\t\t\t<p>Atrav\u00e9s da utiliza\u00e7\u00e3o da <strong>fibra <\/strong><strong>Kyorene<\/strong>\u00ae, desenvolvemos uma gama de <strong>luvas protetoras, resistentes, antibacterianas, confort\u00e1veis \u200b\u200be flex\u00edveis<\/strong>, revolucionando todo o conceito de <strong>luvas <\/strong>que podem ser utilizadas pelos trabalhadores do setor fabril que necessitam de <strong>prote\u00e7\u00e3o<\/strong>, <strong>seguran\u00e7a <\/strong>e maior habilidade no dia a dia.<\/p>\t\t\t\t\t\t\t\t<\/div>\n\t\t\t\t<\/div>\n\t\t\t\t<div class=\"elementor-element elementor-element-41ec572 elementor-widget elementor-widget-button\" data-id=\"41ec572\" data-element_type=\"widget\" data-widget_type=\"button.default\">\n\t\t\t\t<div class=\"elementor-widget-container\">\n\t\t\t\t\t\t\t\t\t<div class=\"elementor-button-wrapper\">\n\t\t\t\t\t<a class=\"elementor-button elementor-button-link elementor-size-sm\" href=\"https:\/\/www.kyorene.com\/staging\/patents-and-certifications\/\">\n\t\t\t\t\t\t<span class=\"elementor-button-content-wrapper\">\n\t\t\t\t\t\t\t\t\t<span class=\"elementor-button-text\">Saiba mais sobre nossas propriedades de luvas de trabalho<\/span>\n\t\t\t\t\t<\/span>\n\t\t\t\t\t<\/a>\n\t\t\t\t<\/div>\n\t\t\t\t\t\t\t\t<\/div>\n\t\t\t\t<\/div>\n\t\t\t\t<\/div>\n\t\t\t\t<\/div>\n\t\t<div class=\"elementor-element elementor-element-5643fca e-con-full e-flex elementor-invisible e-con e-child\" data-id=\"5643fca\" data-element_type=\"container\" data-settings=\"{&quot;animation&quot;:&quot;fadeInRight&quot;}\">\n\t\t\t\t<div class=\"elementor-element elementor-element-59d4129 elementor-widget elementor-widget-image\" data-id=\"59d4129\" data-element_type=\"widget\" data-widget_type=\"image.default\">\n\t\t\t\t<div class=\"elementor-widget-container\">\n\t\t\t\t\t\t\t\t\t\t\t\t\t\t\t<img decoding=\"async\" width=\"1060\" height=\"720\" src=\"https:\/\/www.kyorene.com\/staging\/wp-content\/uploads\/2025\/02\/infografica-banner-who-we-are-1.jpg\" class=\"attachment-full size-full wp-image-3219\" alt=\"\" srcset=\"https:\/\/www.kyorene.com\/staging\/wp-content\/uploads\/2025\/02\/infografica-banner-who-we-are-1.jpg 1060w, https:\/\/www.kyorene.com\/staging\/wp-content\/uploads\/2025\/02\/infografica-banner-who-we-are-1-300x204.jpg 300w, https:\/\/www.kyorene.com\/staging\/wp-content\/uploads\/2025\/02\/infografica-banner-who-we-are-1-1024x696.jpg 1024w, https:\/\/www.kyorene.com\/staging\/wp-content\/uploads\/2025\/02\/infografica-banner-who-we-are-1-768x522.jpg 768w\" sizes=\"(max-width: 1060px) 100vw, 1060px\" \/>\t\t\t\t\t\t\t\t\t\t\t\t\t\t\t<\/div>\n\t\t\t\t<\/div>\n\t\t\t\t<\/div>\n\t\t\t\t\t<\/div>\n\t\t\t\t<\/div>\n\t\t<div class=\"elementor-element elementor-element-b2a142e e-flex e-con-boxed e-con e-parent\" data-id=\"b2a142e\" data-element_type=\"container\" data-settings=\"{&quot;background_background&quot;:&quot;classic&quot;}\">\n\t\t\t\t\t<div class=\"e-con-inner\">\n\t\t<div class=\"elementor-element elementor-element-4c0bbdc e-con-full e-flex elementor-invisible e-con e-child\" data-id=\"4c0bbdc\" data-element_type=\"container\" data-settings=\"{&quot;animation&quot;:&quot;fadeInRight&quot;}\">\n\t\t<div class=\"elementor-element elementor-element-5421655 e-con-full e-flex e-con e-child\" data-id=\"5421655\" data-element_type=\"container\" data-settings=\"{&quot;background_background&quot;:&quot;classic&quot;}\">\n\t\t\t\t<div class=\"elementor-element elementor-element-17d2315 elementor-widget elementor-widget-heading\" data-id=\"17d2315\" data-element_type=\"widget\" data-widget_type=\"heading.default\">\n\t\t\t\t<div class=\"elementor-widget-container\">\n\t\t\t\t\t<h2 class=\"elementor-heading-title elementor-size-default\">Nossa Miss\u00e3o<\/h2>\t\t\t\t<\/div>\n\t\t\t\t<\/div>\n\t\t\t\t<div class=\"elementor-element elementor-element-2c3af66 elementor-widget elementor-widget-text-editor\" data-id=\"2c3af66\" data-element_type=\"widget\" data-widget_type=\"text-editor.default\">\n\t\t\t\t<div class=\"elementor-widget-container\">\n\t\t\t\t\t\t\t\t\t<p><strong>Kyorene<\/strong>\u00ae com sua <strong>fibra de grafeno<\/strong> proporciona <strong>luvas <\/strong>com grande resist\u00eancia ao <strong>corte <\/strong>e <strong>\u00e0 abras\u00e3o<\/strong>, conforme <strong>EN388<\/strong>, al\u00e9m de \u00f3tima ergonomia.<br>Tudo por um local de trabalho mais seguro para os trabalhadores.<\/p><p>As <strong>luvas <\/strong><strong>Kyorene<\/strong>\u00ae atendem a muitas necessidades. \u00d3timo para montagem <em>aeroespacial<\/em>, <em>automotiva<\/em>, <em>fabrica\u00e7\u00e3o<\/em> leve a pesada de todos os tipos de produtos. Para <em>fabrica\u00e7\u00e3o<\/em>, <em>moldagem por inje\u00e7\u00e3o<\/em> de <em>pl\u00e1stico<\/em>, <em>armazenamento em armaz\u00e9m<\/em>, <em>manuseio de vidro<\/em> e at\u00e9 mesmo trabalhos delicados.<br>Eles s\u00e3o \u00fateis onde quer que as pessoas criem, distribuam ou mantenham produtos e servi\u00e7os.  <\/p><p><strong><em>Bem-vindo \u00e0s luvas de trabalho do futuro!<\/em><\/strong><\/p>\t\t\t\t\t\t\t\t<\/div>\n\t\t\t\t<\/div>\n\t\t\t\t<div class=\"elementor-element elementor-element-1bccf8c elementor-widget elementor-widget-button\" data-id=\"1bccf8c\" data-element_type=\"widget\" data-widget_type=\"button.default\">\n\t\t\t\t<div class=\"elementor-widget-container\">\n\t\t\t\t\t\t\t\t\t<div class=\"elementor-button-wrapper\">\n\t\t\t\t\t<a class=\"elementor-button elementor-button-link elementor-size-sm\" href=\"https:\/\/www.kyorene.com\/staging\/standards\/\">\n\t\t\t\t\t\t<span class=\"elementor-button-content-wrapper\">\n\t\t\t\t\t\t\t\t\t<span class=\"elementor-button-text\">Descubra as nossas Luvas de Seguran\u00e7a no Trabalho<\/span>\n\t\t\t\t\t<\/span>\n\t\t\t\t\t<\/a>\n\t\t\t\t<\/div>\n\t\t\t\t\t\t\t\t<\/div>\n\t\t\t\t<\/div>\n\t\t\t\t<\/div>\n\t\t\t\t<\/div>\n\t\t<div class=\"elementor-element elementor-element-dd81abd e-con-full e-flex elementor-invisible e-con e-child\" data-id=\"dd81abd\" data-element_type=\"container\" data-settings=\"{&quot;animation&quot;:&quot;fadeInLeft&quot;}\">\n\t\t\t\t<div class=\"elementor-element elementor-element-90042ca elementor-widget elementor-widget-image\" data-id=\"90042ca\" data-element_type=\"widget\" data-widget_type=\"image.default\">\n\t\t\t\t<div class=\"elementor-widget-container\">\n\t\t\t\t\t\t\t\t\t\t\t\t\t\t\t<img loading=\"lazy\" decoding=\"async\" width=\"800\" height=\"483\" src=\"https:\/\/www.kyorene.com\/staging\/wp-content\/uploads\/2025\/02\/foto-story-424-1024x618.jpg\" class=\"attachment-large size-large wp-image-3213\" alt=\"\" srcset=\"https:\/\/www.kyorene.com\/staging\/wp-content\/uploads\/2025\/02\/foto-story-424-1024x618.jpg 1024w, https:\/\/www.kyorene.com\/staging\/wp-content\/uploads\/2025\/02\/foto-story-424-300x181.jpg 300w, https:\/\/www.kyorene.com\/staging\/wp-content\/uploads\/2025\/02\/foto-story-424-768x464.jpg 768w, https:\/\/www.kyorene.com\/staging\/wp-content\/uploads\/2025\/02\/foto-story-424.jpg 1060w\" sizes=\"(max-width: 800px) 100vw, 800px\" \/>\t\t\t\t\t\t\t\t\t\t\t\t\t\t\t<\/div>\n\t\t\t\t<\/div>\n\t\t\t\t<\/div>\n\t\t\t\t\t<\/div>\n\t\t\t\t<\/div>\n\t\t\t\t<\/div>\n\t\t","protected":false},"excerpt":{"rendered":"<p>Quem somos Kyorene. Uma hist\u00f3ria incr\u00edvel Kyorene\u00ae \u00e9 a primeira empresa a patentear uma tecnologia de modifica\u00e7\u00e3o revolucion\u00e1ria que transforma o grafeno numa fibra vers\u00e1til, ecol\u00f3gica e acess\u00edvel, utilizada nomeadamente na produ\u00e7\u00e3o de luvas de trabalho de alto desempenho. Descubra nossas luvas de prote\u00e7\u00e3o de trabalho Kyorene\u00ae \u00e9 uma marca multifuncional usada para descrever as [&hellip;]<\/p>\n","protected":false},"author":2,"featured_media":0,"parent":0,"menu_order":0,"comment_status":"closed","ping_status":"closed","template":"","meta":{"footnotes":""},"class_list":["post-5376","page","type-page","status-publish","hentry"],"yoast_head":"<!-- This site is optimized with the Yoast SEO plugin v26.9 - https:\/\/yoast.com\/product\/yoast-seo-wordpress\/ -->\n<title>Quem somos - Kyorene<\/title>\n<meta name=\"robots\" content=\"index, follow, max-snippet:-1, max-image-preview:large, max-video-preview:-1\" \/>\n<link rel=\"canonical\" href=\"https:\/\/www.kyorene.com\/staging\/pt-pt\/quem-somos\/\" \/>\n<meta property=\"og:locale\" content=\"pt_PT\" \/>\n<meta property=\"og:type\" content=\"article\" \/>\n<meta property=\"og:title\" content=\"Quem somos - Kyorene\" \/>\n<meta property=\"og:description\" content=\"Quem somos Kyorene. Uma hist\u00f3ria incr\u00edvel Kyorene\u00ae \u00e9 a primeira empresa a patentear uma tecnologia de modifica\u00e7\u00e3o revolucion\u00e1ria que transforma o grafeno numa fibra vers\u00e1til, ecol\u00f3gica e acess\u00edvel, utilizada nomeadamente na produ\u00e7\u00e3o de luvas de trabalho de alto desempenho. Descubra nossas luvas de prote\u00e7\u00e3o de trabalho Kyorene\u00ae \u00e9 uma marca multifuncional usada para descrever as [&hellip;]\" \/>\n<meta property=\"og:url\" content=\"https:\/\/www.kyorene.com\/staging\/pt-pt\/quem-somos\/\" \/>\n<meta property=\"og:site_name\" content=\"Kyorene\" \/>\n<meta property=\"article:modified_time\" content=\"2025-05-21T20:35:51+00:00\" \/>\n<meta property=\"og:image\" content=\"https:\/\/www.kyorene.com\/staging\/wp-content\/uploads\/2025\/02\/banner-who-we-are-tessuto.jpg\" \/>\n\t<meta property=\"og:image:width\" content=\"1060\" \/>\n\t<meta property=\"og:image:height\" content=\"720\" \/>\n\t<meta property=\"og:image:type\" content=\"image\/jpeg\" \/>\n<meta name=\"twitter:card\" content=\"summary_large_image\" \/>\n<meta name=\"twitter:label1\" content=\"Tempo estimado de leitura\" \/>\n\t<meta name=\"twitter:data1\" content=\"2 minutos\" \/>\n<script type=\"application\/ld+json\" class=\"yoast-schema-graph\">{\"@context\":\"https:\/\/schema.org\",\"@graph\":[{\"@type\":\"WebPage\",\"@id\":\"https:\/\/www.kyorene.com\/staging\/pt-pt\/quem-somos\/\",\"url\":\"https:\/\/www.kyorene.com\/staging\/pt-pt\/quem-somos\/\",\"name\":\"Quem somos - Kyorene\",\"isPartOf\":{\"@id\":\"https:\/\/www.kyorene.com\/staging\/#website\"},\"primaryImageOfPage\":{\"@id\":\"https:\/\/www.kyorene.com\/staging\/pt-pt\/quem-somos\/#primaryimage\"},\"image\":{\"@id\":\"https:\/\/www.kyorene.com\/staging\/pt-pt\/quem-somos\/#primaryimage\"},\"thumbnailUrl\":\"https:\/\/www.kyorene.com\/staging\/wp-content\/uploads\/2025\/02\/banner-who-we-are-tessuto.jpg\",\"datePublished\":\"2025-02-19T10:31:08+00:00\",\"dateModified\":\"2025-05-21T20:35:51+00:00\",\"breadcrumb\":{\"@id\":\"https:\/\/www.kyorene.com\/staging\/pt-pt\/quem-somos\/#breadcrumb\"},\"inLanguage\":\"pt-PT\",\"potentialAction\":[{\"@type\":\"ReadAction\",\"target\":[\"https:\/\/www.kyorene.com\/staging\/pt-pt\/quem-somos\/\"]}]},{\"@type\":\"ImageObject\",\"inLanguage\":\"pt-PT\",\"@id\":\"https:\/\/www.kyorene.com\/staging\/pt-pt\/quem-somos\/#primaryimage\",\"url\":\"https:\/\/www.kyorene.com\/staging\/wp-content\/uploads\/2025\/02\/banner-who-we-are-tessuto.jpg\",\"contentUrl\":\"https:\/\/www.kyorene.com\/staging\/wp-content\/uploads\/2025\/02\/banner-who-we-are-tessuto.jpg\"},{\"@type\":\"BreadcrumbList\",\"@id\":\"https:\/\/www.kyorene.com\/staging\/pt-pt\/quem-somos\/#breadcrumb\",\"itemListElement\":[{\"@type\":\"ListItem\",\"position\":1,\"name\":\"Home\",\"item\":\"https:\/\/www.kyorene.com\/staging\/pt-pt\/\"},{\"@type\":\"ListItem\",\"position\":2,\"name\":\"Quem somos\"}]},{\"@type\":\"WebSite\",\"@id\":\"https:\/\/www.kyorene.com\/staging\/#website\",\"url\":\"https:\/\/www.kyorene.com\/staging\/\",\"name\":\"Kyorene\",\"description\":\"\",\"publisher\":{\"@id\":\"https:\/\/www.kyorene.com\/staging\/#organization\"},\"potentialAction\":[{\"@type\":\"SearchAction\",\"target\":{\"@type\":\"EntryPoint\",\"urlTemplate\":\"https:\/\/www.kyorene.com\/staging\/?s={search_term_string}\"},\"query-input\":{\"@type\":\"PropertyValueSpecification\",\"valueRequired\":true,\"valueName\":\"search_term_string\"}}],\"inLanguage\":\"pt-PT\"},{\"@type\":\"Organization\",\"@id\":\"https:\/\/www.kyorene.com\/staging\/#organization\",\"name\":\"Kyorene\",\"url\":\"https:\/\/www.kyorene.com\/staging\/\",\"logo\":{\"@type\":\"ImageObject\",\"inLanguage\":\"pt-PT\",\"@id\":\"https:\/\/www.kyorene.com\/staging\/#\/schema\/logo\/image\/\",\"url\":\"https:\/\/www.kyorene.com\/staging\/wp-content\/uploads\/2025\/02\/Kyorene-Europe-Logo-White.png\",\"contentUrl\":\"https:\/\/www.kyorene.com\/staging\/wp-content\/uploads\/2025\/02\/Kyorene-Europe-Logo-White.png\",\"width\":500,\"height\":179,\"caption\":\"Kyorene\"},\"image\":{\"@id\":\"https:\/\/www.kyorene.com\/staging\/#\/schema\/logo\/image\/\"}}]}<\/script>\n<!-- \/ Yoast SEO plugin. -->","yoast_head_json":{"title":"Quem somos - Kyorene","robots":{"index":"index","follow":"follow","max-snippet":"max-snippet:-1","max-image-preview":"max-image-preview:large","max-video-preview":"max-video-preview:-1"},"canonical":"https:\/\/www.kyorene.com\/staging\/pt-pt\/quem-somos\/","og_locale":"pt_PT","og_type":"article","og_title":"Quem somos - Kyorene","og_description":"Quem somos Kyorene. Uma hist\u00f3ria incr\u00edvel Kyorene\u00ae \u00e9 a primeira empresa a patentear uma tecnologia de modifica\u00e7\u00e3o revolucion\u00e1ria que transforma o grafeno numa fibra vers\u00e1til, ecol\u00f3gica e acess\u00edvel, utilizada nomeadamente na produ\u00e7\u00e3o de luvas de trabalho de alto desempenho. Descubra nossas luvas de prote\u00e7\u00e3o de trabalho Kyorene\u00ae \u00e9 uma marca multifuncional usada para descrever as [&hellip;]","og_url":"https:\/\/www.kyorene.com\/staging\/pt-pt\/quem-somos\/","og_site_name":"Kyorene","article_modified_time":"2025-05-21T20:35:51+00:00","og_image":[{"width":1060,"height":720,"url":"https:\/\/www.kyorene.com\/staging\/wp-content\/uploads\/2025\/02\/banner-who-we-are-tessuto.jpg","type":"image\/jpeg"}],"twitter_card":"summary_large_image","twitter_misc":{"Tempo estimado de leitura":"2 minutos"},"schema":{"@context":"https:\/\/schema.org","@graph":[{"@type":"WebPage","@id":"https:\/\/www.kyorene.com\/staging\/pt-pt\/quem-somos\/","url":"https:\/\/www.kyorene.com\/staging\/pt-pt\/quem-somos\/","name":"Quem somos - Kyorene","isPartOf":{"@id":"https:\/\/www.kyorene.com\/staging\/#website"},"primaryImageOfPage":{"@id":"https:\/\/www.kyorene.com\/staging\/pt-pt\/quem-somos\/#primaryimage"},"image":{"@id":"https:\/\/www.kyorene.com\/staging\/pt-pt\/quem-somos\/#primaryimage"},"thumbnailUrl":"https:\/\/www.kyorene.com\/staging\/wp-content\/uploads\/2025\/02\/banner-who-we-are-tessuto.jpg","datePublished":"2025-02-19T10:31:08+00:00","dateModified":"2025-05-21T20:35:51+00:00","breadcrumb":{"@id":"https:\/\/www.kyorene.com\/staging\/pt-pt\/quem-somos\/#breadcrumb"},"inLanguage":"pt-PT","potentialAction":[{"@type":"ReadAction","target":["https:\/\/www.kyorene.com\/staging\/pt-pt\/quem-somos\/"]}]},{"@type":"ImageObject","inLanguage":"pt-PT","@id":"https:\/\/www.kyorene.com\/staging\/pt-pt\/quem-somos\/#primaryimage","url":"https:\/\/www.kyorene.com\/staging\/wp-content\/uploads\/2025\/02\/banner-who-we-are-tessuto.jpg","contentUrl":"https:\/\/www.kyorene.com\/staging\/wp-content\/uploads\/2025\/02\/banner-who-we-are-tessuto.jpg"},{"@type":"BreadcrumbList","@id":"https:\/\/www.kyorene.com\/staging\/pt-pt\/quem-somos\/#breadcrumb","itemListElement":[{"@type":"ListItem","position":1,"name":"Home","item":"https:\/\/www.kyorene.com\/staging\/pt-pt\/"},{"@type":"ListItem","position":2,"name":"Quem somos"}]},{"@type":"WebSite","@id":"https:\/\/www.kyorene.com\/staging\/#website","url":"https:\/\/www.kyorene.com\/staging\/","name":"Kyorene","description":"","publisher":{"@id":"https:\/\/www.kyorene.com\/staging\/#organization"},"potentialAction":[{"@type":"SearchAction","target":{"@type":"EntryPoint","urlTemplate":"https:\/\/www.kyorene.com\/staging\/?s={search_term_string}"},"query-input":{"@type":"PropertyValueSpecification","valueRequired":true,"valueName":"search_term_string"}}],"inLanguage":"pt-PT"},{"@type":"Organization","@id":"https:\/\/www.kyorene.com\/staging\/#organization","name":"Kyorene","url":"https:\/\/www.kyorene.com\/staging\/","logo":{"@type":"ImageObject","inLanguage":"pt-PT","@id":"https:\/\/www.kyorene.com\/staging\/#\/schema\/logo\/image\/","url":"https:\/\/www.kyorene.com\/staging\/wp-content\/uploads\/2025\/02\/Kyorene-Europe-Logo-White.png","contentUrl":"https:\/\/www.kyorene.com\/staging\/wp-content\/uploads\/2025\/02\/Kyorene-Europe-Logo-White.png","width":500,"height":179,"caption":"Kyorene"},"image":{"@id":"https:\/\/www.kyorene.com\/staging\/#\/schema\/logo\/image\/"}}]}},"_links":{"self":[{"href":"https:\/\/www.kyorene.com\/staging\/pt-pt\/wp-json\/wp\/v2\/pages\/5376","targetHints":{"allow":["GET"]}}],"collection":[{"href":"https:\/\/www.kyorene.com\/staging\/pt-pt\/wp-json\/wp\/v2\/pages"}],"about":[{"href":"https:\/\/www.kyorene.com\/staging\/pt-pt\/wp-json\/wp\/v2\/types\/page"}],"author":[{"embeddable":true,"href":"https:\/\/www.kyorene.com\/staging\/pt-pt\/wp-json\/wp\/v2\/users\/2"}],"replies":[{"embeddable":true,"href":"https:\/\/www.kyorene.com\/staging\/pt-pt\/wp-json\/wp\/v2\/comments?post=5376"}],"version-history":[{"count":7,"href":"https:\/\/www.kyorene.com\/staging\/pt-pt\/wp-json\/wp\/v2\/pages\/5376\/revisions"}],"predecessor-version":[{"id":11513,"href":"https:\/\/www.kyorene.com\/staging\/pt-pt\/wp-json\/wp\/v2\/pages\/5376\/revisions\/11513"}],"wp:attachment":[{"href":"https:\/\/www.kyorene.com\/staging\/pt-pt\/wp-json\/wp\/v2\/media?parent=5376"}],"curies":[{"name":"wp","href":"https:\/\/api.w.org\/{rel}","templated":true}]}}