{"id":5463,"date":"2025-02-19T10:56:20","date_gmt":"2025-02-19T10:56:20","guid":{"rendered":"https:\/\/www.kyorene.com\/staging\/patentes-e-certificacoes\/"},"modified":"2025-06-12T23:32:57","modified_gmt":"2025-06-12T23:32:57","slug":"patentes-e-certificacoes","status":"publish","type":"page","link":"https:\/\/www.kyorene.com\/staging\/pt-pt\/patentes-e-certificacoes\/","title":{"rendered":"Patentes e certifica\u00e7\u00f5es"},"content":{"rendered":"\t\t<div data-elementor-type=\"wp-page\" data-elementor-id=\"5463\" class=\"elementor elementor-5463 elementor-88\" data-elementor-post-type=\"page\">\n\t\t\t\t<div class=\"elementor-element elementor-element-76c7509 e-flex e-con-boxed e-con e-parent\" data-id=\"76c7509\" data-element_type=\"container\" data-settings=\"{&quot;background_background&quot;:&quot;classic&quot;}\">\n\t\t\t\t\t<div class=\"e-con-inner\">\n\t\t\t\t<div class=\"elementor-element elementor-element-8df226e elementor-widget elementor-widget-heading\" data-id=\"8df226e\" data-element_type=\"widget\" data-widget_type=\"heading.default\">\n\t\t\t\t<div class=\"elementor-widget-container\">\n\t\t\t\t\t<h1 class=\"elementor-heading-title elementor-size-default\">Patentes\ne\ncertifica\u00e7\u00f5es<\/h1>\t\t\t\t<\/div>\n\t\t\t\t<\/div>\n\t\t\t\t\t<\/div>\n\t\t\t\t<\/div>\n\t\t<div class=\"elementor-element elementor-element-b3c755f e-flex e-con-boxed e-con e-parent\" data-id=\"b3c755f\" data-element_type=\"container\">\n\t\t\t\t\t<div class=\"e-con-inner\">\n\t\t<div class=\"elementor-element elementor-element-c0e2458 e-con-full e-flex e-con e-child\" data-id=\"c0e2458\" data-element_type=\"container\">\n\t\t\t\t<div class=\"elementor-element elementor-element-ac4a8f3 elementor-widget elementor-widget-heading\" data-id=\"ac4a8f3\" data-element_type=\"widget\" data-widget_type=\"heading.default\">\n\t\t\t\t<div class=\"elementor-widget-container\">\n\t\t\t\t\t<h2 class=\"elementor-heading-title elementor-size-default\">Certifica\u00e7\u00e3o de Produtor de Grafeno Verificado<\/h2>\t\t\t\t<\/div>\n\t\t\t\t<\/div>\n\t\t\t\t<div class=\"elementor-element elementor-element-2996569 elementor-widget elementor-widget-text-editor\" data-id=\"2996569\" data-element_type=\"widget\" data-widget_type=\"text-editor.default\">\n\t\t\t\t<div class=\"elementor-widget-container\">\n\t\t\t\t\t\t\t\t\t<p>A Kyorene orgulha-se de ser um Produtor de Grafeno Verificado, uma das cinco \u00fanicas empresas a n\u00edvel mundial, e a \u00fanica empresa de luvas, a obter esta prestigiada certifica\u00e7\u00e3o. Atribu\u00eddo pelo Conselho do Grafeno, a maior comunidade mundial de investigadores, produtores, criadores e especialistas da ind\u00fastria do grafeno, o programa Produtor de Grafeno Verificado \u00e9 a \u00fanica credencial que envolve inspec\u00e7\u00f5es independentes de terceiros \u00e0s instala\u00e7\u00f5es de produ\u00e7\u00e3o de grafeno, verifica\u00e7\u00e3o dos m\u00e9todos de produ\u00e7\u00e3o e avalia\u00e7\u00f5es de volumes e processos de controlo de qualidade.<\/p><p>\u00a0<\/p><p>Esta certifica\u00e7\u00e3o garante aos nossos parceiros e clientes que a Kyorene fornece luvas \u00e0 base de grafeno de alta qualidade, posicionando-nos como l\u00edderes em inova\u00e7\u00e3o, sustentabilidade e compromisso com a excel\u00eancia no sector.<\/p>\t\t\t\t\t\t\t\t<\/div>\n\t\t\t\t<\/div>\n\t\t\t\t<\/div>\n\t\t<div class=\"elementor-element elementor-element-3eee16c e-con-full e-flex e-con e-child\" data-id=\"3eee16c\" data-element_type=\"container\">\n\t\t\t\t<div class=\"elementor-element elementor-element-a41b016 elementor-widget elementor-widget-image\" data-id=\"a41b016\" data-element_type=\"widget\" data-widget_type=\"image.default\">\n\t\t\t\t<div class=\"elementor-widget-container\">\n\t\t\t\t\t\t\t\t\t\t\t\t\t\t\t<img fetchpriority=\"high\" decoding=\"async\" width=\"776\" height=\"1024\" src=\"https:\/\/www.kyorene.com\/staging\/wp-content\/uploads\/2025\/03\/graphene-verified-banner-980x1294-1-776x1024.jpg\" class=\"attachment-large size-large wp-image-3417\" alt=\"\" srcset=\"https:\/\/www.kyorene.com\/staging\/wp-content\/uploads\/2025\/03\/graphene-verified-banner-980x1294-1-776x1024.jpg 776w, https:\/\/www.kyorene.com\/staging\/wp-content\/uploads\/2025\/03\/graphene-verified-banner-980x1294-1-227x300.jpg 227w, https:\/\/www.kyorene.com\/staging\/wp-content\/uploads\/2025\/03\/graphene-verified-banner-980x1294-1-768x1014.jpg 768w, https:\/\/www.kyorene.com\/staging\/wp-content\/uploads\/2025\/03\/graphene-verified-banner-980x1294-1.jpg 980w\" sizes=\"(max-width: 776px) 100vw, 776px\" \/>\t\t\t\t\t\t\t\t\t\t\t\t\t\t\t<\/div>\n\t\t\t\t<\/div>\n\t\t\t\t<\/div>\n\t\t\t\t\t<\/div>\n\t\t\t\t<\/div>\n\t\t<div class=\"elementor-element elementor-element-f89024c e-flex e-con-boxed e-con e-parent\" data-id=\"f89024c\" data-element_type=\"container\">\n\t\t\t\t\t<div class=\"e-con-inner\">\n\t\t<div class=\"elementor-element elementor-element-f24da4d e-con-full e-flex e-con e-child\" data-id=\"f24da4d\" data-element_type=\"container\">\n\t\t\t\t<div class=\"elementor-element elementor-element-122426d elementor-widget elementor-widget-image\" data-id=\"122426d\" data-element_type=\"widget\" data-widget_type=\"image.default\">\n\t\t\t\t<div class=\"elementor-widget-container\">\n\t\t\t\t\t\t\t\t\t\t\t\t\t\t\t<img decoding=\"async\" width=\"1060\" height=\"800\" src=\"https:\/\/www.kyorene.com\/staging\/wp-content\/uploads\/2025\/03\/patents-banner.jpg\" class=\"attachment-full size-full wp-image-3339\" alt=\"\" srcset=\"https:\/\/www.kyorene.com\/staging\/wp-content\/uploads\/2025\/03\/patents-banner.jpg 1060w, https:\/\/www.kyorene.com\/staging\/wp-content\/uploads\/2025\/03\/patents-banner-300x226.jpg 300w, https:\/\/www.kyorene.com\/staging\/wp-content\/uploads\/2025\/03\/patents-banner-1024x773.jpg 1024w, https:\/\/www.kyorene.com\/staging\/wp-content\/uploads\/2025\/03\/patents-banner-768x580.jpg 768w\" sizes=\"(max-width: 1060px) 100vw, 1060px\" \/>\t\t\t\t\t\t\t\t\t\t\t\t\t\t\t<\/div>\n\t\t\t\t<\/div>\n\t\t\t\t<\/div>\n\t\t<div class=\"elementor-element elementor-element-60bf706 e-con-full e-flex e-con e-child\" data-id=\"60bf706\" data-element_type=\"container\">\n\t\t\t\t<div class=\"elementor-element elementor-element-bca112e elementor-widget elementor-widget-heading\" data-id=\"bca112e\" data-element_type=\"widget\" data-widget_type=\"heading.default\">\n\t\t\t\t<div class=\"elementor-widget-container\">\n\t\t\t\t\t<h2 class=\"elementor-heading-title elementor-size-default\">Kyorene\u00ae e Patentes Inovadoras<\/h2>\t\t\t\t<\/div>\n\t\t\t\t<\/div>\n\t\t\t\t<div class=\"elementor-element elementor-element-1bbfcc5 elementor-widget elementor-widget-text-editor\" data-id=\"1bbfcc5\" data-element_type=\"widget\" data-widget_type=\"text-editor.default\">\n\t\t\t\t<div class=\"elementor-widget-container\">\n\t\t\t\t\t\t\t\t\t<p>A Kyorene e a sua empresa-m\u00e3e est\u00e3o na vanguarda da investiga\u00e7\u00e3o e desenvolvimento, investindo continuamente em tecnologias inovadoras e assegurando numerosas patentes.<\/p><p>Um dos nossos principais avan\u00e7os \u00e9 o processo patenteado que transforma o grafeno em fibra, o que levou \u00e0 cria\u00e7\u00e3o da marca Kyorene\u00ae. Esta tecnologia \u00e9 utilizada principalmente na produ\u00e7\u00e3o de luvas de trabalho de alto desempenho, onde as incr\u00edveis propriedades do grafeno o tornam o material ideal para criar luvas resistentes a cortes. Al\u00e9m disso, \u00e9 aplicada em v\u00e1rios produtos t\u00eaxteis, como vestu\u00e1rio desportivo, ganga, casacos, vestu\u00e1rio de trabalho, meias e roupa interior.<\/p><p>Para al\u00e9m da nossa tecnologia de fibra de grafeno, a QS Safety det\u00e9m mais de 70 patentes, algumas com aplica\u00e7\u00f5es globais, sublinhando a nossa lideran\u00e7a no desenvolvimento de solu\u00e7\u00f5es de ponta para seguran\u00e7a e prote\u00e7\u00e3o.<\/p>\t\t\t\t\t\t\t\t<\/div>\n\t\t\t\t<\/div>\n\t\t\t\t<\/div>\n\t\t\t\t\t<\/div>\n\t\t\t\t<\/div>\n\t\t\t\t<\/div>\n\t\t","protected":false},"excerpt":{"rendered":"<p>Patentes e certifica\u00e7\u00f5es Certifica\u00e7\u00e3o de Produtor de Grafeno Verificado A Kyorene orgulha-se de ser um Produtor de Grafeno Verificado, uma das cinco \u00fanicas empresas a n\u00edvel mundial, e a \u00fanica empresa de luvas, a obter esta prestigiada certifica\u00e7\u00e3o. Atribu\u00eddo pelo Conselho do Grafeno, a maior comunidade mundial de investigadores, produtores, criadores e especialistas da ind\u00fastria [&hellip;]<\/p>\n","protected":false},"author":2,"featured_media":0,"parent":0,"menu_order":0,"comment_status":"closed","ping_status":"closed","template":"elementor_header_footer","meta":{"footnotes":""},"class_list":["post-5463","page","type-page","status-publish","hentry"],"yoast_head":"<!-- This site is optimized with the Yoast SEO plugin v26.9 - https:\/\/yoast.com\/product\/yoast-seo-wordpress\/ -->\n<title>Patentes e certifica\u00e7\u00f5es - Kyorene<\/title>\n<meta name=\"robots\" content=\"index, follow, max-snippet:-1, max-image-preview:large, max-video-preview:-1\" \/>\n<link rel=\"canonical\" href=\"https:\/\/www.kyorene.com\/staging\/pt-pt\/patentes-e-certificacoes\/\" \/>\n<meta property=\"og:locale\" content=\"pt_PT\" \/>\n<meta property=\"og:type\" content=\"article\" \/>\n<meta property=\"og:title\" content=\"Patentes e certifica\u00e7\u00f5es - Kyorene\" \/>\n<meta property=\"og:description\" content=\"Patentes e certifica\u00e7\u00f5es Certifica\u00e7\u00e3o de Produtor de Grafeno Verificado A Kyorene orgulha-se de ser um Produtor de Grafeno Verificado, uma das cinco \u00fanicas empresas a n\u00edvel mundial, e a \u00fanica empresa de luvas, a obter esta prestigiada certifica\u00e7\u00e3o. Atribu\u00eddo pelo Conselho do Grafeno, a maior comunidade mundial de investigadores, produtores, criadores e especialistas da ind\u00fastria [&hellip;]\" \/>\n<meta property=\"og:url\" content=\"https:\/\/www.kyorene.com\/staging\/pt-pt\/patentes-e-certificacoes\/\" \/>\n<meta property=\"og:site_name\" content=\"Kyorene\" \/>\n<meta property=\"article:modified_time\" content=\"2025-06-12T23:32:57+00:00\" \/>\n<meta property=\"og:image\" content=\"https:\/\/www.kyorene.com\/staging\/wp-content\/uploads\/2025\/03\/graphene-verified-banner-980x1294-1.jpg\" \/>\n\t<meta property=\"og:image:width\" content=\"980\" \/>\n\t<meta property=\"og:image:height\" content=\"1294\" \/>\n\t<meta property=\"og:image:type\" content=\"image\/jpeg\" \/>\n<meta name=\"twitter:card\" content=\"summary_large_image\" \/>\n<meta name=\"twitter:label1\" content=\"Tempo estimado de leitura\" \/>\n\t<meta name=\"twitter:data1\" content=\"1 minuto\" \/>\n<script type=\"application\/ld+json\" class=\"yoast-schema-graph\">{\"@context\":\"https:\/\/schema.org\",\"@graph\":[{\"@type\":\"WebPage\",\"@id\":\"https:\/\/www.kyorene.com\/staging\/pt-pt\/patentes-e-certificacoes\/\",\"url\":\"https:\/\/www.kyorene.com\/staging\/pt-pt\/patentes-e-certificacoes\/\",\"name\":\"Patentes e certifica\u00e7\u00f5es - Kyorene\",\"isPartOf\":{\"@id\":\"https:\/\/www.kyorene.com\/staging\/#website\"},\"primaryImageOfPage\":{\"@id\":\"https:\/\/www.kyorene.com\/staging\/pt-pt\/patentes-e-certificacoes\/#primaryimage\"},\"image\":{\"@id\":\"https:\/\/www.kyorene.com\/staging\/pt-pt\/patentes-e-certificacoes\/#primaryimage\"},\"thumbnailUrl\":\"https:\/\/www.kyorene.com\/staging\/wp-content\/uploads\/2025\/03\/graphene-verified-banner-980x1294-1-776x1024.jpg\",\"datePublished\":\"2025-02-19T10:56:20+00:00\",\"dateModified\":\"2025-06-12T23:32:57+00:00\",\"breadcrumb\":{\"@id\":\"https:\/\/www.kyorene.com\/staging\/pt-pt\/patentes-e-certificacoes\/#breadcrumb\"},\"inLanguage\":\"pt-PT\",\"potentialAction\":[{\"@type\":\"ReadAction\",\"target\":[\"https:\/\/www.kyorene.com\/staging\/pt-pt\/patentes-e-certificacoes\/\"]}]},{\"@type\":\"ImageObject\",\"inLanguage\":\"pt-PT\",\"@id\":\"https:\/\/www.kyorene.com\/staging\/pt-pt\/patentes-e-certificacoes\/#primaryimage\",\"url\":\"https:\/\/www.kyorene.com\/staging\/wp-content\/uploads\/2025\/03\/graphene-verified-banner-980x1294-1-776x1024.jpg\",\"contentUrl\":\"https:\/\/www.kyorene.com\/staging\/wp-content\/uploads\/2025\/03\/graphene-verified-banner-980x1294-1-776x1024.jpg\"},{\"@type\":\"BreadcrumbList\",\"@id\":\"https:\/\/www.kyorene.com\/staging\/pt-pt\/patentes-e-certificacoes\/#breadcrumb\",\"itemListElement\":[{\"@type\":\"ListItem\",\"position\":1,\"name\":\"Home\",\"item\":\"https:\/\/www.kyorene.com\/staging\/pt-pt\/\"},{\"@type\":\"ListItem\",\"position\":2,\"name\":\"Patentes e certifica\u00e7\u00f5es\"}]},{\"@type\":\"WebSite\",\"@id\":\"https:\/\/www.kyorene.com\/staging\/#website\",\"url\":\"https:\/\/www.kyorene.com\/staging\/\",\"name\":\"Kyorene\",\"description\":\"\",\"publisher\":{\"@id\":\"https:\/\/www.kyorene.com\/staging\/#organization\"},\"potentialAction\":[{\"@type\":\"SearchAction\",\"target\":{\"@type\":\"EntryPoint\",\"urlTemplate\":\"https:\/\/www.kyorene.com\/staging\/?s={search_term_string}\"},\"query-input\":{\"@type\":\"PropertyValueSpecification\",\"valueRequired\":true,\"valueName\":\"search_term_string\"}}],\"inLanguage\":\"pt-PT\"},{\"@type\":\"Organization\",\"@id\":\"https:\/\/www.kyorene.com\/staging\/#organization\",\"name\":\"Kyorene\",\"url\":\"https:\/\/www.kyorene.com\/staging\/\",\"logo\":{\"@type\":\"ImageObject\",\"inLanguage\":\"pt-PT\",\"@id\":\"https:\/\/www.kyorene.com\/staging\/#\/schema\/logo\/image\/\",\"url\":\"https:\/\/www.kyorene.com\/staging\/wp-content\/uploads\/2025\/02\/Kyorene-Europe-Logo-White.png\",\"contentUrl\":\"https:\/\/www.kyorene.com\/staging\/wp-content\/uploads\/2025\/02\/Kyorene-Europe-Logo-White.png\",\"width\":500,\"height\":179,\"caption\":\"Kyorene\"},\"image\":{\"@id\":\"https:\/\/www.kyorene.com\/staging\/#\/schema\/logo\/image\/\"}}]}<\/script>\n<!-- \/ Yoast SEO plugin. -->","yoast_head_json":{"title":"Patentes e certifica\u00e7\u00f5es - Kyorene","robots":{"index":"index","follow":"follow","max-snippet":"max-snippet:-1","max-image-preview":"max-image-preview:large","max-video-preview":"max-video-preview:-1"},"canonical":"https:\/\/www.kyorene.com\/staging\/pt-pt\/patentes-e-certificacoes\/","og_locale":"pt_PT","og_type":"article","og_title":"Patentes e certifica\u00e7\u00f5es - Kyorene","og_description":"Patentes e certifica\u00e7\u00f5es Certifica\u00e7\u00e3o de Produtor de Grafeno Verificado A Kyorene orgulha-se de ser um Produtor de Grafeno Verificado, uma das cinco \u00fanicas empresas a n\u00edvel mundial, e a \u00fanica empresa de luvas, a obter esta prestigiada certifica\u00e7\u00e3o. Atribu\u00eddo pelo Conselho do Grafeno, a maior comunidade mundial de investigadores, produtores, criadores e especialistas da ind\u00fastria [&hellip;]","og_url":"https:\/\/www.kyorene.com\/staging\/pt-pt\/patentes-e-certificacoes\/","og_site_name":"Kyorene","article_modified_time":"2025-06-12T23:32:57+00:00","og_image":[{"width":980,"height":1294,"url":"https:\/\/www.kyorene.com\/staging\/wp-content\/uploads\/2025\/03\/graphene-verified-banner-980x1294-1.jpg","type":"image\/jpeg"}],"twitter_card":"summary_large_image","twitter_misc":{"Tempo estimado de leitura":"1 minuto"},"schema":{"@context":"https:\/\/schema.org","@graph":[{"@type":"WebPage","@id":"https:\/\/www.kyorene.com\/staging\/pt-pt\/patentes-e-certificacoes\/","url":"https:\/\/www.kyorene.com\/staging\/pt-pt\/patentes-e-certificacoes\/","name":"Patentes e certifica\u00e7\u00f5es - Kyorene","isPartOf":{"@id":"https:\/\/www.kyorene.com\/staging\/#website"},"primaryImageOfPage":{"@id":"https:\/\/www.kyorene.com\/staging\/pt-pt\/patentes-e-certificacoes\/#primaryimage"},"image":{"@id":"https:\/\/www.kyorene.com\/staging\/pt-pt\/patentes-e-certificacoes\/#primaryimage"},"thumbnailUrl":"https:\/\/www.kyorene.com\/staging\/wp-content\/uploads\/2025\/03\/graphene-verified-banner-980x1294-1-776x1024.jpg","datePublished":"2025-02-19T10:56:20+00:00","dateModified":"2025-06-12T23:32:57+00:00","breadcrumb":{"@id":"https:\/\/www.kyorene.com\/staging\/pt-pt\/patentes-e-certificacoes\/#breadcrumb"},"inLanguage":"pt-PT","potentialAction":[{"@type":"ReadAction","target":["https:\/\/www.kyorene.com\/staging\/pt-pt\/patentes-e-certificacoes\/"]}]},{"@type":"ImageObject","inLanguage":"pt-PT","@id":"https:\/\/www.kyorene.com\/staging\/pt-pt\/patentes-e-certificacoes\/#primaryimage","url":"https:\/\/www.kyorene.com\/staging\/wp-content\/uploads\/2025\/03\/graphene-verified-banner-980x1294-1-776x1024.jpg","contentUrl":"https:\/\/www.kyorene.com\/staging\/wp-content\/uploads\/2025\/03\/graphene-verified-banner-980x1294-1-776x1024.jpg"},{"@type":"BreadcrumbList","@id":"https:\/\/www.kyorene.com\/staging\/pt-pt\/patentes-e-certificacoes\/#breadcrumb","itemListElement":[{"@type":"ListItem","position":1,"name":"Home","item":"https:\/\/www.kyorene.com\/staging\/pt-pt\/"},{"@type":"ListItem","position":2,"name":"Patentes e certifica\u00e7\u00f5es"}]},{"@type":"WebSite","@id":"https:\/\/www.kyorene.com\/staging\/#website","url":"https:\/\/www.kyorene.com\/staging\/","name":"Kyorene","description":"","publisher":{"@id":"https:\/\/www.kyorene.com\/staging\/#organization"},"potentialAction":[{"@type":"SearchAction","target":{"@type":"EntryPoint","urlTemplate":"https:\/\/www.kyorene.com\/staging\/?s={search_term_string}"},"query-input":{"@type":"PropertyValueSpecification","valueRequired":true,"valueName":"search_term_string"}}],"inLanguage":"pt-PT"},{"@type":"Organization","@id":"https:\/\/www.kyorene.com\/staging\/#organization","name":"Kyorene","url":"https:\/\/www.kyorene.com\/staging\/","logo":{"@type":"ImageObject","inLanguage":"pt-PT","@id":"https:\/\/www.kyorene.com\/staging\/#\/schema\/logo\/image\/","url":"https:\/\/www.kyorene.com\/staging\/wp-content\/uploads\/2025\/02\/Kyorene-Europe-Logo-White.png","contentUrl":"https:\/\/www.kyorene.com\/staging\/wp-content\/uploads\/2025\/02\/Kyorene-Europe-Logo-White.png","width":500,"height":179,"caption":"Kyorene"},"image":{"@id":"https:\/\/www.kyorene.com\/staging\/#\/schema\/logo\/image\/"}}]}},"_links":{"self":[{"href":"https:\/\/www.kyorene.com\/staging\/pt-pt\/wp-json\/wp\/v2\/pages\/5463","targetHints":{"allow":["GET"]}}],"collection":[{"href":"https:\/\/www.kyorene.com\/staging\/pt-pt\/wp-json\/wp\/v2\/pages"}],"about":[{"href":"https:\/\/www.kyorene.com\/staging\/pt-pt\/wp-json\/wp\/v2\/types\/page"}],"author":[{"embeddable":true,"href":"https:\/\/www.kyorene.com\/staging\/pt-pt\/wp-json\/wp\/v2\/users\/2"}],"replies":[{"embeddable":true,"href":"https:\/\/www.kyorene.com\/staging\/pt-pt\/wp-json\/wp\/v2\/comments?post=5463"}],"version-history":[{"count":10,"href":"https:\/\/www.kyorene.com\/staging\/pt-pt\/wp-json\/wp\/v2\/pages\/5463\/revisions"}],"predecessor-version":[{"id":14767,"href":"https:\/\/www.kyorene.com\/staging\/pt-pt\/wp-json\/wp\/v2\/pages\/5463\/revisions\/14767"}],"wp:attachment":[{"href":"https:\/\/www.kyorene.com\/staging\/pt-pt\/wp-json\/wp\/v2\/media?parent=5463"}],"curies":[{"name":"wp","href":"https:\/\/api.w.org\/{rel}","templated":true}]}}